{"id":80736,"date":"2023-12-14T01:37:07","date_gmt":"2023-12-14T00:37:07","guid":{"rendered":"https:\/\/www.soanam.de\/?post_type=product&#038;p=80736"},"modified":"2023-12-14T01:39:37","modified_gmt":"2023-12-14T00:39:37","slug":"greensun-iluminacion-led-6-x-portalamparas-edison-casquillo-e27","status":"publish","type":"product","link":"https:\/\/www.soanam.de\/es\/produkt\/greensun-led-lighting-6-x-edison-lampenfassung-e27-fassung\/","title":{"rendered":"GreenSun LED Iluminaci\u00f3n 6 X casquillo de la l\u00e1mpara Edison E27 z\u00f3calo"},"content":{"rendered":"<p>Base de l\u00e1mpara vintage z\u00f3calo de techo base para l\u00e1mpara colgante adaptador iluminaci\u00f3n base bronce<\/p>\n<h3>Descripci\u00f3n de la<\/h3>\n<p>Informaci\u00f3n sobre este art\u00edculo<br \/>\n(Alta calidad) Portal\u00e1mpara GreenSun E27 Fabricado con materiales de aleaci\u00f3n de aluminio de alta calidad, tama\u00f1o: 92 x 10 mm. Voltaje: 110-240V. La capacidad de carga del casquillo e27 es de hasta 600W.<br \/>\n(Uso seguro) La rosca interna del portal\u00e1mparas e27 es de cer\u00e1mica en su interior, por lo que est\u00e1 bien aislada. El portal\u00e1mparas tambi\u00e9n es antis\u00edsmico y resistente a los impactos. Conforme a la certificaci\u00f3n CE\/ROHS. Alta calidad y muy seguro.<br \/>\n(F\u00e1cil de instalar) Especialmente dise\u00f1ado para E27 est\u00e1ndar, y GreenSun E27 bombilla vintage es perfecto para elegir. Nota: La bombilla y otros accesorios no est\u00e1n incluidos.<br \/>\n(Casquillo estilo retro Edison) La herramienta indispensable para la iluminaci\u00f3n DIY para decorar con ambiente nost\u00e1lgico. GreenSun E27 Edison retro suspensi\u00f3n de la l\u00e1mpara se adapta bien a todos e27 edison bombilla o bombilla decorativa LED con rosca E27.<br \/>\n(Aplicaci\u00f3n) Ideal para bar, escaparate, comedor, cafeter\u00eda, estudio, hall de recepci\u00f3n, sal\u00f3n, tiendas, restaurante, sala de estar, dormitorio, etc.<\/p>","protected":false},"excerpt":{"rendered":"<h4>Artikelmerkmale<\/h4>\n<p>Estado del art\u00edculo: Nuevo con etiqueta: Art\u00edculo nuevo, sin usar y sin estrenar, en su embalaje original.<\/p>\n<table style=\"height: 374px;\" border=\"0\" width=\"379\" frame=\"VOID\" rules=\"NONE\" cellspacing=\"0\">\n<colgroup>\n<col width=\"144\" \/>\n<col width=\"183\" \/><\/colgroup>\n<tbody>\n<tr>\n<td align=\"LEFT\" width=\"144\" height=\"17\">Marca<\/td>\n<td align=\"LEFT\" width=\"183\">\u200eGreenSun LED Lighting<\/td>\n<\/tr>\n<tr>\n<td align=\"LEFT\" height=\"17\">Produktabmessungen<\/td>\n<td align=\"LEFT\">\u200e24 x 10 x 5 cm; 800 Gramm<\/td>\n<\/tr>\n<tr>\n<td align=\"LEFT\" height=\"17\">Modellnummer<\/td>\n<td align=\"LEFT\">\u200eLampenfassung<\/td>\n<\/tr>\n<tr>\n<td align=\"LEFT\" height=\"17\">Hersteller<\/td>\n<td align=\"LEFT\">\u200eGreenSun LED Lighting<\/td>\n<\/tr>\n<tr>\n<td align=\"LEFT\" height=\"17\">Stilrichtung<\/td>\n<td align=\"LEFT\">\u200eVintage<\/td>\n<\/tr>\n<tr>\n<td align=\"LEFT\" height=\"17\">Color<\/td>\n<td align=\"LEFT\">\u200eLampenfassung Bronze<\/td>\n<\/tr>\n<tr>\n<td align=\"LEFT\" height=\"17\">Material<\/td>\n<td align=\"LEFT\">\u200eKeramik, Aluminium<\/td>\n<\/tr>\n<tr>\n<td align=\"LEFT\" height=\"17\">Spannung<\/td>\n<td align=\"LEFT\">\u200e220 Volt<\/td>\n<\/tr>\n<tr>\n<td align=\"LEFT\" height=\"17\">Batterien inbegriffen<\/td>\n<td align=\"LEFT\">\u200eNein<\/td>\n<\/tr>\n<tr>\n<td align=\"LEFT\" height=\"17\">Batterien notwendig<\/td>\n<td align=\"LEFT\">\u200eNein<\/td>\n<\/tr>\n<tr>\n<td align=\"LEFT\" height=\"17\">Lampentyp<\/td>\n<td align=\"LEFT\">\u200eGl\u00fchfaden, LED<\/td>\n<\/tr>\n<tr>\n<td align=\"LEFT\" height=\"17\">Stromverbrauch<\/td>\n<td align=\"LEFT\">\u200e600 Watt<\/td>\n<\/tr>\n<tr>\n<td align=\"LEFT\" height=\"17\">Artikelgewicht<\/td>\n<td align=\"LEFT\">\u200e800 g<\/td>\n<\/tr>\n<\/tbody>\n<\/table>\n<p>&nbsp;<\/p>","protected":false},"featured_media":80842,"comment_status":"open","ping_status":"closed","template":"","meta":{"_seopress_robots_primary_cat":"","_seopress_titles_title":"","_seopress_titles_desc":"","_seopress_robots_index":""},"product_brand":[],"product_cat":[1400,1401],"product_tag":[],"class_list":{"0":"post-80736","1":"product","2":"type-product","3":"status-publish","4":"has-post-thumbnail","6":"product_cat-wohnzubehoer","7":"product_cat-haushaltswaren","8":"product_shipping_class-standard-versand","10":"first","11":"instock","12":"sale","13":"taxable","14":"shipping-taxable","15":"purchasable","16":"product-type-simple"},"_links":{"self":[{"href":"https:\/\/www.soanam.de\/es\/wp-json\/wp\/v2\/product\/80736","targetHints":{"allow":["GET"]}}],"collection":[{"href":"https:\/\/www.soanam.de\/es\/wp-json\/wp\/v2\/product"}],"about":[{"href":"https:\/\/www.soanam.de\/es\/wp-json\/wp\/v2\/types\/product"}],"replies":[{"embeddable":true,"href":"https:\/\/www.soanam.de\/es\/wp-json\/wp\/v2\/comments?post=80736"}],"wp:featuredmedia":[{"embeddable":true,"href":"https:\/\/www.soanam.de\/es\/wp-json\/wp\/v2\/media\/80842"}],"wp:attachment":[{"href":"https:\/\/www.soanam.de\/es\/wp-json\/wp\/v2\/media?parent=80736"}],"wp:term":[{"taxonomy":"product_brand","embeddable":true,"href":"https:\/\/www.soanam.de\/es\/wp-json\/wp\/v2\/product_brand?post=80736"},{"taxonomy":"product_cat","embeddable":true,"href":"https:\/\/www.soanam.de\/es\/wp-json\/wp\/v2\/product_cat?post=80736"},{"taxonomy":"product_tag","embeddable":true,"href":"https:\/\/www.soanam.de\/es\/wp-json\/wp\/v2\/product_tag?post=80736"}],"curies":[{"name":"wp","href":"https:\/\/api.w.org\/{rel}","templated":true}]}}