{"id":80694,"date":"2023-12-14T01:36:16","date_gmt":"2023-12-14T00:36:16","guid":{"rendered":"https:\/\/www.soanam.de\/?post_type=product&#038;p=80694"},"modified":"2023-12-14T01:38:34","modified_gmt":"2023-12-14T00:38:34","slug":"tommy-hilfiger-kapuzensweatjacke-core-cotton-zip-hoodie-in-desert-sky-groesse-m","status":"publish","type":"product","link":"https:\/\/www.soanam.de\/es\/produkt\/tommy-hilfiger-kapuzensweatjacke-core-cotton-zip-hoodie-in-desert-sky-groesse-m\/","title":{"rendered":"Tommy Hilfiger Sudadera con capucha CORE COTTON ZIP HOODIE, en Desert Sky, talla M"},"content":{"rendered":"<p>Kapuzensweatjacke von Tommy Hilfiger<br \/>\nRei\u00dfverschluss in Tommy Farbe<br \/>\nCorte normal<br \/>\nCapucha con cord\u00f3n<br \/>\nKleine Logostickerei auf der Brust<br \/>\nDe algod\u00f3n puro<\/p>\n<p>Die Kapuzensweatjacke CORE COTTON ZIP HOODIE von Tommy Hilfiger ist ein Basic, wie wir es lieben.<br \/>\nDie langen \u00c4rmel schlie\u00dfen, wie auch der Saumabschluss, mit einem Rippb\u00fcndchen ab.<br \/>\nDie gef\u00fctterte Kapuze kannst du mit einem Kordelzug individuell anpassen.<br \/>\nIn der K\u00e4ngurutasche kannst du Dinge, die du unterwegs brauchst, aufbewahren.<br \/>\nDie Sweatjacke ist durch die Baumwollmischung feuchtigkeitsregulierend und gleichzeitig widerstandsf\u00e4hig<\/p>\n<p>Material: Obermaterial: 100% Baumwolle<br \/>\nInstrucciones de cuidado: Lavar a m\u00e1quina<\/p>\n<p>Color: cielo des\u00e9rtico<br \/>\nMotivo: Logotipo bordado<br \/>\nTalla: M<\/p>\n<p>Anchura de los hombros: 43 cm<br \/>\nAnchura del pecho: 110 cm<br \/>\nLongitud de la manga: 68 cm<br \/>\nLongitud total: 69 cm<\/p>","protected":false},"excerpt":{"rendered":"<table class=\"dv_characteristicsTable\">\n<tbody>\n<tr>\n<td class=\"left\">Talla<\/td>\n<td>M<\/td>\n<\/tr>\n<tr>\n<td class=\"left\">Gr\u00f6\u00dfentyp<\/td>\n<td>Normalgr\u00f6\u00dfen<\/td>\n<\/tr>\n<tr>\n<td class=\"left\">Composici\u00f3n del material<\/td>\n<td>Obermaterial: 100% Baumwolle<\/td>\n<\/tr>\n<tr>\n<td class=\"left\">Instrucciones de cuidado<\/td>\n<td>Lavado a m\u00e1quina<\/td>\n<\/tr>\n<tr>\n<td class=\"left\">Stil<\/td>\n<td>casual<\/td>\n<\/tr>\n<tr>\n<td class=\"left\">Color<\/td>\n<td>desert-sky<\/td>\n<\/tr>\n<tr>\n<td class=\"left\">\u00c4rmel<\/td>\n<td>Manga larga<\/td>\n<\/tr>\n<tr>\n<td class=\"left\">\u00c4rmelabschluss<\/td>\n<td>Pu\u00f1os de canal\u00e9<\/td>\n<\/tr>\n<tr>\n<td class=\"left\">Rumpfabschluss<\/td>\n<td>Pu\u00f1os de canal\u00e9<\/td>\n<\/tr>\n<tr>\n<td class=\"left\">Ajuste<\/td>\n<td>normal<\/td>\n<\/tr>\n<tr>\n<td class=\"left\">Cap\u00f3<\/td>\n<td>mit Kapuze<\/td>\n<\/tr>\n<tr>\n<td class=\"left\">Kapuzendetails<\/td>\n<td>mit Kordelzug<\/td>\n<\/tr>\n<tr>\n<td class=\"left\">Kapuzenf\u00fctterung<\/td>\n<td>Ton in Ton<\/td>\n<\/tr>\n<tr>\n<td class=\"left\">Bolsas<\/td>\n<td>Bolsillo canguro<\/td>\n<\/tr>\n<tr>\n<td class=\"left\">Verschluss<\/td>\n<td>Cierre de cremallera<\/td>\n<\/tr>\n<tr>\n<td class=\"left\">Verschlussdetails<\/td>\n<td>durchgehend<\/td>\n<\/tr>\n<\/tbody>\n<\/table>","protected":false},"featured_media":80806,"comment_status":"open","ping_status":"closed","template":"","meta":{"_seopress_robots_primary_cat":"","_seopress_titles_title":"","_seopress_titles_desc":"","_seopress_robots_index":""},"product_brand":[],"product_cat":[1345,1363,1365,1371,1572],"product_tag":[],"class_list":{"0":"post-80694","1":"product","2":"type-product","3":"status-publish","4":"has-post-thumbnail","6":"product_cat-herrenmode","7":"product_cat-jacken-maentel-herrenmode","8":"product_cat-sportbekleidung","9":"product_cat-jacken","10":"product_cat-blousons-sommerjacken","11":"product_shipping_class-standard-versand","13":"first","14":"instock","15":"sale","16":"taxable","17":"shipping-taxable","18":"purchasable","19":"product-type-simple"},"_links":{"self":[{"href":"https:\/\/www.soanam.de\/es\/wp-json\/wp\/v2\/product\/80694","targetHints":{"allow":["GET"]}}],"collection":[{"href":"https:\/\/www.soanam.de\/es\/wp-json\/wp\/v2\/product"}],"about":[{"href":"https:\/\/www.soanam.de\/es\/wp-json\/wp\/v2\/types\/product"}],"replies":[{"embeddable":true,"href":"https:\/\/www.soanam.de\/es\/wp-json\/wp\/v2\/comments?post=80694"}],"wp:featuredmedia":[{"embeddable":true,"href":"https:\/\/www.soanam.de\/es\/wp-json\/wp\/v2\/media\/80806"}],"wp:attachment":[{"href":"https:\/\/www.soanam.de\/es\/wp-json\/wp\/v2\/media?parent=80694"}],"wp:term":[{"taxonomy":"product_brand","embeddable":true,"href":"https:\/\/www.soanam.de\/es\/wp-json\/wp\/v2\/product_brand?post=80694"},{"taxonomy":"product_cat","embeddable":true,"href":"https:\/\/www.soanam.de\/es\/wp-json\/wp\/v2\/product_cat?post=80694"},{"taxonomy":"product_tag","embeddable":true,"href":"https:\/\/www.soanam.de\/es\/wp-json\/wp\/v2\/product_tag?post=80694"}],"curies":[{"name":"wp","href":"https:\/\/api.w.org\/{rel}","templated":true}]}}