{"id":80673,"date":"2023-12-14T01:35:52","date_gmt":"2023-12-14T00:35:52","guid":{"rendered":"https:\/\/www.soanam.de\/?post_type=product&#038;p=80673"},"modified":"2023-12-14T01:38:18","modified_gmt":"2023-12-14T00:38:18","slug":"tommy-jeans-sweatjacke-mit-logo-detail-in-marine-groesse-l","status":"publish","type":"product","link":"https:\/\/www.soanam.de\/es\/produkt\/tommy-jeans-sweatjacke-mit-logo-detail-in-marine-groesse-l\/","title":{"rendered":"Chaqueta de ch\u00e1ndal Tommy Jeans con detalle de logotipo, en azul marino, talla L"},"content":{"rendered":"<p>Sweatjacke von Tommy Jeans<br \/>\nCorte recto<br \/>\nCuello alto<br \/>\nCierre de cremallera<br \/>\nPu\u00f1os de canal\u00e9<br \/>\nLeistentaschen<br \/>\nLogo-Detail<br \/>\nReine Baumwolle<\/p>\n<p>Die Sweatjacke von Tommy Jeans ist aus reiner Baumwolle gefertigt und gerade geschnitten.<br \/>\nSie kommt mit Stehkragen, Rei\u00dfverschluss und Logo-Detail.<br \/>\nEine Basic Jacke nicht nur f\u00fcr k\u00fchle Sommern\u00e4chte.<\/p>\n<p>Material: Obermaterial: 100% Baumwolle<br \/>\nInstrucciones de cuidado: Lavar a m\u00e1quina<\/p>\n<p>Color: azul marino<br \/>\nMuster: Markenlogo<br \/>\nTalla: L<\/p>\n<p>Anchura de los hombros: 45 cm<br \/>\nAnchura del pecho: 114 cm<br \/>\nLongitud de la manga: 68 cm<br \/>\nLongitud total: 76 cm<\/p>\n<p>Este nuevo art\u00edculo es una devoluci\u00f3n de un cliente sin etiqueta.<\/p>","protected":false},"excerpt":{"rendered":"<table class=\"dv_characteristicsTable\">\n<tbody>\n<tr>\n<td class=\"left\">Talla<\/td>\n<td>L<\/td>\n<\/tr>\n<tr>\n<td class=\"left\">Gr\u00f6\u00dfentyp<\/td>\n<td>Normalgr\u00f6\u00dfen<\/td>\n<\/tr>\n<tr>\n<td class=\"left\">Composici\u00f3n del material<\/td>\n<td>Obermaterial: 100% Baumwolle<\/td>\n<\/tr>\n<tr>\n<td class=\"left\">Materialart<\/td>\n<td>Sweatware<\/td>\n<\/tr>\n<tr>\n<td class=\"left\">Instrucciones de cuidado<\/td>\n<td>Lavado a m\u00e1quina<\/td>\n<\/tr>\n<tr>\n<td class=\"left\">Stil<\/td>\n<td>casual<\/td>\n<\/tr>\n<tr>\n<td class=\"left\">Herstellerfarbbezeichnung<\/td>\n<td>desert sky<\/td>\n<\/tr>\n<tr>\n<td class=\"left\">Color<\/td>\n<td>marina<\/td>\n<\/tr>\n<tr>\n<td class=\"left\">\u00c4rmel<\/td>\n<td>Manga larga<\/td>\n<\/tr>\n<tr>\n<td class=\"left\">Ajuste<\/td>\n<td>normal<\/td>\n<\/tr>\n<tr>\n<td class=\"left\">Cap\u00f3<\/td>\n<td>ohne Kapuze<\/td>\n<\/tr>\n<tr>\n<td class=\"left\">detalles<\/td>\n<td>Cuello alto<\/td>\n<\/tr>\n<tr>\n<td class=\"left\">F\u00fctterung<\/td>\n<td>ohne<\/td>\n<\/tr>\n<tr>\n<td class=\"left\">Bolsas<\/td>\n<td>Bolsillos<\/td>\n<\/tr>\n<tr>\n<td class=\"left\">Verschluss<\/td>\n<td>Cierre de cremallera<\/td>\n<\/tr>\n<\/tbody>\n<\/table>","protected":false},"featured_media":80791,"comment_status":"open","ping_status":"closed","template":"","meta":{"_seopress_robots_primary_cat":"","_seopress_titles_title":"","_seopress_titles_desc":"","_seopress_robots_index":""},"product_brand":[],"product_cat":[1345,1363,1365,1371,1572],"product_tag":[],"class_list":{"0":"post-80673","1":"product","2":"type-product","3":"status-publish","4":"has-post-thumbnail","6":"product_cat-herrenmode","7":"product_cat-jacken-maentel-herrenmode","8":"product_cat-sportbekleidung","9":"product_cat-jacken","10":"product_cat-blousons-sommerjacken","11":"product_shipping_class-standard-versand","13":"first","14":"instock","15":"sale","16":"taxable","17":"shipping-taxable","18":"purchasable","19":"product-type-simple"},"_links":{"self":[{"href":"https:\/\/www.soanam.de\/es\/wp-json\/wp\/v2\/product\/80673","targetHints":{"allow":["GET"]}}],"collection":[{"href":"https:\/\/www.soanam.de\/es\/wp-json\/wp\/v2\/product"}],"about":[{"href":"https:\/\/www.soanam.de\/es\/wp-json\/wp\/v2\/types\/product"}],"replies":[{"embeddable":true,"href":"https:\/\/www.soanam.de\/es\/wp-json\/wp\/v2\/comments?post=80673"}],"wp:featuredmedia":[{"embeddable":true,"href":"https:\/\/www.soanam.de\/es\/wp-json\/wp\/v2\/media\/80791"}],"wp:attachment":[{"href":"https:\/\/www.soanam.de\/es\/wp-json\/wp\/v2\/media?parent=80673"}],"wp:term":[{"taxonomy":"product_brand","embeddable":true,"href":"https:\/\/www.soanam.de\/es\/wp-json\/wp\/v2\/product_brand?post=80673"},{"taxonomy":"product_cat","embeddable":true,"href":"https:\/\/www.soanam.de\/es\/wp-json\/wp\/v2\/product_cat?post=80673"},{"taxonomy":"product_tag","embeddable":true,"href":"https:\/\/www.soanam.de\/es\/wp-json\/wp\/v2\/product_tag?post=80673"}],"curies":[{"name":"wp","href":"https:\/\/api.w.org\/{rel}","templated":true}]}}