{"id":80655,"date":"2023-12-14T01:35:19","date_gmt":"2023-12-14T00:35:19","guid":{"rendered":"https:\/\/www.soanam.de\/?post_type=product&#038;p=80655"},"modified":"2023-12-14T01:38:06","modified_gmt":"2023-12-14T00:38:06","slug":"tommy-hilfiger-chaqueta-con-capucha-sudadera-basica-forrada-de-piel-en-azul-marino-talla-xl","status":"publish","type":"product","link":"https:\/\/www.soanam.de\/es\/produkt\/tommy-hilfiger-kapuzensweatjacke-basic-fur-lined-hoodie-in-marine-groesse-xl\/","title":{"rendered":"Tommy Hilfiger sudadera con capucha BASIC FUR LINED HOODIE, en azul marino, talla XL"},"content":{"rendered":"<p>Chaqueta con capucha forrada de Tommy Hilfiger<br \/>\nDise\u00f1o sencillo<br \/>\nCorte normal<br \/>\nCapucha con cord\u00f3n y piel sint\u00e9tica<br \/>\nDos bolsillos laterales<br \/>\nLogotipo bordado en bandera<br \/>\nDe puro algod\u00f3n org\u00e1nico<br \/>\nAcabados en mangas, cintura, bolsillos y capucha en los colores t\u00edpicos de Hilfiger<\/p>\n<p>La sudadera con capucha de Tommy Hilfiger es un b\u00e1sico que no puede faltar en ning\u00fan armario.<br \/>\nPuedes ajustar la anchura de la capucha con un cord\u00f3n. El forro de piel sint\u00e9tica mantiene la cabeza y las orejas calientes.<br \/>\nEl resto tambi\u00e9n est\u00e1 forrado con un forro suave y acogedor, y los bolsillos con aberturas mantienen a buen recaudo tu smartphone o tus monedas.<br \/>\nEl algod\u00f3n hace que la chaqueta sea ligera, de secado r\u00e1pido y termorreguladora.<\/p>\n<p>Material: material exterior: algod\u00f3n 100%, piel sint\u00e9tica: poli\u00e9ster 100%<br \/>\nInstrucciones de cuidado: Lavar a m\u00e1quina<\/p>\n<p>Color: cielo des\u00e9rtico<br \/>\nPatr\u00f3n: sin<br \/>\nTalla: XL<\/p>\n<p>Anchura de los hombros: 53 cm<br \/>\nAnchura del pecho: 122 cm<br \/>\nLongitud de la manga: 66 cm<br \/>\nLongitud total: 72 cm<\/p>","protected":false},"excerpt":{"rendered":"<table class=\"dv_characteristicsTable\">\n<tbody>\n<tr>\n<td class=\"left\">Talla<\/td>\n<td>XL<\/td>\n<\/tr>\n<tr>\n<td class=\"left\">Gr\u00f6\u00dfentyp<\/td>\n<td>Normalgr\u00f6\u00dfen<\/td>\n<\/tr>\n<tr>\n<td class=\"left\">Composici\u00f3n del material<\/td>\n<td>Obermaterial: 100% Baumwolle, Pelzimitat: 100% Polyester<\/td>\n<\/tr>\n<tr>\n<td class=\"left\">Materialart<\/td>\n<td>Sweatware<\/td>\n<\/tr>\n<tr>\n<td class=\"left\">Instrucciones de cuidado<\/td>\n<td>Lavado a m\u00e1quina<\/td>\n<\/tr>\n<tr>\n<td class=\"left\">Stil<\/td>\n<td>casual<\/td>\n<\/tr>\n<tr>\n<td class=\"left\">Herstellerfarbbezeichnung<\/td>\n<td>desert sky<\/td>\n<\/tr>\n<tr>\n<td class=\"left\">Color<\/td>\n<td>marina<\/td>\n<\/tr>\n<tr>\n<td class=\"left\">\u00c4rmel<\/td>\n<td>Manga larga<\/td>\n<\/tr>\n<tr>\n<td class=\"left\">Ajuste<\/td>\n<td>normal<\/td>\n<\/tr>\n<tr>\n<td class=\"left\">Cap\u00f3<\/td>\n<td>mit Kapuze<\/td>\n<\/tr>\n<tr>\n<td class=\"left\">Kapuzendetails<\/td>\n<td>mit Kordelzug<\/td>\n<\/tr>\n<tr>\n<td class=\"left\">F\u00fctterung<\/td>\n<td>Fellimitat<\/td>\n<\/tr>\n<tr>\n<td class=\"left\">Bolsas<\/td>\n<td>Bolsillos<\/td>\n<\/tr>\n<tr>\n<td class=\"left\">Verschluss<\/td>\n<td>Cierre de cremallera<\/td>\n<\/tr>\n<\/tbody>\n<\/table>","protected":false},"featured_media":80784,"comment_status":"open","ping_status":"closed","template":"","meta":{"_seopress_robots_primary_cat":"","_seopress_titles_title":"","_seopress_titles_desc":"","_seopress_robots_index":""},"product_brand":[],"product_cat":[1345,1363,1365,1371,1572],"product_tag":[],"class_list":{"0":"post-80655","1":"product","2":"type-product","3":"status-publish","4":"has-post-thumbnail","6":"product_cat-herrenmode","7":"product_cat-jacken-maentel-herrenmode","8":"product_cat-sportbekleidung","9":"product_cat-jacken","10":"product_cat-blousons-sommerjacken","11":"product_shipping_class-standard-versand","13":"first","14":"instock","15":"sale","16":"taxable","17":"shipping-taxable","18":"purchasable","19":"product-type-simple"},"_links":{"self":[{"href":"https:\/\/www.soanam.de\/es\/wp-json\/wp\/v2\/product\/80655","targetHints":{"allow":["GET"]}}],"collection":[{"href":"https:\/\/www.soanam.de\/es\/wp-json\/wp\/v2\/product"}],"about":[{"href":"https:\/\/www.soanam.de\/es\/wp-json\/wp\/v2\/types\/product"}],"replies":[{"embeddable":true,"href":"https:\/\/www.soanam.de\/es\/wp-json\/wp\/v2\/comments?post=80655"}],"wp:featuredmedia":[{"embeddable":true,"href":"https:\/\/www.soanam.de\/es\/wp-json\/wp\/v2\/media\/80784"}],"wp:attachment":[{"href":"https:\/\/www.soanam.de\/es\/wp-json\/wp\/v2\/media?parent=80655"}],"wp:term":[{"taxonomy":"product_brand","embeddable":true,"href":"https:\/\/www.soanam.de\/es\/wp-json\/wp\/v2\/product_brand?post=80655"},{"taxonomy":"product_cat","embeddable":true,"href":"https:\/\/www.soanam.de\/es\/wp-json\/wp\/v2\/product_cat?post=80655"},{"taxonomy":"product_tag","embeddable":true,"href":"https:\/\/www.soanam.de\/es\/wp-json\/wp\/v2\/product_tag?post=80655"}],"curies":[{"name":"wp","href":"https:\/\/api.w.org\/{rel}","templated":true}]}}