{"id":80653,"date":"2023-12-14T01:35:18","date_gmt":"2023-12-14T00:35:18","guid":{"rendered":"https:\/\/www.soanam.de\/?post_type=product&#038;p=80653"},"modified":"2023-12-14T01:37:56","modified_gmt":"2023-12-14T00:37:56","slug":"qikour-fahrradvorbau-kurzer-fahrradvorbau-lenkererhoehung-extender-fuer-rennrad","status":"publish","type":"product","link":"https:\/\/www.soanam.de\/es\/produkt\/qikour-fahrradvorbau-kurzer-fahrradvorbau-lenkererhoehung-extender-fuer-rennrad\/","title":{"rendered":"Qikour Fahrradvorbau, Kurzer Fahrradvorbau, Lenkererh\u00f6hung Extender f\u00fcr Rennrad"},"content":{"rendered":"<h3>Descripci\u00f3n de la<\/h3>\n<p>Der Fahrradventilschaft ist hochfest CNC-gefr\u00e4st.<br \/>\nDer MTB-Ventilschaft ist einfach zu installieren, schlie\u00dfen Sie einfach das alte Gabelrohr an. Vier Bolzenstangenklemmen sichern den Lenker.<br \/>\nUniverselle kurze Fahrradstange, geeignet f\u00fcr die meisten Rennr\u00e4der, Fixed-Gear-Bikes, Mountainbikes, Downhill-Bikes, Bahnr\u00e4der, Mountainbikes, BMX usw.<br \/>\nDer Fahrradstangen-Riser ist die beste Wahl f\u00fcr Radfahrer, DIY-Upgrade-Fahrr\u00e4der und komfortableres Fahren.<br \/>\nFarbe schwarz<br \/>\nMaterial: Aluminiumlegierung<br \/>\nGr\u00f6\u00dfe: Durchmesser: 31,8 mm \/ 25,4 mm; Gabelschaftdurchmesser: 28,6 mm, L\u00e4nge: 35 mm<\/p>\n<p><strong>Contenido del paquete:<\/strong><\/p>\n<p>1 x Fahrradvorbau<br \/>\nNur der oben genannte Paketinhalt, andere Produkte sind nicht enthalten.<br \/>\nHinweis: Lichtaufnahmen und unterschiedliche Anzeigen k\u00f6nnen dazu f\u00fchren, dass die Farbe des Elements auf dem Bild ein wenig von der Realit\u00e4t abweicht. Der zul\u00e4ssige Messfehler betr\u00e4gt +\/- 1-3 cm.<\/p>","protected":false},"excerpt":{"rendered":"<p>Beschreibung Der Fahrradventilschaft ist hochfest CNC-gefr\u00e4st. Der MTB-Ventilschaft ist einfach zu installieren, schlie\u00dfen Sie einfach das alte Gabelrohr an. Vier Bolzenstangenklemmen sichern den Lenker. Universelle kurze Fahrradstange, geeignet f\u00fcr die meisten Rennr\u00e4der, Fixed-Gear-Bikes, Mountainbikes, Downhill-Bikes, Bahnr\u00e4der, Mountainbikes, BMX usw. Der Fahrradstangen-Riser ist die beste Wahl f\u00fcr Radfahrer, DIY-Upgrade-Fahrr\u00e4der und komfortableres Fahren. Farbe schwarz Material: Aluminiumlegierung [&hellip;]<\/p>\n","protected":false},"featured_media":80771,"comment_status":"open","ping_status":"closed","template":"","meta":{"_seopress_robots_primary_cat":"","_seopress_titles_title":"","_seopress_titles_desc":"","_seopress_robots_index":""},"product_brand":[],"product_cat":[1730],"product_tag":[],"class_list":{"0":"post-80653","1":"product","2":"type-product","3":"status-publish","4":"has-post-thumbnail","6":"product_cat-sonstiges-2","7":"product_shipping_class-standard-versand","9":"first","10":"instock","11":"sale","12":"taxable","13":"shipping-taxable","14":"purchasable","15":"product-type-simple"},"_links":{"self":[{"href":"https:\/\/www.soanam.de\/es\/wp-json\/wp\/v2\/product\/80653","targetHints":{"allow":["GET"]}}],"collection":[{"href":"https:\/\/www.soanam.de\/es\/wp-json\/wp\/v2\/product"}],"about":[{"href":"https:\/\/www.soanam.de\/es\/wp-json\/wp\/v2\/types\/product"}],"replies":[{"embeddable":true,"href":"https:\/\/www.soanam.de\/es\/wp-json\/wp\/v2\/comments?post=80653"}],"wp:featuredmedia":[{"embeddable":true,"href":"https:\/\/www.soanam.de\/es\/wp-json\/wp\/v2\/media\/80771"}],"wp:attachment":[{"href":"https:\/\/www.soanam.de\/es\/wp-json\/wp\/v2\/media?parent=80653"}],"wp:term":[{"taxonomy":"product_brand","embeddable":true,"href":"https:\/\/www.soanam.de\/es\/wp-json\/wp\/v2\/product_brand?post=80653"},{"taxonomy":"product_cat","embeddable":true,"href":"https:\/\/www.soanam.de\/es\/wp-json\/wp\/v2\/product_cat?post=80653"},{"taxonomy":"product_tag","embeddable":true,"href":"https:\/\/www.soanam.de\/es\/wp-json\/wp\/v2\/product_tag?post=80653"}],"curies":[{"name":"wp","href":"https:\/\/api.w.org\/{rel}","templated":true}]}}