{"id":80611,"date":"2023-12-14T01:34:27","date_gmt":"2023-12-14T00:34:27","guid":{"rendered":"https:\/\/www.soanam.de\/?post_type=product&#038;p=80611"},"modified":"2023-12-14T01:36:45","modified_gmt":"2023-12-14T00:36:45","slug":"thomas-hohensee-staerker-als-das-groesste-leid-taschenbuch-deutsch-2018","status":"publish","type":"product","link":"https:\/\/www.soanam.de\/es\/produkt\/thomas-hohensee-staerker-als-das-groesste-leid-taschenbuch-deutsch-2018\/","title":{"rendered":"Thomas Hohensee - St\u00e4rker als das gr\u00f6\u00dfte Leid, Taschenbuch, Deutsch, 2018"},"content":{"rendered":"<h3>Descripci\u00f3n del producto<\/h3>\n<p>In drei Schritten unersch\u00fctterlich durchs Leben<\/p>\n<p>Jeder Mensch erf\u00e4hrt Leid. Einige zerbrechen daran. Anderen gelingt es, angesichts von kleinen und gro\u00dfen Katastrophen ihre innere Kraft zu mobilisieren. W\u00e4re es nicht wunderbar, so gefasst bleiben zu k\u00f6nnen wie diese? Wie gelingt es, trotz schmerzlicher Erfahrungen die Lebensfreude nicht zu verlieren? Thomas Hohensee beschreibt die drei Schritte zu mehr Unersch\u00fctterlichkeit. Sie basieren auf den Erkenntnissen der Traumaforschung, der Kognitiven Verhaltenstherapie sowie den jahrtausendealten Weisheiten der Taoisten, der Stoiker und des Buddha. Ergreifende Geschichten von Menschen, die \u00fcber ihr Leid triumphiert haben, motivieren, es ihnen gleichzutun.<\/p>\n<p><strong>Detalles del producto<\/strong><br \/>\nCubierta: R\u00fastica<br \/>\nSeitenzahl: 160<br \/>\nErscheinungsdatum: 07.06.2018<br \/>\nIdioma: alem\u00e1n<br \/>\nISBN: 978-3-485-02952-0<br \/>\nVerlag: Nymphenburger Verlag<br \/>\nMa\u00dfe (L\/B\/H): 21,6\/13,4\/1,7 cm<br \/>\nGewicht: 238 g<br \/>\nAbbildungen: Raster, schwarz-weiss, farbige Illustrationen, Raster, farbig, schwarz-weiss Illustrationen<br \/>\nAuflage: 1<\/p>","protected":false},"excerpt":{"rendered":"<h3>Artikelmerkmale<\/h3>\n<p>Artikelzustand: Neu - Neues, ungelesenes, ungebrauchtes Buch in makellosem Zustand<\/p>\n<table dir=\"ltr\" border=\"1\" cellspacing=\"0\" cellpadding=\"0\">\n<colgroup>\n<col width=\"194\" \/>\n<col width=\"312\" \/><\/colgroup>\n<tbody>\n<tr>\n<td data-sheets-value=\"{&quot;1&quot;:2,&quot;2&quot;:&quot;Altersempfehlung:&quot;}\">Altersempfehlung:<\/td>\n<td data-sheets-value=\"{&quot;1&quot;:2,&quot;2&quot;:&quot;Erwachsene, Jugendliche&quot;}\">Erwachsene, Jugendliche<\/td>\n<\/tr>\n<tr>\n<td data-sheets-value=\"{&quot;1&quot;:2,&quot;2&quot;:&quot;Anzahl der Seiten:&quot;}\">Anzahl der Seiten:<\/td>\n<td data-sheets-value=\"{&quot;1&quot;:2,&quot;2&quot;:&quot;160 Seiten&quot;}\">160 p\u00e1ginas<\/td>\n<\/tr>\n<tr>\n<td data-sheets-value=\"{&quot;1&quot;:2,&quot;2&quot;:&quot;Autor:&quot;}\">Autor:<\/td>\n<td data-sheets-value=\"{&quot;1&quot;:2,&quot;2&quot;:&quot;Thomas Hohensee&quot;}\">Thomas Hohensee<\/td>\n<\/tr>\n<tr>\n<td data-sheets-value=\"{&quot;1&quot;:2,&quot;2&quot;:&quot;Buchtitel:&quot;}\">Buchtitel:<\/td>\n<td data-sheets-value=\"{&quot;1&quot;:2,&quot;2&quot;:&quot;St\u00e4rker als das Gr\u00f6\u00dfte Leid&quot;}\">St\u00e4rker als das Gr\u00f6\u00dfte Leid<\/td>\n<\/tr>\n<tr>\n<td data-sheets-value=\"{&quot;1&quot;:2,&quot;2&quot;:&quot;Eigenschaften:&quot;}\">Propiedades:<\/td>\n<td data-sheets-value=\"{&quot;1&quot;:2,&quot;2&quot;:&quot;Erstausgabe&quot;}\">Erstausgabe<\/td>\n<\/tr>\n<tr>\n<td data-sheets-value=\"{&quot;1&quot;:2,&quot;2&quot;:&quot;Erscheinungsjahr:&quot;}\">Erscheinungsjahr:<\/td>\n<td data-sheets-value=\"{&quot;1&quot;:3,&quot;3&quot;:2018}\">2018<\/td>\n<\/tr>\n<tr>\n<td data-sheets-value=\"{&quot;1&quot;:2,&quot;2&quot;:&quot;Format:&quot;}\">Format:<\/td>\n<td data-sheets-value=\"{&quot;1&quot;:2,&quot;2&quot;:&quot;Taschenbuch&quot;}\">R\u00fastica<\/td>\n<\/tr>\n<tr>\n<td data-sheets-value=\"{&quot;1&quot;:2,&quot;2&quot;:&quot;Herstellungsland und -region:&quot;}\">Herstellungsland und -region:<\/td>\n<td data-sheets-value=\"{&quot;1&quot;:2,&quot;2&quot;:&quot;Deutschland&quot;}\">Alemania<\/td>\n<\/tr>\n<tr>\n<td data-sheets-value=\"{&quot;1&quot;:2,&quot;2&quot;:&quot;ISBN:&quot;}\">ISBN:<\/td>\n<td data-sheets-value=\"{&quot;1&quot;:3,&quot;3&quot;:9783485029520}\">9783485029520<\/td>\n<\/tr>\n<tr>\n<td data-sheets-value=\"{&quot;1&quot;:2,&quot;2&quot;:&quot;Modifizierter Artikel:&quot;}\">Modifizierter Artikel:<\/td>\n<td data-sheets-value=\"{&quot;1&quot;:2,&quot;2&quot;:&quot;Nein&quot;}\">Nein<\/td>\n<\/tr>\n<tr>\n<td data-sheets-value=\"{&quot;1&quot;:2,&quot;2&quot;:&quot;Originalsprache:&quot;}\">Originalsprache:<\/td>\n<td data-sheets-value=\"{&quot;1&quot;:2,&quot;2&quot;:&quot;Deutsch&quot;}\">Alem\u00e1n<\/td>\n<\/tr>\n<tr>\n<td data-sheets-value=\"{&quot;1&quot;:2,&quot;2&quot;:&quot;Produktart:&quot;}\">Produktart:<\/td>\n<td data-sheets-value=\"{&quot;1&quot;:2,&quot;2&quot;:&quot;Ratgeber&quot;}\">Consejero<\/td>\n<\/tr>\n<tr>\n<td data-sheets-value=\"{&quot;1&quot;:2,&quot;2&quot;:&quot;Sprache:&quot;}\">Sprache:<\/td>\n<td data-sheets-value=\"{&quot;1&quot;:2,&quot;2&quot;:&quot;Deutsch&quot;}\">Alem\u00e1n<\/td>\n<\/tr>\n<tr>\n<td data-sheets-value=\"{&quot;1&quot;:2,&quot;2&quot;:&quot;Thema:&quot;}\">Thema:<\/td>\n<td data-sheets-value=\"{&quot;1&quot;:2,&quot;2&quot;:&quot;innere St\u00e4rke&quot;}\">innere St\u00e4rke<\/td>\n<\/tr>\n<tr>\n<td data-sheets-value=\"{&quot;1&quot;:2,&quot;2&quot;:&quot;Themenbereich:&quot;}\">Themenbereich:<\/td>\n<td data-sheets-value=\"{&quot;1&quot;:2,&quot;2&quot;:&quot;Lebensf\u00fchrung, Motivation &amp; Karriere&quot;}\">Lebensf\u00fchrung, Motivation &amp; Karriere<\/td>\n<\/tr>\n<tr>\n<td data-sheets-value=\"{&quot;1&quot;:2,&quot;2&quot;:&quot;Verlag:&quot;}\">Verlag:<\/td>\n<td data-sheets-value=\"{&quot;1&quot;:2,&quot;2&quot;:&quot;Nymphenburger Verlag, Nymphenburger&quot;}\">Nymphenburger Verlag, Nymphenburger<\/td>\n<\/tr>\n<\/tbody>\n<\/table>","protected":false},"featured_media":80719,"comment_status":"open","ping_status":"closed","template":"","meta":{"_seopress_robots_primary_cat":"","_seopress_titles_title":"","_seopress_titles_desc":"","_seopress_robots_index":""},"product_brand":[],"product_cat":[1428,1429,1434,1447,1530],"product_tag":[],"class_list":{"0":"post-80611","1":"product","2":"type-product","3":"status-publish","4":"has-post-thumbnail","6":"product_cat-buecher","7":"product_cat-jugend","8":"product_cat-erwachsene","9":"product_cat-ratgeber","10":"product_cat-ratgeber-jugend","11":"product_shipping_class-standard-versand","13":"first","14":"instock","15":"sale","16":"taxable","17":"shipping-taxable","18":"purchasable","19":"product-type-simple"},"_links":{"self":[{"href":"https:\/\/www.soanam.de\/es\/wp-json\/wp\/v2\/product\/80611","targetHints":{"allow":["GET"]}}],"collection":[{"href":"https:\/\/www.soanam.de\/es\/wp-json\/wp\/v2\/product"}],"about":[{"href":"https:\/\/www.soanam.de\/es\/wp-json\/wp\/v2\/types\/product"}],"replies":[{"embeddable":true,"href":"https:\/\/www.soanam.de\/es\/wp-json\/wp\/v2\/comments?post=80611"}],"wp:featuredmedia":[{"embeddable":true,"href":"https:\/\/www.soanam.de\/es\/wp-json\/wp\/v2\/media\/80719"}],"wp:attachment":[{"href":"https:\/\/www.soanam.de\/es\/wp-json\/wp\/v2\/media?parent=80611"}],"wp:term":[{"taxonomy":"product_brand","embeddable":true,"href":"https:\/\/www.soanam.de\/es\/wp-json\/wp\/v2\/product_brand?post=80611"},{"taxonomy":"product_cat","embeddable":true,"href":"https:\/\/www.soanam.de\/es\/wp-json\/wp\/v2\/product_cat?post=80611"},{"taxonomy":"product_tag","embeddable":true,"href":"https:\/\/www.soanam.de\/es\/wp-json\/wp\/v2\/product_tag?post=80611"}],"curies":[{"name":"wp","href":"https:\/\/api.w.org\/{rel}","templated":true}]}}