{"id":80577,"date":"2023-12-14T01:33:38","date_gmt":"2023-12-14T00:33:38","guid":{"rendered":"https:\/\/www.soanam.de\/?post_type=product&#038;p=80577"},"modified":"2023-12-14T01:36:25","modified_gmt":"2023-12-14T00:36:25","slug":"wearlizer-leder-armband-fuer-apple-watch-38-mm-40mm-leder-hautfarben","status":"publish","type":"product","link":"https:\/\/www.soanam.de\/es\/produkt\/wearlizer-leder-armband-fuer-apple-watch-38-mm-40mm-leder-hautfarben\/","title":{"rendered":"Correa de piel Wearlizer para Apple Watch, 38 mm\/40 mm, piel, color piel"},"content":{"rendered":"<h3>Descripci\u00f3n del producto<\/h3>\n<p>Wearlizer f\u00fcr iWatch Armb\u00e4nder passend f\u00fcr alle Apple Watch 38 mm (40 mm):<br \/>\nWearlizer Apple Watch Armb\u00e4nder kompatibel mit Apple Watch Serie 5, 4, 3, 2, 1 Edition Nike+ Hermes. 38 mm (40 mm) Version, passend f\u00fcr alle Handgelenkgr\u00f6\u00dfen von 157\u2013227 mm.<\/p>\n<p><strong>Premium-Echtleder:<\/strong> Geschnitzt aus Premium-Echtledermaterialien, macht diese Leder-Uhr extrem angenehm zu tragen, l\u00e4ssig und langlebig; bieten Sie ein neues Apple-Uhr-Zubeh\u00f6r Armband f\u00fcr Ihr Leben.<\/p>\n<p><strong>Einzigartiges, stromlinienf\u00f6rmiges Design:<\/strong> Wearlizer Apple Watch Lederband, 38 mm, einzigartiges stromlinienf\u00f6rmiges Design, das bequemer ist als andere Apple Watch 5, 4, 3, 2, 1.<\/p>\n<p><strong>Schlichte und elegante Form<\/strong>: Dieses iWatch-Lederarmband ist einfach und elegant. Die Metallschnalle erm\u00f6glicht es Ihnen, die Gr\u00f6\u00dfe leicht anzupassen. Geeignet f\u00fcr Frauen und M\u00e4nner in den meisten Gelegenheiten. Das Upgrade an beiden Enden verriegelt das Zifferblatt der Apple Watch.<\/p>","protected":false},"excerpt":{"rendered":"<h3>Artikelmerkmale<\/h3>\n<p>Artikelzustand: Neu - neuer und ungetragener Artikel in der Originalverpackung<\/p>\n<table dir=\"ltr\" style=\"height: 234px;\" border=\"1\" width=\"427\" cellspacing=\"0\" cellpadding=\"0\">\n<colgroup>\n<col width=\"194\" \/>\n<col width=\"211\" \/><\/colgroup>\n<tbody>\n<tr>\n<td data-sheets-value=\"{&quot;1&quot;:2,&quot;2&quot;:&quot;Abteilung:&quot;}\">Abteilung:<\/td>\n<td data-sheets-value=\"{&quot;1&quot;:2,&quot;2&quot;:&quot;Damen&quot;}\">Damen<\/td>\n<\/tr>\n<tr>\n<td data-sheets-value=\"{&quot;1&quot;:2,&quot;2&quot;:&quot;Armbandart:&quot;}\">Armbandart:<\/td>\n<td data-sheets-value=\"{&quot;1&quot;:2,&quot;2&quot;:&quot;Zweiteiliges Armband&quot;}\">Zweiteiliges Armband<\/td>\n<\/tr>\n<tr>\n<td data-sheets-value=\"{&quot;1&quot;:2,&quot;2&quot;:&quot;Armbandmaterial:&quot;}\">Armbandmaterial:<\/td>\n<td data-sheets-value=\"{&quot;1&quot;:2,&quot;2&quot;:&quot;Leder&quot;}\">Piel<\/td>\n<\/tr>\n<tr>\n<td data-sheets-value=\"{&quot;1&quot;:2,&quot;2&quot;:&quot;Farbe:&quot;}\">Color:<\/td>\n<td data-sheets-value=\"{&quot;1&quot;:2,&quot;2&quot;:&quot;Beige&quot;}\">Beige<\/td>\n<\/tr>\n<tr>\n<td data-sheets-value=\"{&quot;1&quot;:2,&quot;2&quot;:&quot;Marke:&quot;}\">Marke:<\/td>\n<td data-sheets-value=\"{&quot;1&quot;:2,&quot;2&quot;:&quot;Wearlizer&quot;}\">Wearlizer<\/td>\n<\/tr>\n<tr>\n<td data-sheets-value=\"{&quot;1&quot;:2,&quot;2&quot;:&quot;Markenkompatibilit\u00e4t:&quot;}\">Markenkompatibilit\u00e4t:<\/td>\n<td data-sheets-value=\"{&quot;1&quot;:2,&quot;2&quot;:&quot;Apple Watch Serie 5, 4, 3, 2, 1&quot;}\">Apple Watch Serie 5, 4, 3, 2, 1<\/td>\n<\/tr>\n<tr>\n<td data-sheets-value=\"{&quot;1&quot;:2,&quot;2&quot;:&quot;Modellkompatibilit\u00e4t:&quot;}\">Modellkompatibilit\u00e4t:<\/td>\n<td data-sheets-value=\"{&quot;1&quot;:2,&quot;2&quot;:&quot;Edition Nike+ Hermes&quot;}\">Edition Nike+ Hermes<\/td>\n<\/tr>\n<tr>\n<td data-sheets-value=\"{&quot;1&quot;:2,&quot;2&quot;:&quot;Produktart:&quot;}\">Produktart:<\/td>\n<td data-sheets-value=\"{&quot;1&quot;:2,&quot;2&quot;:&quot;iWatch Armband&quot;}\">iWatch Armband<\/td>\n<\/tr>\n<\/tbody>\n<\/table>","protected":false},"featured_media":80700,"comment_status":"open","ping_status":"closed","template":"","meta":{"_seopress_robots_primary_cat":"","_seopress_titles_title":"","_seopress_titles_desc":"","_seopress_robots_index":""},"product_brand":[],"product_cat":[1348,1357,1558],"product_tag":[],"class_list":{"0":"post-80577","1":"product","2":"type-product","3":"status-publish","4":"has-post-thumbnail","6":"product_cat-damen-mode","7":"product_cat-accessoires","8":"product_cat-sonstiges-accessoires","9":"product_shipping_class-standard-versand","11":"first","12":"instock","13":"sale","14":"taxable","15":"shipping-taxable","16":"purchasable","17":"product-type-simple"},"_links":{"self":[{"href":"https:\/\/www.soanam.de\/es\/wp-json\/wp\/v2\/product\/80577","targetHints":{"allow":["GET"]}}],"collection":[{"href":"https:\/\/www.soanam.de\/es\/wp-json\/wp\/v2\/product"}],"about":[{"href":"https:\/\/www.soanam.de\/es\/wp-json\/wp\/v2\/types\/product"}],"replies":[{"embeddable":true,"href":"https:\/\/www.soanam.de\/es\/wp-json\/wp\/v2\/comments?post=80577"}],"wp:featuredmedia":[{"embeddable":true,"href":"https:\/\/www.soanam.de\/es\/wp-json\/wp\/v2\/media\/80700"}],"wp:attachment":[{"href":"https:\/\/www.soanam.de\/es\/wp-json\/wp\/v2\/media?parent=80577"}],"wp:term":[{"taxonomy":"product_brand","embeddable":true,"href":"https:\/\/www.soanam.de\/es\/wp-json\/wp\/v2\/product_brand?post=80577"},{"taxonomy":"product_cat","embeddable":true,"href":"https:\/\/www.soanam.de\/es\/wp-json\/wp\/v2\/product_cat?post=80577"},{"taxonomy":"product_tag","embeddable":true,"href":"https:\/\/www.soanam.de\/es\/wp-json\/wp\/v2\/product_tag?post=80577"}],"curies":[{"name":"wp","href":"https:\/\/api.w.org\/{rel}","templated":true}]}}