{"id":80514,"date":"2023-12-14T01:32:18","date_gmt":"2023-12-14T00:32:18","guid":{"rendered":"https:\/\/www.soanam.de\/?post_type=product&#038;p=80514"},"modified":"2023-12-14T01:34:31","modified_gmt":"2023-12-14T00:34:31","slug":"chaqueta-de-entrenamiento-puma-en-rosa-talla-l","status":"publish","type":"product","link":"https:\/\/www.soanam.de\/es\/produkt\/puma-trainingsjacke-in-rosa-groesse-l\/","title":{"rendered":"Chaqueta de entrenamiento Puma, en rosa, talla L"},"content":{"rendered":"<p>Chaqueta con capucha Slim Fit de Puma<br \/>\nBolsillos canguro<br \/>\nPu\u00f1os anchos de canal\u00e9 suave<br \/>\nBolsillos laterales<br \/>\nLogotipo bordado<br \/>\nSuave tejido transpirable con algod\u00f3n<\/p>\n<p>Esta chaqueta de entrenamiento se ha dise\u00f1ado para ofrecer m\u00e1s comodidad y funcionalidad.<br \/>\nLa capucha con cord\u00f3n para un ajuste perfecto es extremadamente c\u00f3moda, mientras que detalles pr\u00e1cticos como los bolsillos laterales abiertos ofrecen mucho espacio para todo lo que necesites sobre la marcha.<br \/>\nAdem\u00e1s, esta sudadera de algod\u00f3n est\u00e1 fabricada por la Better Cotton Initiative, lo que significa que tu compra apoya el cultivo m\u00e1s sostenible del algod\u00f3n.<\/p>\n<p>Material: 68 % algod\u00f3n, 32 % poli\u00e9ster<br \/>\nInstrucciones de cuidado: Lavar a m\u00e1quina<\/p>\n<p>Color: rosa<br \/>\nMotivo: Logotipo bordado<br \/>\nTalla: L<\/p>\n<p>Anchura de los hombros: 66 cm<br \/>\nAnchura del pecho: 113 cm<br \/>\nLongitud de la manga: 54 cm<br \/>\nLongitud total: 63 cm<\/p>","protected":false},"excerpt":{"rendered":"<table class=\"dv_characteristicsTable\">\n<tbody>\n<tr>\n<td class=\"left\">Talla<\/td>\n<td>L<\/td>\n<\/tr>\n<tr>\n<td class=\"left\">Gr\u00f6\u00dfentyp<\/td>\n<td>Normalgr\u00f6\u00dfen<\/td>\n<\/tr>\n<tr>\n<td class=\"left\">Composici\u00f3n del material<\/td>\n<td>68 % Baumwolle, 32 % Polyester<\/td>\n<\/tr>\n<tr>\n<td class=\"left\">Materialart<\/td>\n<td>Sweatware<\/td>\n<\/tr>\n<tr>\n<td class=\"left\">Instrucciones de cuidado<\/td>\n<td>Lavado a m\u00e1quina<\/td>\n<\/tr>\n<tr>\n<td class=\"left\">Optik<\/td>\n<td>unifarben<\/td>\n<\/tr>\n<tr>\n<td class=\"left\">Stil<\/td>\n<td>Basic<\/td>\n<\/tr>\n<tr>\n<td class=\"left\">Color<\/td>\n<td>foxglove<\/td>\n<\/tr>\n<tr>\n<td class=\"left\">Kragen<\/td>\n<td>Cap\u00f3<\/td>\n<\/tr>\n<tr>\n<td class=\"left\">Ausschnitt<\/td>\n<td>ohne Ausschnitt<\/td>\n<\/tr>\n<tr>\n<td class=\"left\">\u00c4rmel<\/td>\n<td>Manga larga<\/td>\n<\/tr>\n<tr>\n<td class=\"left\">\u00c4rmeldetails<\/td>\n<td>Mangas ragl\u00e1n<\/td>\n<\/tr>\n<tr>\n<td class=\"left\">\u00c4rmelabschluss<\/td>\n<td>B\u00fcndchen<\/td>\n<\/tr>\n<tr>\n<td class=\"left\">Rumpfabschluss<\/td>\n<td>gerade<\/td>\n<\/tr>\n<tr>\n<td class=\"left\">Ajuste<\/td>\n<td>slim fit<\/td>\n<\/tr>\n<tr>\n<td class=\"left\">Schnittform L\u00e4nge<\/td>\n<td>h\u00fcftbedeckend<\/td>\n<\/tr>\n<tr>\n<td class=\"left\">Cap\u00f3<\/td>\n<td>mit Kapuze<\/td>\n<\/tr>\n<tr>\n<td class=\"left\">Bolsas<\/td>\n<td>Bolsillos<\/td>\n<\/tr>\n<tr>\n<td class=\"left\">Verschluss<\/td>\n<td>Cierre de cremallera<\/td>\n<\/tr>\n<tr>\n<td class=\"left\">Besondere Merkmale<\/td>\n<td>Logotipo bordado<\/td>\n<\/tr>\n<\/tbody>\n<\/table>","protected":false},"featured_media":80607,"comment_status":"open","ping_status":"closed","template":"","meta":{"_seopress_robots_primary_cat":"","_seopress_titles_title":"","_seopress_titles_desc":"","_seopress_robots_index":""},"product_brand":[],"product_cat":[1348,1354,1402,1585,1599],"product_tag":[],"class_list":{"0":"post-80514","1":"product","2":"type-product","3":"status-publish","4":"has-post-thumbnail","6":"product_cat-damen-mode","7":"product_cat-jacken-maentel","8":"product_cat-sportbekleidung-damen-mode","9":"product_cat-jacken-sportbekleidung-damen-mode","10":"product_cat-shirtjacken","11":"product_shipping_class-standard-versand","13":"first","14":"instock","15":"sale","16":"taxable","17":"shipping-taxable","18":"purchasable","19":"product-type-simple"},"_links":{"self":[{"href":"https:\/\/www.soanam.de\/es\/wp-json\/wp\/v2\/product\/80514","targetHints":{"allow":["GET"]}}],"collection":[{"href":"https:\/\/www.soanam.de\/es\/wp-json\/wp\/v2\/product"}],"about":[{"href":"https:\/\/www.soanam.de\/es\/wp-json\/wp\/v2\/types\/product"}],"replies":[{"embeddable":true,"href":"https:\/\/www.soanam.de\/es\/wp-json\/wp\/v2\/comments?post=80514"}],"wp:featuredmedia":[{"embeddable":true,"href":"https:\/\/www.soanam.de\/es\/wp-json\/wp\/v2\/media\/80607"}],"wp:attachment":[{"href":"https:\/\/www.soanam.de\/es\/wp-json\/wp\/v2\/media?parent=80514"}],"wp:term":[{"taxonomy":"product_brand","embeddable":true,"href":"https:\/\/www.soanam.de\/es\/wp-json\/wp\/v2\/product_brand?post=80514"},{"taxonomy":"product_cat","embeddable":true,"href":"https:\/\/www.soanam.de\/es\/wp-json\/wp\/v2\/product_cat?post=80514"},{"taxonomy":"product_tag","embeddable":true,"href":"https:\/\/www.soanam.de\/es\/wp-json\/wp\/v2\/product_tag?post=80514"}],"curies":[{"name":"wp","href":"https:\/\/api.w.org\/{rel}","templated":true}]}}