{"id":80493,"date":"2023-12-14T01:31:53","date_gmt":"2023-12-14T00:31:53","guid":{"rendered":"https:\/\/www.soanam.de\/?post_type=product&#038;p=80493"},"modified":"2024-10-09T16:03:06","modified_gmt":"2024-10-09T14:03:06","slug":"nav-scandinavia-elevate-dragonfly-mobile-plata-3-libelulas-acero-inoxidable","status":"publish","type":"product","link":"https:\/\/www.soanam.de\/es\/produkt\/nav-scandinavia-elevate-dragonfly-mobile-silver-3-dragonflies-stainless-steel\/","title":{"rendered":"NAV Scandinavia Elevate Dragonfly Mobile Plata, 3 Lib\u00e9lulas - Acero inoxidable"},"content":{"rendered":"<p>3 Dragonflies - Stainless Steel Mobile with Dragonflies Decoration Hanging, Soothing Movement and Balance, 43 x 41 cm, Scandinavian Design<\/p>\n<h3>Descripci\u00f3n de la<\/h3>\n<p>Kunstvolle Libellen erheben sich in raffinierten Designer-Mobile in einem Strudel beruhigender Bewegung in den Himmel<\/p>\n<p>Unglaubliche Details und raffiniertes Design \u2013 jeder einzelne Anh\u00e4nger ist ein Kunstwerk, das als Ganzes ein raffiniertes Statement-Piece ergibt<br \/>\nEin anmutiges dekoratives Design, das Ihrem Wohnzimmer, Schlafzimmer, Kinderzimmer oder B\u00fcro ein Gef\u00fchl von Ruhe und Gelassenheit verleiht - eine Freude an spielerischer Bewegung und Zen-\u00e4hnlicher Balance<br \/>\nEin Hauch dezenter Eleganz: Anh\u00e4nger mit durchbrochenem Muster aus 3 mm d\u00fcnnem Edelstahl in hochgl\u00e4nzendem Silber.<br \/>\nHochwertige Materialien: zarte, aber langlebige Edelstahlst\u00e4be und starkes 0,2 mm geflochtenes Drahtgarn f\u00fcr langanhaltenden Stil<br \/>\nLeicht und einfach aufzuh\u00e4ngen: Ein subtiler und funktionaler Karabinerring bietet H\u00f6henverstellbarkeit und eine Vielzahl von Aufh\u00e4ngem\u00f6glichkeiten - von einem Haken an der Decke oder um einen Balken geschlungen<br \/>\nJedes Mobile wird mit 2 m geflochtener Drahtschnur geliefert, die eine gro\u00dfe Flexibilit\u00e4t bei der Aufh\u00e4ngung bietet und es Ihnen erm\u00f6glicht, die Aufh\u00e4ngeh\u00f6he mit Leichtigkeit auszuw\u00e4hlen und zu \u00e4ndern<br \/>\nH\u00e4ngen Sie sie \u00fcber niedrige M\u00f6bel wie Sideboards oder Tische, um leeren Raum zu f\u00fcllen, bringen Sie Abwechslung in die Ecke eines Raums oder platzieren Sie sie vor einem Fenster, um das nat\u00fcrliche Licht einzufangen<br \/>\nNicht nur f\u00fcr zu Hause, ELEVATE ist ein Blickfang f\u00fcr Wartezimmer, Restaurants, Hotellobbys oder -Zimmer<\/p>\n<p>Geschenkidee: Ein wundersch\u00f6nes St\u00fcck Design f\u00fcr den Kunstliebhaber oder Naturliebhaber, der es liebt, sich zu entspannen, zu entspannen und das Leben zu genie\u00dfen - perfekt f\u00fcr den Mann oder die Frau, die die klaren und einfachen Qualit\u00e4ten des skandinavischen Designs sch\u00e4tzen. Ideal f\u00fcr Geburtstage, Weihnachten, Muttertag oder Vatertag<br \/>\nSkandinavisches Design von: NAV Scandinavia Designteam<\/p>","protected":false},"excerpt":{"rendered":"<p>Estado del art\u00edculo: Nuevo con etiqueta: Art\u00edculo nuevo, sin usar y sin estrenar, en su embalaje original.<\/p>\n<p>Abmessung: 360 x 100 x 360<\/p>\n<p>Material Libelle:<\/p>\n<p>Silber: 0,3 mm Edelstahl 304, poliert<br \/>\nDrahtgestell: 0,6 - 1 mm Edelstahldraht<br \/>\nSchnur: 0,2 mm geflochtenes Drahtseil - Inklusive verstellbarer 200 cm langer Aufh\u00e4ngeschnur mit Karabinerhaken zum Aufh\u00e4ngen<\/p>","protected":false},"featured_media":80582,"comment_status":"open","ping_status":"closed","template":"","meta":{"_seopress_robots_primary_cat":"","_seopress_titles_title":"","_seopress_titles_desc":"","_seopress_robots_index":""},"product_brand":[],"product_cat":[1400,1420],"product_tag":[],"class_list":{"0":"post-80493","1":"product","2":"type-product","3":"status-publish","4":"has-post-thumbnail","6":"product_cat-wohnzubehoer","7":"product_cat-wohndekoration","9":"first","10":"outofstock","11":"sale","12":"taxable","13":"shipping-taxable","14":"purchasable","15":"product-type-simple"},"_links":{"self":[{"href":"https:\/\/www.soanam.de\/es\/wp-json\/wp\/v2\/product\/80493","targetHints":{"allow":["GET"]}}],"collection":[{"href":"https:\/\/www.soanam.de\/es\/wp-json\/wp\/v2\/product"}],"about":[{"href":"https:\/\/www.soanam.de\/es\/wp-json\/wp\/v2\/types\/product"}],"replies":[{"embeddable":true,"href":"https:\/\/www.soanam.de\/es\/wp-json\/wp\/v2\/comments?post=80493"}],"wp:featuredmedia":[{"embeddable":true,"href":"https:\/\/www.soanam.de\/es\/wp-json\/wp\/v2\/media\/80582"}],"wp:attachment":[{"href":"https:\/\/www.soanam.de\/es\/wp-json\/wp\/v2\/media?parent=80493"}],"wp:term":[{"taxonomy":"product_brand","embeddable":true,"href":"https:\/\/www.soanam.de\/es\/wp-json\/wp\/v2\/product_brand?post=80493"},{"taxonomy":"product_cat","embeddable":true,"href":"https:\/\/www.soanam.de\/es\/wp-json\/wp\/v2\/product_cat?post=80493"},{"taxonomy":"product_tag","embeddable":true,"href":"https:\/\/www.soanam.de\/es\/wp-json\/wp\/v2\/product_tag?post=80493"}],"curies":[{"name":"wp","href":"https:\/\/api.w.org\/{rel}","templated":true}]}}