{"id":80492,"date":"2023-12-14T01:31:53","date_gmt":"2023-12-14T00:31:53","guid":{"rendered":"https:\/\/www.soanam.de\/?post_type=product&#038;p=80492"},"modified":"2023-12-14T01:33:49","modified_gmt":"2023-12-14T00:33:49","slug":"los-moviles-salu-animan-las-habitaciones","status":"publish","type":"product","link":"https:\/\/www.soanam.de\/es\/produkt\/mobile-salu-mobiles-beleben-befluegeln-raeume\/","title":{"rendered":"MOBIL\u00c9 SALU - \u00a1el m\u00f3vil revitaliza los espacios!"},"content":{"rendered":"<h3>Descripci\u00f3n de la<\/h3>\n<p>M\u00f3vil SALU. Este m\u00f3vil artesanal de 9 piezas fascina por su estricta sencillez. Las posiciones horizontales y verticales de los c\u00edrculos entre s\u00ed dan lugar a constelaciones siempre nuevas desde distintos \u00e1ngulos<\/p>\n<p>Los elementos individuales est\u00e1n hechos de papel de 600 g de alta calidad, de color s\u00f3lido y pintado a mano con colores resistentes a la luz. El mobil\u00e9 est\u00e1 provisto de un hilo suficientemente largo y un lazo para colgarlo<\/p>\n<p>Es una decoraci\u00f3n para muchas habitaciones y \"rincones\". Llama la atenci\u00f3n en todas partes.<\/p>\n<p>Un objeto espacial que se mueve con la brisa y hechiza al espectador. Las superficies se mueven con la m\u00e1s m\u00ednima brisa y giran unas en torno a otras. Flota y tranquiliza al espectador.<\/p>\n<p>Estado del art\u00edculo: Nuevo con etiqueta: Art\u00edculo nuevo, sin usar y sin estrenar, en su embalaje original.<\/p>","protected":false},"excerpt":{"rendered":"<p>Artikelmerkmale<\/p>\n<p>9-teilig, signiert<br \/>\nGr\u00f6\u00dfe ca. 55 x 55cm<br \/>\nMaterial: Edelstahldraht, (festes) 600 gr Papier, bemalt und lackiert.<\/p>","protected":false},"featured_media":80580,"comment_status":"open","ping_status":"closed","template":"","meta":{"_seopress_robots_primary_cat":"","_seopress_titles_title":"","_seopress_titles_desc":"","_seopress_robots_index":""},"product_brand":[],"product_cat":[1400,1420],"product_tag":[],"class_list":{"0":"post-80492","1":"product","2":"type-product","3":"status-publish","4":"has-post-thumbnail","6":"product_cat-wohnzubehoer","7":"product_cat-wohndekoration","8":"product_shipping_class-standard-versand","10":"first","11":"instock","12":"sale","13":"taxable","14":"shipping-taxable","15":"purchasable","16":"product-type-simple"},"_links":{"self":[{"href":"https:\/\/www.soanam.de\/es\/wp-json\/wp\/v2\/product\/80492","targetHints":{"allow":["GET"]}}],"collection":[{"href":"https:\/\/www.soanam.de\/es\/wp-json\/wp\/v2\/product"}],"about":[{"href":"https:\/\/www.soanam.de\/es\/wp-json\/wp\/v2\/types\/product"}],"replies":[{"embeddable":true,"href":"https:\/\/www.soanam.de\/es\/wp-json\/wp\/v2\/comments?post=80492"}],"wp:featuredmedia":[{"embeddable":true,"href":"https:\/\/www.soanam.de\/es\/wp-json\/wp\/v2\/media\/80580"}],"wp:attachment":[{"href":"https:\/\/www.soanam.de\/es\/wp-json\/wp\/v2\/media?parent=80492"}],"wp:term":[{"taxonomy":"product_brand","embeddable":true,"href":"https:\/\/www.soanam.de\/es\/wp-json\/wp\/v2\/product_brand?post=80492"},{"taxonomy":"product_cat","embeddable":true,"href":"https:\/\/www.soanam.de\/es\/wp-json\/wp\/v2\/product_cat?post=80492"},{"taxonomy":"product_tag","embeddable":true,"href":"https:\/\/www.soanam.de\/es\/wp-json\/wp\/v2\/product_tag?post=80492"}],"curies":[{"name":"wp","href":"https:\/\/api.w.org\/{rel}","templated":true}]}}