{"id":80469,"date":"2023-12-14T01:31:27","date_gmt":"2023-12-14T00:31:27","guid":{"rendered":"https:\/\/www.soanam.de\/?post_type=product&#038;p=80469"},"modified":"2023-12-14T01:33:24","modified_gmt":"2023-12-14T00:33:24","slug":"olefantes-plexi-movil-colgante-24-pulgadas-plastico","status":"publish","type":"product","link":"https:\/\/www.soanam.de\/es\/produkt\/olephants-plexi-hanging-mobile-24-inches-plastic\/","title":{"rendered":"Olefantes, m\u00f3vil colgante de plexi - 24 pulgadas Pl\u00e1stico"},"content":{"rendered":"<h2><strong>Flensted Mobiles - Olefantes con caja de regalo, plexi<\/strong><\/h2>\n<p>Esta versi\u00f3n de Olephant est\u00e1 cortada con l\u00e1ser en acr\u00edlico transl\u00facido y es, por tanto, m\u00e1s cara que los modelos de cart\u00f3n. El material lo hace muy interesante a la vista, y las superficies proyectan manchas solares en el suelo.<\/p>\n<p><strong>Dise\u00f1ado por Ole Flensted<\/strong><br \/>\nSiempre es bueno tener sue\u00f1os e incluso un espejismo podr\u00eda hacerse realidad si no renuncias a perseguir tu sue\u00f1o. Deja que el m\u00f3vil te recuerde que debes mantener el equilibrio y seguir avanzando para hacer realidad tus sue\u00f1os, sean cuales sean y de la envergadura que sean. Funci\u00f3n adicional: puede sustituir una de las alas por un ala azul que hemos a\u00f1adido para usted.<\/p>\n<p><strong>Cambiar y acelerar colores y formas<\/strong><br \/>\nA la gente de Flensted Mobiles le encanta a\u00f1adir una sensaci\u00f3n positiva a tu vida cotidiana cuando combinan sus materiales, que a menudo no tienen m\u00e1s de un mil\u00edmetro de grosor, con una buena idea, y a\u00f1aden calidad y creatividad a todas las tradiciones. El resultado son colores y formas que se mueven como la Madre Tierra en su \u00f3rbita alrededor del sol.<\/p>\n<p>Esto significa que los elementos de un m\u00f3vil se mueven realmente a una velocidad de 107.136 km\/h y 29,76 km\/s. No est\u00e1 nada mal para unos cuantos hilos, un poco de metal y algunos trozos de material de color.<\/p>\n<p><strong>Encuentra la serenidad, vive el ahora<\/strong><br \/>\nEl mundo que le rodea est\u00e1 en constante movimiento. Quiz\u00e1 necesite paz y tranquilidad para ordenar sus pensamientos. Encontrar la inspiraci\u00f3n. Rel\u00e1jese. Piense en cosas nuevas. Piense m\u00e1s. O quiz\u00e1 incluso de vez en cuando piense menos.<\/p>\n<p>Un m\u00f3vil Flensted le ofrece todo esto de una sola vez: serenidad, pensamientos revitalizantes y una nueva inspiraci\u00f3n para vivir el ahora. Deje que los m\u00f3viles Flensted iluminen y embellezcan su mundo, y que su elegante y juguetona danza con el aire le inspire vitalidad, inspiraci\u00f3n y serenidad.<\/p>","protected":false},"excerpt":{"rendered":"<table style=\"height: 158px;\" border=\"0\" width=\"256\" frame=\"VOID\" rules=\"NONE\" cellspacing=\"0\">\n<colgroup>\n<col width=\"86\" \/>\n<col width=\"127\" \/><\/colgroup>\n<tbody>\n<tr>\n<td align=\"LEFT\" width=\"86\" height=\"17\">EAN<\/td>\n<td align=\"LEFT\" width=\"127\">5706602014999<\/td>\n<\/tr>\n<tr>\n<td align=\"LEFT\" height=\"17\">Marca<\/td>\n<td align=\"LEFT\">Flensted Mobiles<\/td>\n<\/tr>\n<tr>\n<td align=\"LEFT\" height=\"17\">Dimensiones<\/td>\n<td align=\"LEFT\">47 x 35 cm<\/td>\n<\/tr>\n<tr>\n<td align=\"LEFT\" height=\"17\">Material<\/td>\n<td align=\"LEFT\">Acryl<\/td>\n<\/tr>\n<tr>\n<td align=\"LEFT\" height=\"17\">Design<\/td>\n<td align=\"LEFT\">Ole Flensted, 2009<\/td>\n<\/tr>\n<\/tbody>\n<\/table>","protected":false},"featured_media":80569,"comment_status":"open","ping_status":"closed","template":"","meta":{"_seopress_robots_primary_cat":"","_seopress_titles_title":"","_seopress_titles_desc":"","_seopress_robots_index":""},"product_brand":[],"product_cat":[1400,1420],"product_tag":[],"class_list":{"0":"post-80469","1":"product","2":"type-product","3":"status-publish","4":"has-post-thumbnail","6":"product_cat-wohnzubehoer","7":"product_cat-wohndekoration","8":"product_shipping_class-standard-versand","10":"first","11":"instock","12":"sale","13":"taxable","14":"shipping-taxable","15":"purchasable","16":"product-type-simple"},"_links":{"self":[{"href":"https:\/\/www.soanam.de\/es\/wp-json\/wp\/v2\/product\/80469","targetHints":{"allow":["GET"]}}],"collection":[{"href":"https:\/\/www.soanam.de\/es\/wp-json\/wp\/v2\/product"}],"about":[{"href":"https:\/\/www.soanam.de\/es\/wp-json\/wp\/v2\/types\/product"}],"replies":[{"embeddable":true,"href":"https:\/\/www.soanam.de\/es\/wp-json\/wp\/v2\/comments?post=80469"}],"wp:featuredmedia":[{"embeddable":true,"href":"https:\/\/www.soanam.de\/es\/wp-json\/wp\/v2\/media\/80569"}],"wp:attachment":[{"href":"https:\/\/www.soanam.de\/es\/wp-json\/wp\/v2\/media?parent=80469"}],"wp:term":[{"taxonomy":"product_brand","embeddable":true,"href":"https:\/\/www.soanam.de\/es\/wp-json\/wp\/v2\/product_brand?post=80469"},{"taxonomy":"product_cat","embeddable":true,"href":"https:\/\/www.soanam.de\/es\/wp-json\/wp\/v2\/product_cat?post=80469"},{"taxonomy":"product_tag","embeddable":true,"href":"https:\/\/www.soanam.de\/es\/wp-json\/wp\/v2\/product_tag?post=80469"}],"curies":[{"name":"wp","href":"https:\/\/api.w.org\/{rel}","templated":true}]}}