{"id":80423,"date":"2023-12-14T01:30:19","date_gmt":"2023-12-14T00:30:19","guid":{"rendered":"https:\/\/www.soanam.de\/?post_type=product&#038;p=80423"},"modified":"2023-12-14T01:32:34","modified_gmt":"2023-12-14T00:32:34","slug":"bella-ellis-la-novia-desaparecida-novela-negra-las-hermanas-bronte-vol-1","status":"publish","type":"product","link":"https:\/\/www.soanam.de\/es\/produkt\/bella-ellis-die-verschwundene-braut-kriminalroman-die-bronte-schwestern-bd-1\/","title":{"rendered":"Bella Ellis - La novia desaparecida, Novela negra, Las hermanas Bront\u00eb Vol. 1"},"content":{"rendered":"<h3>Descripci\u00f3n del producto<\/h3>\n<p>Ein Mord ohne Leiche? Die Bront\u00eb-Schwestern ermitteln ...<\/p>\n<p>Yorkshire, 1845: Ein mysteri\u00f6ser Vorfall ersch\u00fcttert das Anwesen Chester Grange. Die junge Gemahlin des Gutsherren ist \u00fcber Nacht spurlos verschwunden, ihr Schlafzimmer verw\u00fcstet und voller Blut. Alles deutet auf ein schreckliches Verbrechen hin. Als Charlotte, Emily und Anne Bront\u00eb von dem furchtbaren Ereignis h\u00f6ren, sind sie entsetzt - aber auch fasziniert. Die drei T\u00f6chter eines Landpfarrers beschlie\u00dfen, das R\u00e4tsel zu l\u00f6sen. Unbeirrt und allen gesellschaftlichen Konventionen zum Trotz verfolgen die Schwestern ihre Nachforschungen und geraten dabei sogar selbst in Lebensgefahr.<\/p>\n<p>\"Elegant, witzig und absolut lesenswert\" - Die Bront\u00eb-Schwestern 1<\/p>\n<p><strong>Detalles del producto<\/strong><br \/>\nEAN: 9783866124813<br \/>\nFecha de publicaci\u00f3n: 02.03.2020<br \/>\nIdioma: alem\u00e1n<br \/>\nN\u00famero de p\u00e1ginas: 384<br \/>\nAutor : Bella Ellis<br \/>\nISBN: 3866124813<br \/>\nEncuadernaci\u00f3n: R\u00fastica<br \/>\nTraducido por Kathi Linden<br \/>\nEditorial Pendo GmbH<br \/>\n2. M\u00e4rz 2020 - kartoniert - 384 Seiten<br \/>\nT\u00edtulo original: The Vanished Bride. 3a edici\u00f3n<\/p>","protected":false},"excerpt":{"rendered":"<h3>Artikelmerkmale<\/h3>\n<p>Artikelzustand: Neu - Neues, ungelesenes, ungebrauchtes Buch in makellosem Zustand<\/p>\n<table dir=\"ltr\" style=\"height: 745px;\" border=\"1\" width=\"528\" cellspacing=\"0\" cellpadding=\"0\">\n<colgroup>\n<col width=\"194\" \/>\n<col width=\"432\" \/><\/colgroup>\n<tbody>\n<tr>\n<td data-sheets-value=\"{&quot;1&quot;:2,&quot;2&quot;:&quot;Altersempfehlung:&quot;}\">Altersempfehlung:<\/td>\n<td data-sheets-value=\"{&quot;1&quot;:2,&quot;2&quot;:&quot;Erwachsene, Jugendliche&quot;}\">Erwachsene, Jugendliche<\/td>\n<\/tr>\n<tr>\n<td data-sheets-value=\"{&quot;1&quot;:2,&quot;2&quot;:&quot;Anzahl der Seiten:&quot;}\">Anzahl der Seiten:<\/td>\n<td data-sheets-value=\"{&quot;1&quot;:2,&quot;2&quot;:&quot;384 Seiten&quot;}\">384 Seiten<\/td>\n<\/tr>\n<tr>\n<td data-sheets-value=\"{&quot;1&quot;:2,&quot;2&quot;:&quot;Autor:&quot;}\">Autor:<\/td>\n<td data-sheets-value=\"{&quot;1&quot;:2,&quot;2&quot;:&quot;Bella Ellis&quot;}\">Bella Ellis<\/td>\n<\/tr>\n<tr>\n<td data-sheets-value=\"{&quot;1&quot;:2,&quot;2&quot;:&quot;Buchreihe:&quot;}\">Buchreihe:<\/td>\n<td data-sheets-value=\"{&quot;1&quot;:2,&quot;2&quot;:&quot;Die Bront\u00eb-Schwestern&quot;}\">Die Bront\u00eb-Schwestern<\/td>\n<\/tr>\n<tr>\n<td data-sheets-value=\"{&quot;1&quot;:2,&quot;2&quot;:&quot;Buchtitel:&quot;}\">Buchtitel:<\/td>\n<td data-sheets-value=\"{&quot;1&quot;:2,&quot;2&quot;:&quot;Die Verschwundene Braut&quot;}\">Die Verschwundene Braut<\/td>\n<\/tr>\n<tr>\n<td data-sheets-value=\"{&quot;1&quot;:2,&quot;2&quot;:&quot;Detailwarengruppe:&quot;}\">Detailwarengruppe:<\/td>\n<td data-sheets-value=\"{&quot;1&quot;:2,&quot;2&quot;:&quot;Krimi\/Kriminalromane&quot;}\">Krimi\/Kriminalromane<\/td>\n<\/tr>\n<tr>\n<td data-sheets-value=\"{&quot;1&quot;:2,&quot;2&quot;:&quot;Erscheinungsdatum:&quot;}\">Erscheinungsdatum:<\/td>\n<td data-sheets-value=\"{&quot;1&quot;:3,&quot;3&quot;:43892}\" data-sheets-numberformat=\"{&quot;1&quot;:5,&quot;2&quot;:&quot;yyyy-mm-dd&quot;,&quot;3&quot;:1}\">2020-03-02<\/td>\n<\/tr>\n<tr>\n<td data-sheets-value=\"{&quot;1&quot;:2,&quot;2&quot;:&quot;Erscheinungsjahr:&quot;}\">Erscheinungsjahr:<\/td>\n<td data-sheets-value=\"{&quot;1&quot;:3,&quot;3&quot;:2020}\">2020<\/td>\n<\/tr>\n<tr>\n<td data-sheets-value=\"{&quot;1&quot;:2,&quot;2&quot;:&quot;Format:&quot;}\">Format:<\/td>\n<td data-sheets-value=\"{&quot;1&quot;:2,&quot;2&quot;:&quot;Taschenbuch&quot;}\">R\u00fastica<\/td>\n<\/tr>\n<tr>\n<td data-sheets-value=\"{&quot;1&quot;:2,&quot;2&quot;:&quot;Gattung:&quot;}\">Gattung:<\/td>\n<td data-sheets-value=\"{&quot;1&quot;:2,&quot;2&quot;:&quot;Roman&quot;}\">Roman<\/td>\n<\/tr>\n<tr>\n<td data-sheets-value=\"{&quot;1&quot;:2,&quot;2&quot;:&quot;Genre:&quot;}\">Genre:<\/td>\n<td data-sheets-value=\"{&quot;1&quot;:2,&quot;2&quot;:&quot;Belletristik&quot;}\">Belletristik<\/td>\n<\/tr>\n<tr>\n<td data-sheets-value=\"{&quot;1&quot;:2,&quot;2&quot;:&quot;Hauptwarengruppe:&quot;}\">Hauptwarengruppe:<\/td>\n<td data-sheets-value=\"{&quot;1&quot;:2,&quot;2&quot;:&quot;Belletristik&quot;}\">Belletristik<\/td>\n<\/tr>\n<tr>\n<td data-sheets-value=\"{&quot;1&quot;:2,&quot;2&quot;:&quot;ISBN:&quot;}\">ISBN:<\/td>\n<td data-sheets-value=\"{&quot;1&quot;:3,&quot;3&quot;:9783866124813}\">9783866124813<\/td>\n<\/tr>\n<tr>\n<td data-sheets-value=\"{&quot;1&quot;:2,&quot;2&quot;:&quot;Kategorie:&quot;}\">Kategorie:<\/td>\n<td data-sheets-value=\"{&quot;1&quot;:2,&quot;2&quot;:&quot;Buch&quot;}\">Buch<\/td>\n<\/tr>\n<tr>\n<td data-sheets-value=\"{&quot;1&quot;:2,&quot;2&quot;:&quot;Kulturkreis:&quot;}\">Kulturkreis:<\/td>\n<td data-sheets-value=\"{&quot;1&quot;:2,&quot;2&quot;:&quot;Englische Literatur&quot;}\">Englische Literatur<\/td>\n<\/tr>\n<tr>\n<td data-sheets-value=\"{&quot;1&quot;:2,&quot;2&quot;:&quot;Medium:&quot;}\">Medium:<\/td>\n<td data-sheets-value=\"{&quot;1&quot;:2,&quot;2&quot;:&quot;Kartoniert \/ Broschiert&quot;}\">Kartoniert \/ Broschiert<\/td>\n<\/tr>\n<tr>\n<td data-sheets-value=\"{&quot;1&quot;:2,&quot;2&quot;:&quot;Originalsprache:&quot;}\">Originalsprache:<\/td>\n<td data-sheets-value=\"{&quot;1&quot;:2,&quot;2&quot;:&quot;Englisch&quot;}\">Englisch<\/td>\n<\/tr>\n<tr>\n<td data-sheets-value=\"{&quot;1&quot;:2,&quot;2&quot;:&quot;Originaltitel:&quot;}\">Originaltitel:<\/td>\n<td data-sheets-value=\"{&quot;1&quot;:2,&quot;2&quot;:&quot;The Vanished Bride&quot;}\">The Vanished Bride<\/td>\n<\/tr>\n<tr>\n<td data-sheets-value=\"{&quot;1&quot;:2,&quot;2&quot;:&quot;Produktart:&quot;}\">Produktart:<\/td>\n<td data-sheets-value=\"{&quot;1&quot;:2,&quot;2&quot;:&quot;Roman&quot;}\">Roman<\/td>\n<\/tr>\n<tr>\n<td data-sheets-value=\"{&quot;1&quot;:2,&quot;2&quot;:&quot;Schlagwort:&quot;}\">Schlagwort:<\/td>\n<td data-sheets-value=\"{&quot;1&quot;:2,&quot;2&quot;:&quot;England Roman, Erz\u00e4hlung, Humor Englische Belletristik Historisch&quot;}\">England Roman, Erz\u00e4hlung, Humor Englische Belletristik Historisch<\/td>\n<\/tr>\n<tr>\n<td data-sheets-value=\"{&quot;1&quot;:2,&quot;2&quot;:&quot;Seiten:&quot;}\">Seiten:<\/td>\n<td data-sheets-value=\"{&quot;1&quot;:3,&quot;3&quot;:384}\">384<\/td>\n<\/tr>\n<tr>\n<td data-sheets-value=\"{&quot;1&quot;:2,&quot;2&quot;:&quot;Serienfolge:&quot;}\">Serienfolge:<\/td>\n<td data-sheets-value=\"{&quot;1&quot;:3,&quot;3&quot;:1}\">1<\/td>\n<\/tr>\n<tr>\n<td data-sheets-value=\"{&quot;1&quot;:2,&quot;2&quot;:&quot;Sprache:&quot;}\">Sprache:<\/td>\n<td data-sheets-value=\"{&quot;1&quot;:2,&quot;2&quot;:&quot;Deutsch&quot;}\">Alem\u00e1n<\/td>\n<\/tr>\n<tr>\n<td data-sheets-value=\"{&quot;1&quot;:2,&quot;2&quot;:&quot;Thema:&quot;}\">Thema:<\/td>\n<td data-sheets-value=\"{&quot;1&quot;:2,&quot;2&quot;:&quot;Historische Kriminalromane Klassische Kriminalromane Kriminalroman&quot;}\">Historische Kriminalromane Klassische Kriminalromane Kriminalroman<\/td>\n<\/tr>\n<tr>\n<td data-sheets-value=\"{&quot;1&quot;:2,&quot;2&quot;:&quot;Titelzusatz:&quot;}\">Titelzusatz:<\/td>\n<td data-sheets-value=\"{&quot;1&quot;:2,&quot;2&quot;:&quot;Kriminalroman&quot;}\">Kriminalroman<\/td>\n<\/tr>\n<tr>\n<td data-sheets-value=\"{&quot;1&quot;:2,&quot;2&quot;:&quot;Uebersetzer:&quot;}\">Uebersetzer:<\/td>\n<td data-sheets-value=\"{&quot;1&quot;:2,&quot;2&quot;:&quot;Kathi Linden&quot;}\">Kathi Linden<\/td>\n<\/tr>\n<tr>\n<td data-sheets-value=\"{&quot;1&quot;:2,&quot;2&quot;:&quot;Verlag:&quot;}\">Verlag:<\/td>\n<td data-sheets-value=\"{&quot;1&quot;:2,&quot;2&quot;:&quot;Pendo Verlag Gmbh, Pendo Verlag&quot;}\">Pendo Verlag Gmbh, Pendo Verlag<\/td>\n<\/tr>\n<\/tbody>\n<\/table>","protected":false},"featured_media":80525,"comment_status":"open","ping_status":"closed","template":"","meta":{"_seopress_robots_primary_cat":"","_seopress_titles_title":"","_seopress_titles_desc":"","_seopress_robots_index":""},"product_brand":[],"product_cat":[1428,1429,1434,1451,1452],"product_tag":[],"class_list":{"0":"post-80423","1":"product","2":"type-product","3":"status-publish","4":"has-post-thumbnail","6":"product_cat-buecher","7":"product_cat-jugend","8":"product_cat-erwachsene","9":"product_cat-romane","10":"product_cat-romane-jugend","11":"product_shipping_class-standard-versand","13":"first","14":"instock","15":"sale","16":"taxable","17":"shipping-taxable","18":"purchasable","19":"product-type-simple"},"_links":{"self":[{"href":"https:\/\/www.soanam.de\/es\/wp-json\/wp\/v2\/product\/80423","targetHints":{"allow":["GET"]}}],"collection":[{"href":"https:\/\/www.soanam.de\/es\/wp-json\/wp\/v2\/product"}],"about":[{"href":"https:\/\/www.soanam.de\/es\/wp-json\/wp\/v2\/types\/product"}],"replies":[{"embeddable":true,"href":"https:\/\/www.soanam.de\/es\/wp-json\/wp\/v2\/comments?post=80423"}],"wp:featuredmedia":[{"embeddable":true,"href":"https:\/\/www.soanam.de\/es\/wp-json\/wp\/v2\/media\/80525"}],"wp:attachment":[{"href":"https:\/\/www.soanam.de\/es\/wp-json\/wp\/v2\/media?parent=80423"}],"wp:term":[{"taxonomy":"product_brand","embeddable":true,"href":"https:\/\/www.soanam.de\/es\/wp-json\/wp\/v2\/product_brand?post=80423"},{"taxonomy":"product_cat","embeddable":true,"href":"https:\/\/www.soanam.de\/es\/wp-json\/wp\/v2\/product_cat?post=80423"},{"taxonomy":"product_tag","embeddable":true,"href":"https:\/\/www.soanam.de\/es\/wp-json\/wp\/v2\/product_tag?post=80423"}],"curies":[{"name":"wp","href":"https:\/\/api.w.org\/{rel}","templated":true}]}}