{"id":80399,"date":"2023-12-14T01:29:53","date_gmt":"2023-12-14T00:29:53","guid":{"rendered":"https:\/\/www.soanam.de\/?post_type=product&#038;p=80399"},"modified":"2023-12-14T01:32:10","modified_gmt":"2023-12-14T00:32:10","slug":"sudadera-jordan-air-therma-en-rojo-talla-s","status":"publish","type":"product","link":"https:\/\/www.soanam.de\/es\/produkt\/jordan-air-therma-hoodie-in-rot-groesse-s\/","title":{"rendered":"Sudadera con capucha Jordan Air Therma, en rojo, talla S"},"content":{"rendered":"<p>Deporte: Baloncesto<br \/>\nCintura: el\u00e1stica<br \/>\nCuello: Capucha<br \/>\nCapucha: ajustable<br \/>\nPu\u00f1os: El\u00e1sticos<br \/>\nDetalles de la capucha: Capucha con cord\u00f3n<br \/>\nMotivo: Estampado<br \/>\nDetalles: Cintura el\u00e1stica<br \/>\nFunci\u00f3n: transpirable, de secado r\u00e1pido<\/p>\n<p>Tecnolog\u00eda: Dri-Fit (Nike) absorbe la humedad, es transpirable y de secado r\u00e1pido, forro polar interior, bolsillo canguro<br \/>\nTecnolog\u00eda: La gesti\u00f3n de la temperatura Therma (Nike) te mantiene caliente en temperaturas exteriores fr\u00edas.<\/p>\n<p>Material: poli\u00e9ster 100%<br \/>\nInstrucciones de cuidado: Lavar a m\u00e1quina<\/p>\n<p>Color: rojo<br \/>\nEstampado: Logotipo<br \/>\nTalla: S<\/p>\n<p>Anchura de los hombros: 45 cm<br \/>\nAnchura del pecho: 112 cm<br \/>\nLongitud de la manga: 64 cm<br \/>\nLongitud total: 71 cm<\/p>","protected":false},"excerpt":{"rendered":"<table class=\"dv_characteristicsTable\">\n<tbody>\n<tr>\n<td class=\"left\">Talla<\/td>\n<td>S<\/td>\n<\/tr>\n<tr>\n<td class=\"left\">Gr\u00f6\u00dfentyp<\/td>\n<td>Normalgr\u00f6\u00dfen<\/td>\n<\/tr>\n<tr>\n<td class=\"left\">Composici\u00f3n del material<\/td>\n<td>Material superior: poli\u00e9ster 100%<\/td>\n<\/tr>\n<tr>\n<td class=\"left\">Instrucciones de cuidado<\/td>\n<td>Lavado a m\u00e1quina<\/td>\n<\/tr>\n<tr>\n<td class=\"left\">Stil<\/td>\n<td>sportlich<\/td>\n<\/tr>\n<tr>\n<td class=\"left\">Color<\/td>\n<td>rot<\/td>\n<\/tr>\n<tr>\n<td class=\"left\">Cap\u00f3<\/td>\n<td>mit Kapuze<\/td>\n<\/tr>\n<tr>\n<td class=\"left\">Kapuzendetails<\/td>\n<td>mit Kordelzug<\/td>\n<\/tr>\n<tr>\n<td class=\"left\">Bolsas<\/td>\n<td>Bolsillo canguro<\/td>\n<\/tr>\n<\/tbody>\n<\/table>","protected":false},"featured_media":80504,"comment_status":"open","ping_status":"closed","template":"","meta":{"_seopress_robots_primary_cat":"","_seopress_titles_title":"","_seopress_titles_desc":"","_seopress_robots_index":""},"product_brand":[],"product_cat":[1345,1485,1592],"product_tag":[],"class_list":{"0":"post-80399","1":"product","2":"type-product","3":"status-publish","4":"has-post-thumbnail","6":"product_cat-herrenmode","7":"product_cat-pullover-sweater-herrenmode","8":"product_cat-hoodies-pullover-sweater-herrenmode","9":"product_shipping_class-standard-versand","11":"first","12":"instock","13":"taxable","14":"shipping-taxable","15":"purchasable","16":"product-type-simple"},"_links":{"self":[{"href":"https:\/\/www.soanam.de\/es\/wp-json\/wp\/v2\/product\/80399","targetHints":{"allow":["GET"]}}],"collection":[{"href":"https:\/\/www.soanam.de\/es\/wp-json\/wp\/v2\/product"}],"about":[{"href":"https:\/\/www.soanam.de\/es\/wp-json\/wp\/v2\/types\/product"}],"replies":[{"embeddable":true,"href":"https:\/\/www.soanam.de\/es\/wp-json\/wp\/v2\/comments?post=80399"}],"wp:featuredmedia":[{"embeddable":true,"href":"https:\/\/www.soanam.de\/es\/wp-json\/wp\/v2\/media\/80504"}],"wp:attachment":[{"href":"https:\/\/www.soanam.de\/es\/wp-json\/wp\/v2\/media?parent=80399"}],"wp:term":[{"taxonomy":"product_brand","embeddable":true,"href":"https:\/\/www.soanam.de\/es\/wp-json\/wp\/v2\/product_brand?post=80399"},{"taxonomy":"product_cat","embeddable":true,"href":"https:\/\/www.soanam.de\/es\/wp-json\/wp\/v2\/product_cat?post=80399"},{"taxonomy":"product_tag","embeddable":true,"href":"https:\/\/www.soanam.de\/es\/wp-json\/wp\/v2\/product_tag?post=80399"}],"curies":[{"name":"wp","href":"https:\/\/api.w.org\/{rel}","templated":true}]}}