{"id":80376,"date":"2023-12-14T00:31:56","date_gmt":"2023-12-13T23:31:56","guid":{"rendered":"https:\/\/www.soanam.de\/?post_type=product&#038;p=80376"},"modified":"2023-12-14T01:31:49","modified_gmt":"2023-12-14T00:31:49","slug":"arizona-sudadera-con-capucha-y-estampado-de-terciopelo-en-gris-jaspeado-talla-140-146","status":"publish","type":"product","link":"https:\/\/www.soanam.de\/es\/produkt\/arizona-kapuzensweatshirt-mit-veloursdruck-in-grau-meliert-groesse-140-146\/","title":{"rendered":"Sudadera Arizona con capucha y estampado de terciopelo, en gris jaspeado, talla 140\/146"},"content":{"rendered":"<p>Sudadera Arizona con capucha<br \/>\nCon estampado de terciopelo<br \/>\nBolsillo canguro<br \/>\nSuavemente rugosa por dentro<br \/>\nCon contenido de algod\u00f3n de alta calidad<\/p>\n<p>La sudadera con capucha Arizona, con un estampado de Union Jack en forma de coraz\u00f3n en la parte delantera, es una prueba de su amor por la moda m\u00e1s actual.<br \/>\nLos cordones fijos de la capucha en color de contraste, el bolsillo canguro y los pu\u00f1os que mantienen la forma en las mangas y el dobladillo completan el dise\u00f1o de la sudadera con aut\u00e9ntico estilo.<br \/>\nEl suave cepillado y el firme tejido de mezcla de algod\u00f3n del interior tambi\u00e9n garantizan un gran tacto.<\/p>\n<p>Material: Parte superior: 98% algod\u00f3n , 2% viscosa<br \/>\nInstrucciones de cuidado: Lavar a m\u00e1quina<\/p>\n<p>Color: gris moteado<br \/>\nMotivo: Estampado de terciopelo<br \/>\nTalla: 140\/146<\/p>\n<p>Anchura de los hombros: 35 cm<br \/>\nAnchura del pecho: 82 cm<br \/>\nLongitud de la manga: 53 cm<br \/>\nLongitud total: 56 cm<\/p>\n<p>Este nuevo art\u00edculo es una devoluci\u00f3n de un cliente sin etiqueta.<\/p>","protected":false},"excerpt":{"rendered":"<table class=\"dv_characteristicsTable\">\n<tbody>\n<tr>\n<td class=\"left\">Talla<\/td>\n<td>140\/146<\/td>\n<\/tr>\n<tr>\n<td class=\"left\">Gr\u00f6\u00dfentyp<\/td>\n<td>Normalgr\u00f6\u00dfen<\/td>\n<\/tr>\n<tr>\n<td class=\"left\">Composici\u00f3n del material<\/td>\n<td>Obermaterial: 98% Baumwolle\u00a0, 2% Viskose<\/td>\n<\/tr>\n<tr>\n<td class=\"left\">Materialart<\/td>\n<td>angeraute Sweatware<\/td>\n<\/tr>\n<tr>\n<td class=\"left\">Instrucciones de cuidado<\/td>\n<td>Lavado a m\u00e1quina<\/td>\n<\/tr>\n<tr>\n<td class=\"left\">Optik<\/td>\n<td>bedruckt, meliert<\/td>\n<\/tr>\n<tr>\n<td class=\"left\">Color<\/td>\n<td>grau-meliert<\/td>\n<\/tr>\n<tr>\n<td class=\"left\">Cap\u00f3<\/td>\n<td>mit Kapuze<\/td>\n<\/tr>\n<tr>\n<td class=\"left\">Kapuzenf\u00fctterung<\/td>\n<td>Sweatware<\/td>\n<\/tr>\n<tr>\n<td class=\"left\">Applikationen<\/td>\n<td>Print<\/td>\n<\/tr>\n<tr>\n<td class=\"left\">Bolsas<\/td>\n<td>Bolsillo canguro<\/td>\n<\/tr>\n<tr>\n<td class=\"left\">Besondere Merkmale<\/td>\n<td>mit Veloursdruck<\/td>\n<\/tr>\n<tr>\n<td class=\"left\">\u00c4rmel<\/td>\n<td>Manga larga<\/td>\n<\/tr>\n<tr>\n<td class=\"left\">\u00c4rmelabschluss<\/td>\n<td>B\u00fcndchen<\/td>\n<\/tr>\n<tr>\n<td class=\"left\">Rumpfabschluss<\/td>\n<td>B\u00fcndchen<\/td>\n<\/tr>\n<tr>\n<td class=\"left\">Ajuste<\/td>\n<td>Basic<\/td>\n<\/tr>\n<tr>\n<td class=\"left\">Schnittform L\u00e4nge<\/td>\n<td>h\u00fcftlang<\/td>\n<\/tr>\n<\/tbody>\n<\/table>","protected":false},"featured_media":80487,"comment_status":"open","ping_status":"closed","template":"","meta":{"_seopress_robots_primary_cat":"","_seopress_titles_title":"","_seopress_titles_desc":"","_seopress_robots_index":""},"product_brand":[],"product_cat":[1351,1487,1595],"product_tag":[],"class_list":{"0":"post-80376","1":"product","2":"type-product","3":"status-publish","4":"has-post-thumbnail","6":"product_cat-kindermode","7":"product_cat-pullover-sweater-kindermode","8":"product_cat-hoodies-pullover-sweater-kindermode","9":"product_shipping_class-standard-versand","11":"first","12":"instock","13":"sale","14":"taxable","15":"shipping-taxable","16":"purchasable","17":"product-type-simple"},"_links":{"self":[{"href":"https:\/\/www.soanam.de\/es\/wp-json\/wp\/v2\/product\/80376","targetHints":{"allow":["GET"]}}],"collection":[{"href":"https:\/\/www.soanam.de\/es\/wp-json\/wp\/v2\/product"}],"about":[{"href":"https:\/\/www.soanam.de\/es\/wp-json\/wp\/v2\/types\/product"}],"replies":[{"embeddable":true,"href":"https:\/\/www.soanam.de\/es\/wp-json\/wp\/v2\/comments?post=80376"}],"wp:featuredmedia":[{"embeddable":true,"href":"https:\/\/www.soanam.de\/es\/wp-json\/wp\/v2\/media\/80487"}],"wp:attachment":[{"href":"https:\/\/www.soanam.de\/es\/wp-json\/wp\/v2\/media?parent=80376"}],"wp:term":[{"taxonomy":"product_brand","embeddable":true,"href":"https:\/\/www.soanam.de\/es\/wp-json\/wp\/v2\/product_brand?post=80376"},{"taxonomy":"product_cat","embeddable":true,"href":"https:\/\/www.soanam.de\/es\/wp-json\/wp\/v2\/product_cat?post=80376"},{"taxonomy":"product_tag","embeddable":true,"href":"https:\/\/www.soanam.de\/es\/wp-json\/wp\/v2\/product_tag?post=80376"}],"curies":[{"name":"wp","href":"https:\/\/api.w.org\/{rel}","templated":true}]}}