{"id":80288,"date":"2023-12-14T00:30:12","date_gmt":"2023-12-13T23:30:12","guid":{"rendered":"https:\/\/www.soanam.de\/?post_type=product&#038;p=80288"},"modified":"2023-12-14T01:29:57","modified_gmt":"2023-12-14T00:29:57","slug":"sudadera-con-capucha-y-rayas-laterales-en-color-crudo-talla-36-38","status":"publish","type":"product","link":"https:\/\/www.soanam.de\/es\/produkt\/bench-kapuzensweatshirt-mit-seitenstreifen-in-ecru-groesse-36-38\/","title":{"rendered":"Banco. Sudadera con capucha y rayas laterales, en color crudo, talla 36\/38"},"content":{"rendered":"<p>Camiseta deportiva con capucha de Bench<br \/>\nRayas a lo largo de los hombros y las mangas<br \/>\nBolsillo canguro<br \/>\nFabricado en punto el\u00e1stico interlock<\/p>\n<p>Este estilo desenfadado presenta un aspecto deportivo que se acent\u00faa con las rayas en los hombros y las mangas ragl\u00e1n.<br \/>\nPor supuesto, tambi\u00e9n destacan la capucha con bandas de color en contraste y el logotipo estampado en los pu\u00f1os. El suave punto interlock hace que la sudadera con capucha sea irresistiblemente c\u00f3moda.<\/p>\n<p>Material: algod\u00f3n 60% , poli\u00e9ster 40%<br \/>\nInstrucciones de cuidado: Lavar a m\u00e1quina<\/p>\n<p>Color: crudo<br \/>\nMotivo: Rayas en las mangas<br \/>\nTalla: 36\/38<\/p>\n<p>Anchura de los hombros: 52 cm<br \/>\nAnchura del pecho: 96 cm<br \/>\nLongitud de la manga: 55 cm<br \/>\nLongitud total: 64 cm<\/p>","protected":false},"excerpt":{"rendered":"<table class=\"dv_characteristicsTable\">\n<tbody>\n<tr>\n<td class=\"left\">Talla<\/td>\n<td>36\/38<\/td>\n<\/tr>\n<tr>\n<td class=\"left\">Gr\u00f6\u00dfentyp<\/td>\n<td>Normalgr\u00f6\u00dfen<\/td>\n<\/tr>\n<tr>\n<td class=\"left\">Composici\u00f3n del material<\/td>\n<td>Obermaterial: 60% Baumwolle\u00a0, 40% Polyester<\/td>\n<\/tr>\n<tr>\n<td class=\"left\">Materialart<\/td>\n<td>Jersey, Interlock<\/td>\n<\/tr>\n<tr>\n<td class=\"left\">Instrucciones de cuidado<\/td>\n<td>Lavado a m\u00e1quina<\/td>\n<\/tr>\n<tr>\n<td class=\"left\">Optik<\/td>\n<td>unifarben mit Farbeins\u00e4tzen<\/td>\n<\/tr>\n<tr>\n<td class=\"left\">Stil<\/td>\n<td>sportlich<\/td>\n<\/tr>\n<tr>\n<td class=\"left\">Color<\/td>\n<td>ecru-schwarz<\/td>\n<\/tr>\n<tr>\n<td class=\"left\">Cap\u00f3<\/td>\n<td>mit Kapuze<\/td>\n<\/tr>\n<tr>\n<td class=\"left\">Kapuzendetails<\/td>\n<td>mit Kordelzug<\/td>\n<\/tr>\n<tr>\n<td class=\"left\">Applikationen<\/td>\n<td>Logodruck<\/td>\n<\/tr>\n<tr>\n<td class=\"left\">Bolsas<\/td>\n<td>Bolsillo canguro<\/td>\n<\/tr>\n<tr>\n<td class=\"left\">Besondere Merkmale<\/td>\n<td>mit Seitenstreifen und K\u00e4ngurutasche<\/td>\n<\/tr>\n<tr>\n<td class=\"left\">\u00c4rmel<\/td>\n<td>Manga larga<\/td>\n<\/tr>\n<tr>\n<td class=\"left\">\u00c4rmelabschluss<\/td>\n<td>Pu\u00f1os de canal\u00e9<\/td>\n<\/tr>\n<tr>\n<td class=\"left\">Rumpfabschluss<\/td>\n<td>Pu\u00f1os de canal\u00e9<\/td>\n<\/tr>\n<tr>\n<td class=\"left\">Ajuste<\/td>\n<td>bequem<\/td>\n<\/tr>\n<tr>\n<td class=\"left\">Schnittform L\u00e4nge<\/td>\n<td>h\u00fcftbedeckend<\/td>\n<\/tr>\n<\/tbody>\n<\/table>","protected":false},"featured_media":80402,"comment_status":"open","ping_status":"closed","template":"","meta":{"_seopress_robots_primary_cat":"","_seopress_titles_title":"","_seopress_titles_desc":"","_seopress_robots_index":""},"product_brand":[],"product_cat":[1348,1456,1583],"product_tag":[],"class_list":{"0":"post-80288","1":"product","2":"type-product","3":"status-publish","4":"has-post-thumbnail","6":"product_cat-damen-mode","7":"product_cat-pullover-sweater","8":"product_cat-hoodies","9":"product_shipping_class-standard-versand","11":"first","12":"instock","13":"taxable","14":"shipping-taxable","15":"purchasable","16":"product-type-simple"},"_links":{"self":[{"href":"https:\/\/www.soanam.de\/es\/wp-json\/wp\/v2\/product\/80288","targetHints":{"allow":["GET"]}}],"collection":[{"href":"https:\/\/www.soanam.de\/es\/wp-json\/wp\/v2\/product"}],"about":[{"href":"https:\/\/www.soanam.de\/es\/wp-json\/wp\/v2\/types\/product"}],"replies":[{"embeddable":true,"href":"https:\/\/www.soanam.de\/es\/wp-json\/wp\/v2\/comments?post=80288"}],"wp:featuredmedia":[{"embeddable":true,"href":"https:\/\/www.soanam.de\/es\/wp-json\/wp\/v2\/media\/80402"}],"wp:attachment":[{"href":"https:\/\/www.soanam.de\/es\/wp-json\/wp\/v2\/media?parent=80288"}],"wp:term":[{"taxonomy":"product_brand","embeddable":true,"href":"https:\/\/www.soanam.de\/es\/wp-json\/wp\/v2\/product_brand?post=80288"},{"taxonomy":"product_cat","embeddable":true,"href":"https:\/\/www.soanam.de\/es\/wp-json\/wp\/v2\/product_cat?post=80288"},{"taxonomy":"product_tag","embeddable":true,"href":"https:\/\/www.soanam.de\/es\/wp-json\/wp\/v2\/product_tag?post=80288"}],"curies":[{"name":"wp","href":"https:\/\/api.w.org\/{rel}","templated":true}]}}