{"id":80283,"date":"2023-12-14T00:30:10","date_gmt":"2023-12-13T23:30:10","guid":{"rendered":"https:\/\/www.soanam.de\/?post_type=product&#038;p=80283"},"modified":"2023-12-14T00:32:02","modified_gmt":"2023-12-13T23:32:02","slug":"bench-sweatkleid-mit-blumenprint-in-rauchrosa-groesse-36-38","status":"publish","type":"product","link":"https:\/\/www.soanam.de\/es\/produkt\/bench-sweatkleid-mit-blumenprint-in-rauchrosa-groesse-36-38\/","title":{"rendered":"Banco. Vestido de sudadera con estampado floral, en rosa ahumado, talla 36\/38"},"content":{"rendered":"<p>Sweatkleid von Bench mit Blumen-Print auf der Schulter<br \/>\nHombros ca\u00eddos y mangas largas<br \/>\nMit Tape-Details an der Kapuze<br \/>\nRippb\u00fcndchen an Saum und \u00c4rmeln<br \/>\nC\u00f3moda mezcla de algod\u00f3n<\/p>\n<p>Dank seiner Baumwollmischung ist das Sweatkleid von Bench so sch\u00f6n weich und kuschelig.<br \/>\nUm den typisch sportlichen Look zu kreieren, ist das Kleid mit einer Kapuze und gerippten B\u00fcndchen an Saum und \u00c4rmeln ausgestattet.<br \/>\nDie \u00fcberschnittenen Schultern wirken dabei l\u00e4ssig, wobei der Blumen-Print auf der Schulter und die kontrastfarbenen B\u00e4nder im Tunnelzug die Blicke auf sich ziehen.<\/p>\n<p>Material: Material exterior: algod\u00f3n 65%, poli\u00e9ster 35%. Forro de la capucha: 100% algod\u00f3n.<br \/>\nInstrucciones de cuidado: Lavar a m\u00e1quina<\/p>\n<p>Color: rosa ahumado<br \/>\nMotivo: Estampado floral<br \/>\nTalla: 36\/38<\/p>\n<p>Schulterbreite: 57cm<br \/>\nAnchura del pecho: 110 cm<br \/>\n\u00c4rmell\u00e4nge: 56cm<br \/>\nLongitud total: 89 cm<\/p>","protected":false},"excerpt":{"rendered":"<table class=\"dv_characteristicsTable\">\n<tbody>\n<tr>\n<td class=\"left\">Talla<\/td>\n<td>36\/38<\/td>\n<\/tr>\n<tr>\n<td class=\"left\">Gr\u00f6\u00dfentyp<\/td>\n<td>Normalgr\u00f6\u00dfen<\/td>\n<\/tr>\n<tr>\n<td class=\"left\">Composici\u00f3n del material<\/td>\n<td>Obermaterial: 65% Baumwolle\u00a0, 35% Polyester. Kapuzenfutter: 100% Baumwolle<\/td>\n<\/tr>\n<tr>\n<td class=\"left\">Instrucciones de cuidado<\/td>\n<td>Lavado a m\u00e1quina<\/td>\n<\/tr>\n<tr>\n<td class=\"left\">Optik<\/td>\n<td>kontrastfarbene Details, bedruckt, unifarben<\/td>\n<\/tr>\n<tr>\n<td class=\"left\">Stil<\/td>\n<td>casual<\/td>\n<\/tr>\n<tr>\n<td class=\"left\">\u00c4rmel<\/td>\n<td>Manga larga<\/td>\n<\/tr>\n<tr>\n<td class=\"left\">\u00c4rmelabschluss<\/td>\n<td>B\u00fcndchen<\/td>\n<\/tr>\n<tr>\n<td class=\"left\">Kleidersaum<\/td>\n<td>B\u00fcndchen<\/td>\n<\/tr>\n<tr>\n<td class=\"left\">Ajuste<\/td>\n<td>bequem<\/td>\n<\/tr>\n<tr>\n<td class=\"left\">Schnittform L\u00e4nge<\/td>\n<td>kurz<\/td>\n<\/tr>\n<tr>\n<td class=\"left\">Color<\/td>\n<td>rauchrosa<\/td>\n<\/tr>\n<tr>\n<td class=\"left\">Cap\u00f3<\/td>\n<td>mit Kapuze<\/td>\n<\/tr>\n<tr>\n<td class=\"left\">Applikationen<\/td>\n<td>Print, B\u00e4nder<\/td>\n<\/tr>\n<tr>\n<td class=\"left\">Besondere Merkmale<\/td>\n<td>mit Blumenprint auf der Schulter<\/td>\n<\/tr>\n<\/tbody>\n<\/table>","protected":false},"featured_media":80380,"comment_status":"open","ping_status":"closed","template":"","meta":{"_seopress_robots_primary_cat":"","_seopress_titles_title":"","_seopress_titles_desc":"","_seopress_robots_index":""},"product_brand":[],"product_cat":[1348,1379,1594],"product_tag":[],"class_list":{"0":"post-80283","1":"product","2":"type-product","3":"status-publish","4":"has-post-thumbnail","6":"product_cat-damen-mode","7":"product_cat-kleider","8":"product_cat-pulloverkleider","9":"product_shipping_class-standard-versand","11":"first","12":"instock","13":"sale","14":"taxable","15":"shipping-taxable","16":"purchasable","17":"product-type-simple"},"_links":{"self":[{"href":"https:\/\/www.soanam.de\/es\/wp-json\/wp\/v2\/product\/80283","targetHints":{"allow":["GET"]}}],"collection":[{"href":"https:\/\/www.soanam.de\/es\/wp-json\/wp\/v2\/product"}],"about":[{"href":"https:\/\/www.soanam.de\/es\/wp-json\/wp\/v2\/types\/product"}],"replies":[{"embeddable":true,"href":"https:\/\/www.soanam.de\/es\/wp-json\/wp\/v2\/comments?post=80283"}],"wp:featuredmedia":[{"embeddable":true,"href":"https:\/\/www.soanam.de\/es\/wp-json\/wp\/v2\/media\/80380"}],"wp:attachment":[{"href":"https:\/\/www.soanam.de\/es\/wp-json\/wp\/v2\/media?parent=80283"}],"wp:term":[{"taxonomy":"product_brand","embeddable":true,"href":"https:\/\/www.soanam.de\/es\/wp-json\/wp\/v2\/product_brand?post=80283"},{"taxonomy":"product_cat","embeddable":true,"href":"https:\/\/www.soanam.de\/es\/wp-json\/wp\/v2\/product_cat?post=80283"},{"taxonomy":"product_tag","embeddable":true,"href":"https:\/\/www.soanam.de\/es\/wp-json\/wp\/v2\/product_tag?post=80283"}],"curies":[{"name":"wp","href":"https:\/\/api.w.org\/{rel}","templated":true}]}}