{"id":80245,"date":"2023-12-14T00:29:23","date_gmt":"2023-12-13T23:29:23","guid":{"rendered":"https:\/\/www.soanam.de\/?post_type=product&#038;p=80245"},"modified":"2023-12-14T00:31:35","modified_gmt":"2023-12-13T23:31:35","slug":"levis-x-peanuts-graphic-relaxed-oversized-snoopy-in-weiss-schwarz-groesse-m","status":"publish","type":"product","link":"https:\/\/www.soanam.de\/es\/produkt\/levis-x-peanuts-graphic-relaxed-oversized-snoopy-in-weiss-schwarz-groesse-m\/","title":{"rendered":"Levi's x Peanuts Graphic Relaxed Oversized Snoopy, in Wei\u00df-Schwarz, Gr\u00f6\u00dfe M"},"content":{"rendered":"<p>T-Shirt von Levi's x Peanuts<br \/>\nCon escote redondo<br \/>\nGro\u00dfer Snoopy Print<br \/>\nOversized Passform<br \/>\nDe algod\u00f3n puro<\/p>\n<p>Das Graphic Relaxed Oversized Snoopy T-Shirt stammt aus der s\u00fc\u00dfen Levi\u00b4s x Peanuts Kollektion, die mit den ber\u00fchmten Comicfiguren und sportivem Style punktet.<\/p>\n<p>Es ist dabei leger und super komfortabel aufgrund des angenehmen Jerseymaterials.<\/p>\n<p>Material: algod\u00f3n 100%<br \/>\nInstrucciones de cuidado: Lavar a m\u00e1quina<\/p>\n<p>Farbe: wei\u00df-schwarz<br \/>\nMuster: Snoopy Print<br \/>\nTalla: M<\/p>\n<p>Anchura de los hombros: 51 cm<br \/>\nAnchura del pecho: 112 cm<br \/>\n\u00c4rmell\u00e4nge: 21cm<br \/>\nLongitud total: 70 cm<\/p>\n<p>Este nuevo art\u00edculo es una devoluci\u00f3n de un cliente sin etiqueta.<\/p>","protected":false},"excerpt":{"rendered":"<table class=\"dv_characteristicsTable\">\n<tbody>\n<tr>\n<td class=\"left\">Talla<\/td>\n<td>M (36\/38)<\/td>\n<\/tr>\n<tr>\n<td class=\"left\">Gr\u00f6\u00dfentyp<\/td>\n<td>Normalgr\u00f6\u00dfen<\/td>\n<\/tr>\n<tr>\n<td class=\"left\">Composici\u00f3n del material<\/td>\n<td>Obermaterial: 100% Baumwolle<\/td>\n<\/tr>\n<tr>\n<td class=\"left\">Materialart<\/td>\n<td>Jersey<\/td>\n<\/tr>\n<tr>\n<td class=\"left\">Instrucciones de cuidado<\/td>\n<td>Lavado a m\u00e1quina<\/td>\n<\/tr>\n<tr>\n<td class=\"left\">Optik<\/td>\n<td>bedruckt<\/td>\n<\/tr>\n<tr>\n<td class=\"left\">Stil<\/td>\n<td>casual<\/td>\n<\/tr>\n<tr>\n<td class=\"left\">Color<\/td>\n<td>wei\u00df, schwarz<\/td>\n<\/tr>\n<tr>\n<td class=\"left\">Ausschnitt<\/td>\n<td>Rundhals<\/td>\n<\/tr>\n<tr>\n<td class=\"left\">\u00c4rmel<\/td>\n<td>Manga corta<\/td>\n<\/tr>\n<tr>\n<td class=\"left\">Ajuste<\/td>\n<td>oversized<\/td>\n<\/tr>\n<tr>\n<td class=\"left\">Applikationen<\/td>\n<td>keine<\/td>\n<\/tr>\n<tr>\n<td class=\"left\">Besondere Merkmale<\/td>\n<td>Logotipo de la marca<\/td>\n<\/tr>\n<\/tbody>\n<\/table>","protected":false},"featured_media":80356,"comment_status":"open","ping_status":"closed","template":"","meta":{"_seopress_robots_primary_cat":"","_seopress_titles_title":"","_seopress_titles_desc":"","_seopress_robots_index":""},"product_brand":[],"product_cat":[1348,1458,1477],"product_tag":[],"class_list":{"0":"post-80245","1":"product","2":"type-product","3":"status-publish","4":"has-post-thumbnail","6":"product_cat-damen-mode","7":"product_cat-shirts-damen-mode","8":"product_cat-t-shirts-shirts-damen-mode","9":"product_shipping_class-standard-versand","11":"first","12":"instock","13":"sale","14":"taxable","15":"shipping-taxable","16":"purchasable","17":"product-type-simple"},"_links":{"self":[{"href":"https:\/\/www.soanam.de\/es\/wp-json\/wp\/v2\/product\/80245","targetHints":{"allow":["GET"]}}],"collection":[{"href":"https:\/\/www.soanam.de\/es\/wp-json\/wp\/v2\/product"}],"about":[{"href":"https:\/\/www.soanam.de\/es\/wp-json\/wp\/v2\/types\/product"}],"replies":[{"embeddable":true,"href":"https:\/\/www.soanam.de\/es\/wp-json\/wp\/v2\/comments?post=80245"}],"wp:featuredmedia":[{"embeddable":true,"href":"https:\/\/www.soanam.de\/es\/wp-json\/wp\/v2\/media\/80356"}],"wp:attachment":[{"href":"https:\/\/www.soanam.de\/es\/wp-json\/wp\/v2\/media?parent=80245"}],"wp:term":[{"taxonomy":"product_brand","embeddable":true,"href":"https:\/\/www.soanam.de\/es\/wp-json\/wp\/v2\/product_brand?post=80245"},{"taxonomy":"product_cat","embeddable":true,"href":"https:\/\/www.soanam.de\/es\/wp-json\/wp\/v2\/product_cat?post=80245"},{"taxonomy":"product_tag","embeddable":true,"href":"https:\/\/www.soanam.de\/es\/wp-json\/wp\/v2\/product_tag?post=80245"}],"curies":[{"name":"wp","href":"https:\/\/api.w.org\/{rel}","templated":true}]}}