{"id":80241,"date":"2023-12-14T00:29:21","date_gmt":"2023-12-13T23:29:21","guid":{"rendered":"https:\/\/www.soanam.de\/?post_type=product&#038;p=80241"},"modified":"2023-12-14T00:31:15","modified_gmt":"2023-12-13T23:31:15","slug":"calvin-klein-kapuzenpullover-mit-stickerei-in-schwarz-groesse-xxl","status":"publish","type":"product","link":"https:\/\/www.soanam.de\/es\/produkt\/calvin-klein-kapuzenpullover-mit-stickerei-in-schwarz-groesse-xxl\/","title":{"rendered":"Sudadera Calvin Klein con capucha y bordado, en negro, talla XXL"},"content":{"rendered":"<p>Hoodie von Calvin Klein<br \/>\nGrafische Stickerei auf der Vorderseite<br \/>\nCapucha con cord\u00f3n<br \/>\nBolsillo canguro<br \/>\nCorte normal<br \/>\nHecho de una suave mezcla de algod\u00f3n<\/p>\n<p>Werten Sie Ihren l\u00e4ssigen Look in dieser Saison mit dem Graphic Embroidered Hoodie in BLACK der vertrauensw\u00fcrdigen Designermarke Calvin Klein auf . Dieser bequeme Hoodie aus weichem Stoff mit langen \u00c4rmeln, elastischen Strickkanten und einer Kapuze mit Kordelzug ist ein Muss in dieser Saison. Mit einer gro\u00dfen Vordertasche, kontrastierenden Aglets und einem gestickten Branding auf der Brust verleiht dieser bequeme Hoodie in dieser Saison auch Ihrem Alltagslook einen einfachen Hauch von Stil.<\/p>\n<p>Material: 73% Baumwolle, 27% Polyester<br \/>\nInstrucciones de cuidado: Lavar a m\u00e1quina<\/p>\n<p>Color: negro<br \/>\nMuster: Grafische Stickerei<br \/>\nTalla: XXL<\/p>\n<p>Anchura de los hombros: 52 cm<br \/>\nAnchura del pecho: 130 cm<br \/>\nLongitud de la manga: 67 cm<br \/>\nLongitud total: 71 cm<\/p>","protected":false},"excerpt":{"rendered":"<table class=\"dv_characteristicsTable\">\n<tbody>\n<tr>\n<td class=\"left\">Talla<\/td>\n<td>XXL<\/td>\n<\/tr>\n<tr>\n<td class=\"left\">Gr\u00f6\u00dfentyp<\/td>\n<td>Normalgr\u00f6\u00dfen<\/td>\n<\/tr>\n<tr>\n<td class=\"left\">Composici\u00f3n del material<\/td>\n<td>Obermaterial: 73% Baumwolle, 27% Polyester<\/td>\n<\/tr>\n<tr>\n<td class=\"left\">Instrucciones de cuidado<\/td>\n<td>Lavado a m\u00e1quina<\/td>\n<\/tr>\n<tr>\n<td class=\"left\">Stil<\/td>\n<td>casual<\/td>\n<\/tr>\n<tr>\n<td class=\"left\">Color<\/td>\n<td>black<\/td>\n<\/tr>\n<tr>\n<td class=\"left\">Bolsas<\/td>\n<td>Bolsillo canguro<\/td>\n<\/tr>\n<tr>\n<td class=\"left\">\u00c4rmel<\/td>\n<td>Manga larga<\/td>\n<\/tr>\n<tr>\n<td class=\"left\">Ajuste<\/td>\n<td>normal<\/td>\n<\/tr>\n<\/tbody>\n<\/table>","protected":false},"featured_media":80339,"comment_status":"open","ping_status":"closed","template":"","meta":{"_seopress_robots_primary_cat":"","_seopress_titles_title":"","_seopress_titles_desc":"","_seopress_robots_index":""},"product_brand":[],"product_cat":[1345,1485,1592],"product_tag":[],"class_list":{"0":"post-80241","1":"product","2":"type-product","3":"status-publish","4":"has-post-thumbnail","6":"product_cat-herrenmode","7":"product_cat-pullover-sweater-herrenmode","8":"product_cat-hoodies-pullover-sweater-herrenmode","9":"product_shipping_class-standard-versand","11":"first","12":"instock","13":"sale","14":"taxable","15":"shipping-taxable","16":"purchasable","17":"product-type-simple"},"_links":{"self":[{"href":"https:\/\/www.soanam.de\/es\/wp-json\/wp\/v2\/product\/80241","targetHints":{"allow":["GET"]}}],"collection":[{"href":"https:\/\/www.soanam.de\/es\/wp-json\/wp\/v2\/product"}],"about":[{"href":"https:\/\/www.soanam.de\/es\/wp-json\/wp\/v2\/types\/product"}],"replies":[{"embeddable":true,"href":"https:\/\/www.soanam.de\/es\/wp-json\/wp\/v2\/comments?post=80241"}],"wp:featuredmedia":[{"embeddable":true,"href":"https:\/\/www.soanam.de\/es\/wp-json\/wp\/v2\/media\/80339"}],"wp:attachment":[{"href":"https:\/\/www.soanam.de\/es\/wp-json\/wp\/v2\/media?parent=80241"}],"wp:term":[{"taxonomy":"product_brand","embeddable":true,"href":"https:\/\/www.soanam.de\/es\/wp-json\/wp\/v2\/product_brand?post=80241"},{"taxonomy":"product_cat","embeddable":true,"href":"https:\/\/www.soanam.de\/es\/wp-json\/wp\/v2\/product_cat?post=80241"},{"taxonomy":"product_tag","embeddable":true,"href":"https:\/\/www.soanam.de\/es\/wp-json\/wp\/v2\/product_tag?post=80241"}],"curies":[{"name":"wp","href":"https:\/\/api.w.org\/{rel}","templated":true}]}}