{"id":80160,"date":"2023-12-14T00:00:33","date_gmt":"2023-12-13T23:00:33","guid":{"rendered":"https:\/\/www.soanam.de\/?post_type=product&#038;p=80160"},"modified":"2023-12-14T00:29:57","modified_gmt":"2023-12-13T23:29:57","slug":"sudadera-con-capucha-nike-sportswear-en-negro-talla-xxxl","status":"publish","type":"product","link":"https:\/\/www.soanam.de\/es\/produkt\/nike-sportswear-kapuzensweatshirt-in-schwarz-groesse-xxxl\/","title":{"rendered":"Sudadera con capucha Nike Sportswear, en negro, talla XXXL"},"content":{"rendered":"<p>Sudadera con capucha de Nike Sportswear<br \/>\nCon logotipo bordado<br \/>\nCorte normal<br \/>\nCon bolsillo canguro<br \/>\nInterior rugoso<br \/>\nAlto contenido en algod\u00f3n<\/p>\n<p>La sudadera con capucha de Nike Sportswear es el b\u00e1sico perfecto.<br \/>\nEl t\u00edpico logotipo del Swoosh, el logo bordado y el bolsillo canguro en la parte delantera hacen de esta sudadera una c\u00f3moda compa\u00f1era.<br \/>\nGracias a su interior cepillado, es especialmente c\u00f3modo de llevar.<\/p>\n<p>Material: algod\u00f3n 80%, poli\u00e9ster 20%<br \/>\nInstrucciones de cuidado: Lavar a m\u00e1quina<\/p>\n<p>Color: negro<br \/>\nMotivo: Logotipo bordado<br \/>\nTalla: 3XL<\/p>\n<p>Anchura de los hombros: 58 cm<br \/>\nAnchura del pecho: 148 cm<br \/>\nLongitud de la manga: 76 cm<br \/>\nLongitud total: 77 cm<\/p>","protected":false},"excerpt":{"rendered":"<table class=\"dv_characteristicsTable\">\n<tbody>\n<tr>\n<td class=\"left\">Talla<\/td>\n<td>3X (56\/58)<\/td>\n<\/tr>\n<tr>\n<td class=\"left\">Gr\u00f6\u00dfentyp<\/td>\n<td>Normalgr\u00f6\u00dfen<\/td>\n<\/tr>\n<tr>\n<td class=\"left\">Composici\u00f3n del material<\/td>\n<td>Obermaterial: 80% Baumwolle, 20% Polyester<\/td>\n<\/tr>\n<tr>\n<td class=\"left\">Color<\/td>\n<td>schwarz<\/td>\n<\/tr>\n<\/tbody>\n<\/table>","protected":false},"featured_media":80272,"comment_status":"open","ping_status":"closed","template":"","meta":{"_seopress_robots_primary_cat":"","_seopress_titles_title":"","_seopress_titles_desc":"","_seopress_robots_index":""},"product_brand":[],"product_cat":[1348,1456,1583],"product_tag":[],"class_list":{"0":"post-80160","1":"product","2":"type-product","3":"status-publish","4":"has-post-thumbnail","6":"product_cat-damen-mode","7":"product_cat-pullover-sweater","8":"product_cat-hoodies","9":"product_shipping_class-standard-versand","11":"first","12":"instock","13":"sale","14":"taxable","15":"shipping-taxable","16":"purchasable","17":"product-type-simple"},"_links":{"self":[{"href":"https:\/\/www.soanam.de\/es\/wp-json\/wp\/v2\/product\/80160","targetHints":{"allow":["GET"]}}],"collection":[{"href":"https:\/\/www.soanam.de\/es\/wp-json\/wp\/v2\/product"}],"about":[{"href":"https:\/\/www.soanam.de\/es\/wp-json\/wp\/v2\/types\/product"}],"replies":[{"embeddable":true,"href":"https:\/\/www.soanam.de\/es\/wp-json\/wp\/v2\/comments?post=80160"}],"wp:featuredmedia":[{"embeddable":true,"href":"https:\/\/www.soanam.de\/es\/wp-json\/wp\/v2\/media\/80272"}],"wp:attachment":[{"href":"https:\/\/www.soanam.de\/es\/wp-json\/wp\/v2\/media?parent=80160"}],"wp:term":[{"taxonomy":"product_brand","embeddable":true,"href":"https:\/\/www.soanam.de\/es\/wp-json\/wp\/v2\/product_brand?post=80160"},{"taxonomy":"product_cat","embeddable":true,"href":"https:\/\/www.soanam.de\/es\/wp-json\/wp\/v2\/product_cat?post=80160"},{"taxonomy":"product_tag","embeddable":true,"href":"https:\/\/www.soanam.de\/es\/wp-json\/wp\/v2\/product_tag?post=80160"}],"curies":[{"name":"wp","href":"https:\/\/api.w.org\/{rel}","templated":true}]}}