{"id":80079,"date":"2023-12-13T23:57:49","date_gmt":"2023-12-13T22:57:49","guid":{"rendered":"https:\/\/www.soanam.de\/?post_type=product&#038;p=80079"},"modified":"2023-12-14T00:02:25","modified_gmt":"2023-12-13T23:02:25","slug":"leggings-de-punto-bench-en-diseno-colorblock-en-gris-blanco-talla-40-42","status":"publish","type":"product","link":"https:\/\/www.soanam.de\/es\/produkt\/bench-strickleggings-im-colorblockdesign-in-grau-weiss-groesse-40-42\/","title":{"rendered":"Banco. Leggings de punto en dise\u00f1o colorblock, en gris, blanco, talla 40\/42"},"content":{"rendered":"<p>Leggings de punto de Bench<br \/>\nCon un dise\u00f1o deportivo y una c\u00f3moda cintura de piqu\u00e9<br \/>\nCon detalle de logotipo grande<br \/>\nMallas sin pie en un look deportivo<br \/>\nFabricado con algod\u00f3n org\u00e1nico sostenible<\/p>\n<p>Estos leggings de punto de Bench presentan una c\u00f3moda cintura de piqu\u00e9 y un material de punto suave y liso.<br \/>\nComo pieza clave en los conjuntos de diario o como mallas bajo la ropa de esqu\u00ed, las mallas el\u00e1sticas para mujer con un gran detalle del logotipo en la pantorrilla garantizan una comodidad \u00f3ptima.<\/p>\n<p>Material: algod\u00f3n 70%, poliamida 28%, elastano 2%<br \/>\nInstrucciones de cuidado: Lavar a m\u00e1quina<\/p>\n<p>Color: antracita, gris, blanco<br \/>\nMotivo: moteado<br \/>\nTalla: 40\/42<\/p>\n<p>Longitud del pelda\u00f1o: 66 cm<br \/>\nLongitud total: 90 cm<\/p>\n<p>Este nuevo art\u00edculo es una devoluci\u00f3n de un cliente sin etiqueta.<\/p>","protected":false},"excerpt":{"rendered":"<table class=\"dv_characteristicsTable\">\n<tbody>\n<tr>\n<td class=\"left\">Talla<\/td>\n<td>40\/42<\/td>\n<\/tr>\n<tr>\n<td class=\"left\">Gr\u00f6\u00dfentyp<\/td>\n<td>Normalgr\u00f6\u00dfen<\/td>\n<\/tr>\n<tr>\n<td class=\"left\">Composici\u00f3n del material<\/td>\n<td>Obermaterial: 70% Baumwolle\u00a0, 28% Polyamid, 2% Elasthan<\/td>\n<\/tr>\n<tr>\n<td class=\"left\">Materialeigenschaften<\/td>\n<td>elastisch<\/td>\n<\/tr>\n<tr>\n<td class=\"left\">Instrucciones de cuidado<\/td>\n<td>Lavado a m\u00e1quina<\/td>\n<\/tr>\n<tr>\n<td class=\"left\">Optik<\/td>\n<td>mehrfarbig, meliert<\/td>\n<\/tr>\n<tr>\n<td class=\"left\">Stil<\/td>\n<td>sportlich<\/td>\n<\/tr>\n<tr>\n<td class=\"left\">Color<\/td>\n<td>anthrazit, grau, wei\u00df<\/td>\n<\/tr>\n<tr>\n<td class=\"left\">Beinform<\/td>\n<td>extra-eng<\/td>\n<\/tr>\n<tr>\n<td class=\"left\">Ajuste<\/td>\n<td>stretch fit<\/td>\n<\/tr>\n<tr>\n<td class=\"left\">Schnittform L\u00e4nge<\/td>\n<td>lang<\/td>\n<\/tr>\n<tr>\n<td class=\"left\">Besondere Merkmale<\/td>\n<td>im sportiven Colorblockdesign<\/td>\n<\/tr>\n<\/tbody>\n<\/table>","protected":false},"featured_media":80230,"comment_status":"open","ping_status":"closed","template":"","meta":{"_seopress_robots_primary_cat":"","_seopress_titles_title":"","_seopress_titles_desc":"","_seopress_robots_index":""},"product_brand":[],"product_cat":[1348,1444,1445,1453],"product_tag":[],"class_list":{"0":"post-80079","1":"product","2":"type-product","3":"status-publish","4":"has-post-thumbnail","6":"product_cat-damen-mode","7":"product_cat-unterwaesche","8":"product_cat-strumpfhosen","9":"product_cat-leggings","10":"product_shipping_class-standard-versand","12":"first","13":"instock","14":"sale","15":"taxable","16":"shipping-taxable","17":"purchasable","18":"product-type-simple"},"_links":{"self":[{"href":"https:\/\/www.soanam.de\/es\/wp-json\/wp\/v2\/product\/80079","targetHints":{"allow":["GET"]}}],"collection":[{"href":"https:\/\/www.soanam.de\/es\/wp-json\/wp\/v2\/product"}],"about":[{"href":"https:\/\/www.soanam.de\/es\/wp-json\/wp\/v2\/types\/product"}],"replies":[{"embeddable":true,"href":"https:\/\/www.soanam.de\/es\/wp-json\/wp\/v2\/comments?post=80079"}],"wp:featuredmedia":[{"embeddable":true,"href":"https:\/\/www.soanam.de\/es\/wp-json\/wp\/v2\/media\/80230"}],"wp:attachment":[{"href":"https:\/\/www.soanam.de\/es\/wp-json\/wp\/v2\/media?parent=80079"}],"wp:term":[{"taxonomy":"product_brand","embeddable":true,"href":"https:\/\/www.soanam.de\/es\/wp-json\/wp\/v2\/product_brand?post=80079"},{"taxonomy":"product_cat","embeddable":true,"href":"https:\/\/www.soanam.de\/es\/wp-json\/wp\/v2\/product_cat?post=80079"},{"taxonomy":"product_tag","embeddable":true,"href":"https:\/\/www.soanam.de\/es\/wp-json\/wp\/v2\/product_tag?post=80079"}],"curies":[{"name":"wp","href":"https:\/\/api.w.org\/{rel}","templated":true}]}}