{"id":80039,"date":"2023-12-13T23:56:23","date_gmt":"2023-12-13T22:56:23","guid":{"rendered":"https:\/\/www.soanam.de\/?post_type=product&#038;p=80039"},"modified":"2023-12-14T00:01:42","modified_gmt":"2023-12-13T23:01:42","slug":"rogo-strickleggings-thermosan-in-natur-groesse-36-38","status":"publish","type":"product","link":"https:\/\/www.soanam.de\/es\/produkt\/rogo-strickleggings-thermosan-in-natur-groesse-36-38\/","title":{"rendered":"Mallas de punto Rogo Thermosan, en color natural, talla 36\/38"},"content":{"rendered":"<p>Leotardos de punto sin pie<br \/>\nMantiene la forma y absorbe el sudor<br \/>\nIdeal tambi\u00e9n para los deportes de invierno<br \/>\nMezcla de algod\u00f3n el\u00e1stico<\/p>\n<p>Die Leggings Thermosan umschmeicheln die Beine mit weicher Feinstrickqualit\u00e4t, wie eine formbest\u00e4ndige Strumpfhose ohne Fu\u00df.<br \/>\nEl pu\u00f1o garantiza un ajuste agradablemente seguro.<br \/>\nDas mollige Feinstrickmaterial wirkt schwei\u00dfaufsaugend und ist somit f\u00fcr Wintersportler unverzichtbar.<\/p>\n<p>Material: 80% Baumwolle, 18% Polyamid, 2% Elasthan<br \/>\nInstrucciones de cuidado: Lavar a m\u00e1quina<\/p>\n<p>Farbe: natur<br \/>\nPatr\u00f3n: sin<br \/>\nTalla: 36\/38<\/p>\n<p>Schrittl\u00e4nge: 63cm<br \/>\nLongitud total: 95 cm<\/p>\n<p>Este nuevo art\u00edculo es una devoluci\u00f3n de un cliente sin etiqueta.<\/p>","protected":false},"excerpt":{"rendered":"<table class=\"dv_characteristicsTable\">\n<tbody>\n<tr>\n<td class=\"left\">Talla<\/td>\n<td>36\/38<\/td>\n<\/tr>\n<tr>\n<td class=\"left\">Gr\u00f6\u00dfentyp<\/td>\n<td>Normalgr\u00f6\u00dfen<\/td>\n<\/tr>\n<tr>\n<td class=\"left\">Composici\u00f3n del material<\/td>\n<td>Obermaterial: 80% Baumwolle, 18% Polyamid, 2% Elasthan<\/td>\n<\/tr>\n<tr>\n<td class=\"left\">Materialeigenschaften<\/td>\n<td>elastisch<\/td>\n<\/tr>\n<tr>\n<td class=\"left\">Instrucciones de cuidado<\/td>\n<td>Lavado a m\u00e1quina<\/td>\n<\/tr>\n<tr>\n<td class=\"left\">Optik<\/td>\n<td>unifarben<\/td>\n<\/tr>\n<tr>\n<td class=\"left\">Stil<\/td>\n<td>Basic<\/td>\n<\/tr>\n<tr>\n<td class=\"left\">Color<\/td>\n<td>natur<\/td>\n<\/tr>\n<tr>\n<td class=\"left\">Leibh\u00f6he<\/td>\n<td>hoch<\/td>\n<\/tr>\n<tr>\n<td class=\"left\">Beinform<\/td>\n<td>schmal<\/td>\n<\/tr>\n<tr>\n<td class=\"left\">Ajuste<\/td>\n<td>stretch fit<\/td>\n<\/tr>\n<tr>\n<td class=\"left\">Schnittform L\u00e4nge<\/td>\n<td>lang<\/td>\n<\/tr>\n<tr>\n<td class=\"left\">Besondere Merkmale<\/td>\n<td>ideal f\u00fcr den Wintersport<\/td>\n<\/tr>\n<tr>\n<td class=\"left\">Sportart<\/td>\n<td>Alpinski, Skilanglauf, Snowboard<\/td>\n<\/tr>\n<\/tbody>\n<\/table>","protected":false},"featured_media":80198,"comment_status":"open","ping_status":"closed","template":"","meta":{"_seopress_robots_primary_cat":"","_seopress_titles_title":"","_seopress_titles_desc":"","_seopress_robots_index":""},"product_brand":[],"product_cat":[1348,1444,1445,1453],"product_tag":[],"class_list":{"0":"post-80039","1":"product","2":"type-product","3":"status-publish","4":"has-post-thumbnail","6":"product_cat-damen-mode","7":"product_cat-unterwaesche","8":"product_cat-strumpfhosen","9":"product_cat-leggings","10":"product_shipping_class-standard-versand","12":"first","13":"instock","14":"sale","15":"taxable","16":"shipping-taxable","17":"purchasable","18":"product-type-simple"},"_links":{"self":[{"href":"https:\/\/www.soanam.de\/es\/wp-json\/wp\/v2\/product\/80039","targetHints":{"allow":["GET"]}}],"collection":[{"href":"https:\/\/www.soanam.de\/es\/wp-json\/wp\/v2\/product"}],"about":[{"href":"https:\/\/www.soanam.de\/es\/wp-json\/wp\/v2\/types\/product"}],"replies":[{"embeddable":true,"href":"https:\/\/www.soanam.de\/es\/wp-json\/wp\/v2\/comments?post=80039"}],"wp:featuredmedia":[{"embeddable":true,"href":"https:\/\/www.soanam.de\/es\/wp-json\/wp\/v2\/media\/80198"}],"wp:attachment":[{"href":"https:\/\/www.soanam.de\/es\/wp-json\/wp\/v2\/media?parent=80039"}],"wp:term":[{"taxonomy":"product_brand","embeddable":true,"href":"https:\/\/www.soanam.de\/es\/wp-json\/wp\/v2\/product_brand?post=80039"},{"taxonomy":"product_cat","embeddable":true,"href":"https:\/\/www.soanam.de\/es\/wp-json\/wp\/v2\/product_cat?post=80039"},{"taxonomy":"product_tag","embeddable":true,"href":"https:\/\/www.soanam.de\/es\/wp-json\/wp\/v2\/product_tag?post=80039"}],"curies":[{"name":"wp","href":"https:\/\/api.w.org\/{rel}","templated":true}]}}