{"id":79994,"date":"2023-12-13T23:55:32","date_gmt":"2023-12-13T22:55:32","guid":{"rendered":"https:\/\/www.soanam.de\/?post_type=product&#038;p=79994"},"modified":"2023-12-14T00:00:24","modified_gmt":"2023-12-13T23:00:24","slug":"vivance-homewear-leggings-con-pierna-recta-en-negro-talla-36-38","status":"publish","type":"product","link":"https:\/\/www.soanam.de\/es\/produkt\/vivance-homewear-leggings-mit-geradem-bein-in-schwarz-groesse-36-38\/","title":{"rendered":"Leggings Vivance homewear de pierna recta, en negro, talla 36\/38"},"content":{"rendered":"<p>Homewear-Leggings von Vivance<br \/>\nBequeme Relaxhose<br \/>\nCorte recto<br \/>\nIn hochwertiger Baumwollqualit\u00e4t<\/p>\n<p>Die Relaxhose von Vivance \u00fcberzeugt nicht nur mit ihrer hochwertigen Baumwollqualit\u00e4t, sondern auch mit ihrem tollen Look.<br \/>\nDie reine, hautsympathische Baumwolle und der komfortable, gerade Schnitt sorgen f\u00fcr ein herrlich bequemes Tragegef\u00fchl, das etwas breitere B\u00fcndchen f\u00fcr angenehmen Halt, ohne einzuschn\u00fcren<\/p>\n<p>Material: algod\u00f3n 100%<br \/>\nInstrucciones de cuidado: Lavar a m\u00e1quina<\/p>\n<p>Color: negro<br \/>\nPatr\u00f3n: sin<br \/>\nTalla: 36\/38<\/p>\n<p>Cintura: 70 cm<br \/>\nPer\u00edmetro de la cadera: 84 cm<br \/>\nLongitud del pelda\u00f1o: 79 cm<br \/>\nLongitud total: 104 cm<\/p>\n<p>Este nuevo art\u00edculo es una devoluci\u00f3n de un cliente sin etiqueta.<\/p>","protected":false},"excerpt":{"rendered":"<table class=\"dv_characteristicsTable\">\n<tbody>\n<tr>\n<td class=\"left\">Talla<\/td>\n<td>36\/38<\/td>\n<\/tr>\n<tr>\n<td class=\"left\">Gr\u00f6\u00dfentyp<\/td>\n<td>Normalgr\u00f6\u00dfen<\/td>\n<\/tr>\n<tr>\n<td class=\"left\">Composici\u00f3n del material<\/td>\n<td>Obermaterial: 100% Baumwolle<\/td>\n<\/tr>\n<tr>\n<td class=\"left\">Instrucciones de cuidado<\/td>\n<td>Lavado a m\u00e1quina<\/td>\n<\/tr>\n<tr>\n<td class=\"left\">Optik<\/td>\n<td>unifarben<\/td>\n<\/tr>\n<tr>\n<td class=\"left\">Stil<\/td>\n<td>Basic<\/td>\n<\/tr>\n<tr>\n<td class=\"left\">Color<\/td>\n<td>schwarz<\/td>\n<\/tr>\n<tr>\n<td class=\"left\">Leibh\u00f6he<\/td>\n<td>normal<\/td>\n<\/tr>\n<tr>\n<td class=\"left\">Beinform<\/td>\n<td>gerade<\/td>\n<\/tr>\n<tr>\n<td class=\"left\">Ajuste<\/td>\n<td>bequem<\/td>\n<\/tr>\n<tr>\n<td class=\"left\">Schnittform L\u00e4nge<\/td>\n<td>lang<\/td>\n<\/tr>\n<tr>\n<td class=\"left\">Besondere Merkmale<\/td>\n<td>mit geradem Bein<\/td>\n<\/tr>\n<\/tbody>\n<\/table>","protected":false},"featured_media":80150,"comment_status":"open","ping_status":"closed","template":"","meta":{"_seopress_robots_primary_cat":"","_seopress_titles_title":"","_seopress_titles_desc":"","_seopress_robots_index":""},"product_brand":[],"product_cat":[1348,1402,1589],"product_tag":[],"class_list":{"0":"post-79994","1":"product","2":"type-product","3":"status-publish","4":"has-post-thumbnail","6":"product_cat-damen-mode","7":"product_cat-sportbekleidung-damen-mode","8":"product_cat-leggings-sportbekleidung-damen-mode","9":"product_shipping_class-standard-versand","11":"first","12":"instock","13":"sale","14":"taxable","15":"shipping-taxable","16":"purchasable","17":"product-type-simple"},"_links":{"self":[{"href":"https:\/\/www.soanam.de\/es\/wp-json\/wp\/v2\/product\/79994","targetHints":{"allow":["GET"]}}],"collection":[{"href":"https:\/\/www.soanam.de\/es\/wp-json\/wp\/v2\/product"}],"about":[{"href":"https:\/\/www.soanam.de\/es\/wp-json\/wp\/v2\/types\/product"}],"replies":[{"embeddable":true,"href":"https:\/\/www.soanam.de\/es\/wp-json\/wp\/v2\/comments?post=79994"}],"wp:featuredmedia":[{"embeddable":true,"href":"https:\/\/www.soanam.de\/es\/wp-json\/wp\/v2\/media\/80150"}],"wp:attachment":[{"href":"https:\/\/www.soanam.de\/es\/wp-json\/wp\/v2\/media?parent=79994"}],"wp:term":[{"taxonomy":"product_brand","embeddable":true,"href":"https:\/\/www.soanam.de\/es\/wp-json\/wp\/v2\/product_brand?post=79994"},{"taxonomy":"product_cat","embeddable":true,"href":"https:\/\/www.soanam.de\/es\/wp-json\/wp\/v2\/product_cat?post=79994"},{"taxonomy":"product_tag","embeddable":true,"href":"https:\/\/www.soanam.de\/es\/wp-json\/wp\/v2\/product_tag?post=79994"}],"curies":[{"name":"wp","href":"https:\/\/api.w.org\/{rel}","templated":true}]}}