{"id":79972,"date":"2023-12-13T23:55:05","date_gmt":"2023-12-13T22:55:05","guid":{"rendered":"https:\/\/www.soanam.de\/?post_type=product&#038;p=79972"},"modified":"2023-12-13T23:59:44","modified_gmt":"2023-12-13T22:59:44","slug":"satisfyer-pro-2-estimulador-de-pulso-de-aire-vibracion-en-oro-impermeable-recargable","status":"publish","type":"product","link":"https:\/\/www.soanam.de\/es\/produkt\/satisfyer-pro-2-air-pulse-stimulator-vibration-in-gold-wasserdicht-aufladbare\/","title":{"rendered":"Satisfyer Pro 2+ Estimulador de impulsos de aire + vibraci\u00f3n en oro, resistente al agua y recargable"},"content":{"rendered":"<h3>Descripci\u00f3n de la<\/h3>\n<p>Satisfyer Pro 2+ succionador de cl\u00edtoris con ondas de presi\u00f3n y vibraci\u00f3n, juguete sexual para mujeres, resistente al agua, recargable<\/p>\n<p>Este vibrador cl\u00e1sico y elegante est\u00e1 equipado con la innovadora tecnolog\u00eda Airpulse de Satisfyer, que mima el cl\u00edtoris con suaves e intensas ondas de presi\u00f3n. Con este superventas, podr\u00e1s disfrutar de orgasmos placenteros de los que no podr\u00e1s saciarte. Adem\u00e1s de orgasmos incre\u00edbles, este Satisfyer Pro 2+ tiene un dise\u00f1o de bot\u00f3n optimizado que te permite elegir entre 11 excitantes niveles de ondas de presi\u00f3n. El dispositivo es resistente al agua y puede utilizarse discretamente en el ba\u00f1o o entre las s\u00e1banas gracias a su motor silencioso. El suave cabezal de silicona higi\u00e9nica es m\u00e1s grande y ancho para que envuelva a\u00fan mejor tu cl\u00edtoris y te proporcione sensaciones \u00fanicas.<\/p>\n<p>*Impermeable<br \/>\n*Modo susurro<br \/>\n*Recargable por USB<br \/>\n*10 programas de vibraci\u00f3n<br \/>\n*11 programas de ondas de presi\u00f3n<br \/>\n*Silicona respetuosa con la piel<br \/>\n*F\u00e1cil de limpiar<br \/>\n*2 motores controlables por separado<br \/>\n*Estimulaci\u00f3n del cl\u00edtoris mediante ondas de presi\u00f3n y vibraciones.<\/p>","protected":false},"excerpt":{"rendered":"<h3>Artikelmerkmale<\/h3>\n<p>Estado del art\u00edculo: Nuevo con etiqueta: Art\u00edculo nuevo, sin usar y sin estrenar, en su embalaje original.<\/p>\n<p>Gr\u00f6\u00dfe: 16 cm.<br \/>\nGewicht: 0.200<br \/>\nPower: USB Wiederaufladbar<br \/>\nWasserdicht: Wasserdicht<br \/>\nFarbe: Gold<br \/>\nMaterial: ABS, Silikon<\/p>","protected":false},"featured_media":80123,"comment_status":"open","ping_status":"closed","template":"","meta":{"_seopress_robots_primary_cat":"","_seopress_titles_title":"","_seopress_titles_desc":"","_seopress_robots_index":""},"product_brand":[],"product_cat":[1348,1730],"product_tag":[],"class_list":{"0":"post-79972","1":"product","2":"type-product","3":"status-publish","4":"has-post-thumbnail","6":"product_cat-damen-mode","7":"product_cat-sonstiges-2","8":"product_shipping_class-standard-versand","10":"first","11":"instock","12":"sale","13":"taxable","14":"shipping-taxable","15":"purchasable","16":"product-type-simple"},"_links":{"self":[{"href":"https:\/\/www.soanam.de\/es\/wp-json\/wp\/v2\/product\/79972","targetHints":{"allow":["GET"]}}],"collection":[{"href":"https:\/\/www.soanam.de\/es\/wp-json\/wp\/v2\/product"}],"about":[{"href":"https:\/\/www.soanam.de\/es\/wp-json\/wp\/v2\/types\/product"}],"replies":[{"embeddable":true,"href":"https:\/\/www.soanam.de\/es\/wp-json\/wp\/v2\/comments?post=79972"}],"wp:featuredmedia":[{"embeddable":true,"href":"https:\/\/www.soanam.de\/es\/wp-json\/wp\/v2\/media\/80123"}],"wp:attachment":[{"href":"https:\/\/www.soanam.de\/es\/wp-json\/wp\/v2\/media?parent=79972"}],"wp:term":[{"taxonomy":"product_brand","embeddable":true,"href":"https:\/\/www.soanam.de\/es\/wp-json\/wp\/v2\/product_brand?post=79972"},{"taxonomy":"product_cat","embeddable":true,"href":"https:\/\/www.soanam.de\/es\/wp-json\/wp\/v2\/product_cat?post=79972"},{"taxonomy":"product_tag","embeddable":true,"href":"https:\/\/www.soanam.de\/es\/wp-json\/wp\/v2\/product_tag?post=79972"}],"curies":[{"name":"wp","href":"https:\/\/api.w.org\/{rel}","templated":true}]}}