{"id":79971,"date":"2023-12-13T23:55:05","date_gmt":"2023-12-13T22:55:05","guid":{"rendered":"https:\/\/www.soanam.de\/?post_type=product&#038;p=79971"},"modified":"2023-12-13T23:59:28","modified_gmt":"2023-12-13T22:59:28","slug":"funda-rigida-mate-para-macbook-air-13-a1932-a2179-2020-pro-16-a2141","status":"publish","type":"product","link":"https:\/\/www.soanam.de\/es\/produkt\/hardshell-matte-case-cover-fuer-macbook-air-13-a1932-a2179-2020-pro-16-a2141\/","title":{"rendered":"Funda r\u00edgida mate para Macbook Air 13\" A1932\/A2179 2020 Pro 16\" A2141"},"content":{"rendered":"<div>\n<h3>Descripci\u00f3n de la<\/h3>\n<h5>Funda r\u00edgida blindada con almohadilla para Apple Macbook Air 13 M1<\/h5>\n<p>La funda protectora de la serie Hard Case es un art\u00edculo de alta calidad para\u00a0<strong>Apple Macbook Air 13 M1<\/strong>. La funda protectora se ajusta perfectamente al dispositivo y lo protege de la suciedad, los da\u00f1os y los desgarros.<\/p>\n<p>La funda protectora tiene un dise\u00f1o sencillo y elegante que se mantiene limpio y est\u00e9tico durante mucho tiempo gracias a su estructura mate, sin huellas visibles. La funda protectora con un dise\u00f1o sin pretensiones es perfecta para los momentos m\u00e1s importantes y un accesorio elegante.<\/p>\n<p>La bolsa blindada es compatible con los siguientes modelos: <strong>A2179, A2337<\/strong><\/p>\n<\/div>\n<div>\n<div>Para Macbook Pro 16\" A2141<\/div>\n<div><\/div>\n<div><strong>De un vistazo<\/strong><\/div>\n<div><\/div>\n<\/div>\n<div>Fabricado con material de alta calidad<br \/>\nF\u00e1cil acceso a todas las conexiones y ranuras<br \/>\nPies antideslizantes<br \/>\nEsquinas reforzadas<br \/>\nPies plegables incorporados<br \/>\nIdealmente adaptado al dispositivo<br \/>\nDise\u00f1o sin pretensiones<br \/>\nMontaje y desmontaje sencillos<br \/>\nCompatible con: A2179, A2337<\/div>","protected":false},"excerpt":{"rendered":"<h3>Artikelmerkmale<\/h3>\n<p>Estado del art\u00edculo: Nuevo con etiqueta: Art\u00edculo nuevo, sin usar y sin estrenar, en su embalaje original.<\/p>\n<table border=\"0\" frame=\"VOID\" rules=\"NONE\" cellspacing=\"0\">\n<colgroup>\n<col width=\"166\" \/>\n<col width=\"296\" \/><\/colgroup>\n<tbody>\n<tr>\n<td align=\"LEFT\" width=\"166\" height=\"17\">Caracter\u00edsticas especiales:<\/td>\n<td align=\"LEFT\" width=\"296\">Anti-Rutsch, Faltbar<\/td>\n<\/tr>\n<tr>\n<td align=\"LEFT\" height=\"17\">EAN:<\/td>\n<td align=\"LEFT\">5907765652695<\/td>\n<\/tr>\n<tr>\n<td align=\"LEFT\" height=\"17\">Color:<\/td>\n<td align=\"LEFT\">grau<\/td>\n<\/tr>\n<tr>\n<td align=\"LEFT\" height=\"17\"><\/td>\n<td align=\"LEFT\"><\/td>\n<\/tr>\n<tr>\n<td align=\"LEFT\" height=\"17\">H\u00f6he:<\/td>\n<td align=\"LEFT\">nicht zutreffend<\/td>\n<\/tr>\n<tr>\n<td align=\"LEFT\" height=\"17\">Kompatibel mit Laptopgr\u00f6\u00dfe:<\/td>\n<td align=\"LEFT\">Apple MacBook Air 13 M1<\/td>\n<\/tr>\n<tr>\n<td align=\"LEFT\" height=\"17\">Material:<\/td>\n<td align=\"LEFT\">Polycarbonat<\/td>\n<\/tr>\n<tr>\n<td align=\"LEFT\" height=\"17\">Modell:<\/td>\n<td align=\"LEFT\">MacBook Air 13 M1<\/td>\n<\/tr>\n<tr>\n<td align=\"LEFT\" height=\"17\">Patr\u00f3n:<\/td>\n<td align=\"LEFT\">nicht zutreffend<\/td>\n<\/tr>\n<tr>\n<td align=\"LEFT\" height=\"17\">Produktart:<\/td>\n<td align=\"LEFT\">Hard Case Klapptasche<\/td>\n<\/tr>\n<\/tbody>\n<\/table>","protected":false},"featured_media":80107,"comment_status":"open","ping_status":"closed","template":"","meta":{"_seopress_robots_primary_cat":"","_seopress_titles_title":"","_seopress_titles_desc":"","_seopress_robots_index":""},"product_brand":[],"product_cat":[1730],"product_tag":[],"class_list":{"0":"post-79971","1":"product","2":"type-product","3":"status-publish","4":"has-post-thumbnail","6":"product_cat-sonstiges-2","7":"product_shipping_class-standard-versand","9":"first","10":"instock","11":"sale","12":"taxable","13":"shipping-taxable","14":"purchasable","15":"product-type-simple"},"_links":{"self":[{"href":"https:\/\/www.soanam.de\/es\/wp-json\/wp\/v2\/product\/79971","targetHints":{"allow":["GET"]}}],"collection":[{"href":"https:\/\/www.soanam.de\/es\/wp-json\/wp\/v2\/product"}],"about":[{"href":"https:\/\/www.soanam.de\/es\/wp-json\/wp\/v2\/types\/product"}],"replies":[{"embeddable":true,"href":"https:\/\/www.soanam.de\/es\/wp-json\/wp\/v2\/comments?post=79971"}],"wp:featuredmedia":[{"embeddable":true,"href":"https:\/\/www.soanam.de\/es\/wp-json\/wp\/v2\/media\/80107"}],"wp:attachment":[{"href":"https:\/\/www.soanam.de\/es\/wp-json\/wp\/v2\/media?parent=79971"}],"wp:term":[{"taxonomy":"product_brand","embeddable":true,"href":"https:\/\/www.soanam.de\/es\/wp-json\/wp\/v2\/product_brand?post=79971"},{"taxonomy":"product_cat","embeddable":true,"href":"https:\/\/www.soanam.de\/es\/wp-json\/wp\/v2\/product_cat?post=79971"},{"taxonomy":"product_tag","embeddable":true,"href":"https:\/\/www.soanam.de\/es\/wp-json\/wp\/v2\/product_tag?post=79971"}],"curies":[{"name":"wp","href":"https:\/\/api.w.org\/{rel}","templated":true}]}}