{"id":79947,"date":"2023-12-13T23:54:41","date_gmt":"2023-12-13T22:54:41","guid":{"rendered":"https:\/\/www.soanam.de\/?post_type=product&#038;p=79947"},"modified":"2023-12-13T23:57:46","modified_gmt":"2023-12-13T22:57:46","slug":"funda-de-silicona-semirrigida-para-google-pixel-5-funda-protectora-con-diseno-soft-touch-rojo-2-cristal-blindado","status":"publish","type":"product","link":"https:\/\/www.soanam.de\/es\/produkt\/halbsteife-silikon-handyhuelle-fuer-google-pixel-5-schutzhuelle-mit-soft-touch-design-rot-2-panzerglass\/","title":{"rendered":"Funda semirr\u00edgida de silicona para m\u00f3vil Google Pixel 5, funda protectora con dise\u00f1o suave al tacto - rojo + 2 cristales blindados"},"content":{"rendered":"<h3>Descripci\u00f3n de la<\/h3>\n<p>Protege tu Google Pixel 5 a la perfecci\u00f3n gracias a esta funda. Est\u00e1 hecha de silicona semidura de alta calidad y ofrece a tu smartphone una excelente protecci\u00f3n contra los golpes y ara\u00f1azos cotidianos. La parte trasera mate protege tu smartphone de las huellas dactilares. El interior de tacto suave tambi\u00e9n es blando y protege la parte trasera de tu Google Pixel 5 de ara\u00f1azos y polvo.<\/p>\n<p><strong>Propiedades<\/strong><\/p>\n<p>Funda de silicona para m\u00f3vil hecha para el Google Pixel 5<br \/>\nProtege tu smartphone de golpes, ca\u00eddas y ara\u00f1azos cotidianos.<br \/>\nParte trasera mate, protege contra las huellas dactilares, interior suave al tacto, protege contra ara\u00f1azos<br \/>\nLa funda est\u00e1 disponible en diferentes colores. \u00a1Un accesorio indispensable para tu smartphone!<br \/>\nF\u00e1cil acceso a todas las conexiones y funciones importantes<br \/>\nF\u00e1cil de agarrar y c\u00f3modo de sostener<br \/>\nDa a tu smartphone un aspecto moderno<br \/>\nLa soluci\u00f3n de protecci\u00f3n perfecta para su smartphone.<\/p>","protected":false},"excerpt":{"rendered":"<h3>Artikelmerkmale<\/h3>\n<p>Estado del art\u00edculo: Nuevo con etiqueta: Art\u00edculo nuevo, sin usar y sin estrenar, en su embalaje original.<\/p>\n<p><strong>Datos t\u00e9cnicos<\/strong><\/p>\n<p>OE-Referenznummer: BACK-FAST-RD-PXL5<br \/>\nMarke: Weycolor<br \/>\nFarbe: Rot<br \/>\nLieferumfang: 1x Soft Touch Schutzh\u00fclle<br \/>\nSonderfunktionen: Sch\u00fctzend<br \/>\nMaterial: Silikongel<br \/>\nKompatibilit\u00e4t des Produkts: Google Pixel 5<\/p>","protected":false},"featured_media":80068,"comment_status":"open","ping_status":"closed","template":"","meta":{"_seopress_robots_primary_cat":"","_seopress_titles_title":"","_seopress_titles_desc":"","_seopress_robots_index":""},"product_brand":[],"product_cat":[1730],"product_tag":[],"class_list":{"0":"post-79947","1":"product","2":"type-product","3":"status-publish","4":"has-post-thumbnail","6":"product_cat-sonstiges-2","7":"product_shipping_class-standard-versand","9":"first","10":"instock","11":"sale","12":"taxable","13":"shipping-taxable","14":"purchasable","15":"product-type-simple"},"_links":{"self":[{"href":"https:\/\/www.soanam.de\/es\/wp-json\/wp\/v2\/product\/79947","targetHints":{"allow":["GET"]}}],"collection":[{"href":"https:\/\/www.soanam.de\/es\/wp-json\/wp\/v2\/product"}],"about":[{"href":"https:\/\/www.soanam.de\/es\/wp-json\/wp\/v2\/types\/product"}],"replies":[{"embeddable":true,"href":"https:\/\/www.soanam.de\/es\/wp-json\/wp\/v2\/comments?post=79947"}],"wp:featuredmedia":[{"embeddable":true,"href":"https:\/\/www.soanam.de\/es\/wp-json\/wp\/v2\/media\/80068"}],"wp:attachment":[{"href":"https:\/\/www.soanam.de\/es\/wp-json\/wp\/v2\/media?parent=79947"}],"wp:term":[{"taxonomy":"product_brand","embeddable":true,"href":"https:\/\/www.soanam.de\/es\/wp-json\/wp\/v2\/product_brand?post=79947"},{"taxonomy":"product_cat","embeddable":true,"href":"https:\/\/www.soanam.de\/es\/wp-json\/wp\/v2\/product_cat?post=79947"},{"taxonomy":"product_tag","embeddable":true,"href":"https:\/\/www.soanam.de\/es\/wp-json\/wp\/v2\/product_tag?post=79947"}],"curies":[{"name":"wp","href":"https:\/\/api.w.org\/{rel}","templated":true}]}}