{"id":79944,"date":"2023-12-13T23:54:40","date_gmt":"2023-12-13T22:54:40","guid":{"rendered":"https:\/\/www.soanam.de\/?post_type=product&#038;p=79944"},"modified":"2023-12-13T23:57:03","modified_gmt":"2023-12-13T22:57:03","slug":"leatherman-wave-plus-multi-tool-das-legendaere-multifunktionswerkzeug-mit-18-tools-mit-nylon-holster","status":"publish","type":"product","link":"https:\/\/www.soanam.de\/es\/produkt\/leatherman-wave-plus-multi-tool-das-legendaere-multifunktionswerkzeug-mit-18-tools-mit-nylon-holster\/","title":{"rendered":"LEATHERMAN - Wave Plus Multi-Tool, das legend\u00e4re Multifunktionswerkzeug mit 18 Tools, mit Nylon Holster"},"content":{"rendered":"<h3>Descripci\u00f3n de la<\/h3>\n<p>BEREIT F\u00dcR ALLES: Das Wave ist unser beliebtestes Multi-Tool. Wir haben es mit hochwertigen austauschbaren Drahtschneidern ausgestattet, so dass es selbst die h\u00e4rtesten Aufgaben \u00fcber viele Jahre hinweg erledigen kann.<\/p>\n<p>VIELE FUNKTIONEN: Verschiedene Zangen, austauschbare Drahtschneider, eine Abisolierklinge, Messer, S\u00e4ge, Schere, Lineal, Dosen-und Flaschen\u00f6ffner, Feile und und Schraubendreher.<\/p>\n<p>PRAKTISCH: Manchmal musst Du eine Hand frei haben. Das Wave l\u00e4sst sich bequem mit nur einer Hand bedienen. Alle Werkzeuge k\u00f6nnen einh\u00e4ndig ge\u00f6ffnet und geschlossen werden. Und mit den Verriegelungsfunktionen hast Du immer ein sicheres Gef\u00fchl beim Arbeiten.<\/p>\n<p>IMMER GRIFFBEREIT: Mit seiner kompakten Gr\u00f6\u00dfe und dem leichten Design kannst Du Deinen Wave Plus praktisch in die Tasche stecken - so hast Du ihn immer griffbereit dabei.<\/p>\n<p>GARANTIERT: Unsere 25 Jahre Garantie stellt sicher, dass Dir Dein Leatherman \u00fcber viele Jahre einen zuverl\u00e4ssigen Dienst leistet. Schicke es einfach ein und wir reparieren es. Alle Leatherman Multi-Tools werden in Portland, Oregon\/USA hergestellt.<\/p>\n<p>Caracter\u00edsticas principales:<\/p>\n<p>- Feststellbare Werkzeuge<br \/>\n- Au\u00dfenliegende Funktionen<br \/>\n- Mit einer Hand bedienbar<\/p>\n<p>TOOLS (18 Funktionen)<br \/>\n- Spitzzange<br \/>\n- Normale Zange<br \/>\n- Auswechselbarer Drahtschneider<br \/>\n- Auswechselbarer Hartdrahtschneider<br \/>\n- Crimpzange<br \/>\n- Abisolierklinge<br \/>\n- 420HC-Messer<br \/>\n- 420HC-Wellenschliffmesser<br \/>\n- S\u00e4ge<br \/>\n- Schere mit Federbet\u00e4tigung<br \/>\n- Lineal (19 cm)<br \/>\n- Dosen\u00f6ffner<br \/>\n- Kapselheber<br \/>\n- Holz-\/Metallfeile<br \/>\n- Diamantbeschichtete Feile<br \/>\n- Gro\u00dfer Bithalter I<br \/>\n- Kleiner Bithalter<br \/>\n- Mittlerer Schraubendreher<\/p>","protected":false},"excerpt":{"rendered":"<h3>Artikelmerkmale<\/h3>\n<p>Estado del art\u00edculo: Nuevo con etiqueta: Art\u00edculo nuevo, sin usar y sin estrenar, en su embalaje original.<\/p>\n<p>Technische Details<\/p>\n<table border=\"0\" frame=\"VOID\" rules=\"NONE\" cellspacing=\"0\">\n<colgroup>\n<col width=\"337\" \/>\n<col width=\"232\" \/><\/colgroup>\n<tbody>\n<tr>\n<td align=\"LEFT\" width=\"337\" height=\"17\">Hersteller:<\/td>\n<td align=\"LEFT\" width=\"232\">\u200eLeatherman Europe<\/td>\n<\/tr>\n<tr>\n<td align=\"LEFT\" height=\"17\">Artikelnummer:<\/td>\n<td align=\"LEFT\">\u200e832524<\/td>\n<\/tr>\n<tr>\n<td align=\"LEFT\" height=\"17\">Produktabmessungen:<\/td>\n<td align=\"LEFT\">\u200e10.16 x 3.81 x 2.03 cm; 200 Gramm<\/td>\n<\/tr>\n<tr>\n<td align=\"LEFT\" height=\"17\">Geschlossene L\u00e4nge:<\/td>\n<td align=\"LEFT\">4 in | 10 cm<\/td>\n<\/tr>\n<tr>\n<td align=\"LEFT\" height=\"17\">L\u00e4nge der Prim\u00e4rklinge:<\/td>\n<td align=\"LEFT\">2.9 in | 7.37 cm<\/td>\n<\/tr>\n<tr>\n<td align=\"LEFT\" height=\"17\">Artikelgewicht:<\/td>\n<td align=\"LEFT\">8.5 oz | 241 g<\/td>\n<\/tr>\n<tr>\n<td align=\"LEFT\" height=\"17\">Auslaufartikel (Produktion durch Hersteller eingestellt)<\/td>\n<td align=\"LEFT\">\u200eNein<\/td>\n<\/tr>\n<tr>\n<td align=\"LEFT\" height=\"17\">Color:<\/td>\n<td align=\"LEFT\">Acero inoxidable<\/td>\n<\/tr>\n<tr>\n<td align=\"LEFT\" height=\"17\">Material:<\/td>\n<td align=\"LEFT\">\u200eNylon<\/td>\n<\/tr>\n<tr>\n<td align=\"LEFT\" height=\"17\">Anzahl der Packungen:<\/td>\n<td align=\"LEFT\">\u200e1<\/td>\n<\/tr>\n<tr>\n<td align=\"LEFT\" height=\"17\">Holster (Inkl.):<\/td>\n<td align=\"LEFT\">Nylon Black M<\/td>\n<\/tr>\n<tr>\n<td align=\"LEFT\" height=\"17\">Produkttyp:<\/td>\n<td align=\"LEFT\">Multitool<\/td>\n<\/tr>\n<tr>\n<td align=\"LEFT\" height=\"17\">Materiales:<\/td>\n<td align=\"LEFT\">420HC-Edelstahl<\/td>\n<\/tr>\n<\/tbody>\n<\/table>","protected":false},"featured_media":80048,"comment_status":"open","ping_status":"closed","template":"","meta":{"_seopress_robots_primary_cat":"","_seopress_titles_title":"","_seopress_titles_desc":"","_seopress_robots_index":""},"product_brand":[],"product_cat":[1730],"product_tag":[],"class_list":{"0":"post-79944","1":"product","2":"type-product","3":"status-publish","4":"has-post-thumbnail","6":"product_cat-sonstiges-2","7":"product_shipping_class-standard-versand","9":"first","10":"instock","11":"sale","12":"taxable","13":"shipping-taxable","14":"purchasable","15":"product-type-simple"},"_links":{"self":[{"href":"https:\/\/www.soanam.de\/es\/wp-json\/wp\/v2\/product\/79944","targetHints":{"allow":["GET"]}}],"collection":[{"href":"https:\/\/www.soanam.de\/es\/wp-json\/wp\/v2\/product"}],"about":[{"href":"https:\/\/www.soanam.de\/es\/wp-json\/wp\/v2\/types\/product"}],"replies":[{"embeddable":true,"href":"https:\/\/www.soanam.de\/es\/wp-json\/wp\/v2\/comments?post=79944"}],"wp:featuredmedia":[{"embeddable":true,"href":"https:\/\/www.soanam.de\/es\/wp-json\/wp\/v2\/media\/80048"}],"wp:attachment":[{"href":"https:\/\/www.soanam.de\/es\/wp-json\/wp\/v2\/media?parent=79944"}],"wp:term":[{"taxonomy":"product_brand","embeddable":true,"href":"https:\/\/www.soanam.de\/es\/wp-json\/wp\/v2\/product_brand?post=79944"},{"taxonomy":"product_cat","embeddable":true,"href":"https:\/\/www.soanam.de\/es\/wp-json\/wp\/v2\/product_cat?post=79944"},{"taxonomy":"product_tag","embeddable":true,"href":"https:\/\/www.soanam.de\/es\/wp-json\/wp\/v2\/product_tag?post=79944"}],"curies":[{"name":"wp","href":"https:\/\/api.w.org\/{rel}","templated":true}]}}