{"id":79943,"date":"2023-12-13T23:54:39","date_gmt":"2023-12-13T22:54:39","guid":{"rendered":"https:\/\/www.soanam.de\/?post_type=product&#038;p=79943"},"modified":"2023-12-13T23:56:33","modified_gmt":"2023-12-13T22:56:33","slug":"alpha-industries-pantalones-de-chandal-grandes-letras-jogger-en-negro-talla-s","status":"publish","type":"product","link":"https:\/\/www.soanam.de\/es\/produkt\/alpha-industries-sweathose-big-letters-jogger-in-schwarz-groesse-s\/","title":{"rendered":"Pantalones de ch\u00e1ndal Alpha Industries BIG LETTERS JOGGER, en negro, talla S"},"content":{"rendered":"<p>Pantalones de ch\u00e1ndal de Alpha Industries<br \/>\nCorte estrecho<br \/>\nPernera recta con dobladillo en la cintura, tiro normal<br \/>\nCon cord\u00f3n y pu\u00f1os<br \/>\nBolsillos con aberturas laterales<br \/>\nMezcla de materiales de f\u00e1cil cuidado<\/p>\n<p>Los pantalones de ch\u00e1ndal Alpha Industries son unos pantalones de ch\u00e1ndal cl\u00e1sicos.<br \/>\nGracias a la suave mezcla de algod\u00f3n, te sentir\u00e1s genial tanto si haces deporte como si te relajas en casa.<br \/>\nEl gran logotipo de la marca a lo largo de la pernera del pantal\u00f3n tambi\u00e9n realza el look.<\/p>\n<p>Material: algod\u00f3n 80%, poli\u00e9ster 20%<br \/>\nInstrucciones de cuidado: Lavar a m\u00e1quina<\/p>\n<p>Color: negro<br \/>\nPatr\u00f3n: sin<br \/>\nTalla: S<\/p>\n<p>Cintura: 74 cm<br \/>\nPer\u00edmetro de la cadera: 104 cm<br \/>\nLongitud del pelda\u00f1o: 82 cm<br \/>\nLongitud total: 114 cm<\/p>","protected":false},"excerpt":{"rendered":"<table class=\"dv_characteristicsTable\">\n<tbody>\n<tr>\n<td class=\"left\">Talla<\/td>\n<td>S<\/td>\n<\/tr>\n<tr>\n<td class=\"left\">Gr\u00f6\u00dfentyp<\/td>\n<td>Normalgr\u00f6\u00dfen<\/td>\n<\/tr>\n<tr>\n<td class=\"left\">Composici\u00f3n del material<\/td>\n<td>Obermaterial: 80% Baumwolle, 20% Polyester<\/td>\n<\/tr>\n<tr>\n<td class=\"left\">Materialart<\/td>\n<td>Sweatware<\/td>\n<\/tr>\n<tr>\n<td class=\"left\">Instrucciones de cuidado<\/td>\n<td>Lavado a m\u00e1quina<\/td>\n<\/tr>\n<tr>\n<td class=\"left\">Optik<\/td>\n<td>unifarben mit Farbeinsatz<\/td>\n<\/tr>\n<tr>\n<td class=\"left\">Stil<\/td>\n<td>modisch<\/td>\n<\/tr>\n<tr>\n<td class=\"left\">Color<\/td>\n<td>schwarz<\/td>\n<\/tr>\n<tr>\n<td class=\"left\">Leibh\u00f6he<\/td>\n<td>normal<\/td>\n<\/tr>\n<tr>\n<td class=\"left\">Beinform<\/td>\n<td>gerade<\/td>\n<\/tr>\n<tr>\n<td class=\"left\">Ajuste<\/td>\n<td>schmal<\/td>\n<\/tr>\n<tr>\n<td class=\"left\">Applikationen<\/td>\n<td>Print<\/td>\n<\/tr>\n<\/tbody>\n<\/table>","protected":false},"featured_media":80044,"comment_status":"open","ping_status":"closed","template":"","meta":{"_seopress_robots_primary_cat":"","_seopress_titles_title":"","_seopress_titles_desc":"","_seopress_robots_index":""},"product_brand":[],"product_cat":[1345,1365,1526],"product_tag":[],"class_list":{"0":"post-79943","1":"product","2":"type-product","3":"status-publish","4":"has-post-thumbnail","6":"product_cat-herrenmode","7":"product_cat-sportbekleidung","8":"product_cat-jogginghosen-sportbekleidung","9":"product_shipping_class-standard-versand","11":"first","12":"instock","13":"taxable","14":"shipping-taxable","15":"purchasable","16":"product-type-simple"},"_links":{"self":[{"href":"https:\/\/www.soanam.de\/es\/wp-json\/wp\/v2\/product\/79943","targetHints":{"allow":["GET"]}}],"collection":[{"href":"https:\/\/www.soanam.de\/es\/wp-json\/wp\/v2\/product"}],"about":[{"href":"https:\/\/www.soanam.de\/es\/wp-json\/wp\/v2\/types\/product"}],"replies":[{"embeddable":true,"href":"https:\/\/www.soanam.de\/es\/wp-json\/wp\/v2\/comments?post=79943"}],"wp:featuredmedia":[{"embeddable":true,"href":"https:\/\/www.soanam.de\/es\/wp-json\/wp\/v2\/media\/80044"}],"wp:attachment":[{"href":"https:\/\/www.soanam.de\/es\/wp-json\/wp\/v2\/media?parent=79943"}],"wp:term":[{"taxonomy":"product_brand","embeddable":true,"href":"https:\/\/www.soanam.de\/es\/wp-json\/wp\/v2\/product_brand?post=79943"},{"taxonomy":"product_cat","embeddable":true,"href":"https:\/\/www.soanam.de\/es\/wp-json\/wp\/v2\/product_cat?post=79943"},{"taxonomy":"product_tag","embeddable":true,"href":"https:\/\/www.soanam.de\/es\/wp-json\/wp\/v2\/product_tag?post=79943"}],"curies":[{"name":"wp","href":"https:\/\/api.w.org\/{rel}","templated":true}]}}