{"id":79925,"date":"2023-12-13T23:54:14","date_gmt":"2023-12-13T22:54:14","guid":{"rendered":"https:\/\/www.soanam.de\/?post_type=product&#038;p=79925"},"modified":"2023-12-13T23:56:25","modified_gmt":"2023-12-13T22:56:25","slug":"pantalon-deportivo-bruno-banani-pantalon-ligero-en-negro-talla-m","status":"publish","type":"product","link":"https:\/\/www.soanam.de\/es\/produkt\/bruno-banani-sporthose-lightweight-pants-in-schwarz-groesse-m\/","title":{"rendered":"Pantalones deportivos Bruno Banani Pantalones ligeros, en negro, talla M"},"content":{"rendered":"<p>L\u00e4ssige Sporthose von Bruno Banani<br \/>\nHosensaum mit Gummizug weitenverstellbar<br \/>\nElastisches B\u00fcndchen mit Kordelzug<br \/>\nBolsillos laterales con cremallera<br \/>\nMit seitlichen Logodruck<\/p>\n<p>Die lockere Passform der Sporthose von Bruno Banani \u00fcberzeugt, und mit dem Logoschriftzug, den Eingrifftaschen mit Rei\u00dfverschluss und einem weitenverstellbaren Gummizugbund mit Tunnelzug gesellen sich noch ein paar praktische Extras dazu.<br \/>\nDie Qualit\u00e4t ist gef\u00fcttert und dennoch sch\u00f6n leicht, schnell trocknend und pflegeleicht.<\/p>\n<p>Material: Obermaterial: 100% Polyester. Futter: 100% Polyester<br \/>\nInstrucciones de cuidado: Lavar a m\u00e1quina<\/p>\n<p>Color: negro<br \/>\nPatr\u00f3n: sin<br \/>\nTalla: M<\/p>\n<p>Cintura: 80 cm<br \/>\nH\u00fcftumfang: 116cm<br \/>\nLongitud del pelda\u00f1o: 80 cm<br \/>\nLongitud total: 110 cm<\/p>\n<p>&nbsp;<\/p>","protected":false},"excerpt":{"rendered":"<table class=\"dv_characteristicsTable\">\n<tbody>\n<tr>\n<td class=\"left\">Talla<\/td>\n<td>M (48\/50)<\/td>\n<\/tr>\n<tr>\n<td class=\"left\">Gr\u00f6\u00dfentyp<\/td>\n<td>Normalgr\u00f6\u00dfen<\/td>\n<\/tr>\n<tr>\n<td class=\"left\">Composici\u00f3n del material<\/td>\n<td>Obermaterial: 100% Polyester. Futter: 100% Polyester<\/td>\n<\/tr>\n<tr>\n<td class=\"left\">Materialeigenschaften<\/td>\n<td>schnell trocknend<\/td>\n<\/tr>\n<tr>\n<td class=\"left\">Instrucciones de cuidado<\/td>\n<td>Lavado a m\u00e1quina<\/td>\n<\/tr>\n<tr>\n<td class=\"left\">Optik<\/td>\n<td>unifarben<\/td>\n<\/tr>\n<tr>\n<td class=\"left\">Stil<\/td>\n<td>sportlich<\/td>\n<\/tr>\n<tr>\n<td class=\"left\">Herstellerfarbbezeichnung<\/td>\n<td>Negro<\/td>\n<\/tr>\n<tr>\n<td class=\"left\">Color<\/td>\n<td>schwarz<\/td>\n<\/tr>\n<tr>\n<td class=\"left\">Leibh\u00f6he<\/td>\n<td>etwas niedriger<\/td>\n<\/tr>\n<tr>\n<td class=\"left\">Beinform<\/td>\n<td>gerade<\/td>\n<\/tr>\n<tr>\n<td class=\"left\">Ajuste<\/td>\n<td>bequem<\/td>\n<\/tr>\n<tr>\n<td class=\"left\">Schnittform L\u00e4nge<\/td>\n<td>lang<\/td>\n<\/tr>\n<tr>\n<td class=\"left\">Applikationen<\/td>\n<td>Logodruck<\/td>\n<\/tr>\n<tr>\n<td class=\"left\">Besondere Merkmale<\/td>\n<td>mit verstellbarem Hosensaum<\/td>\n<\/tr>\n<\/tbody>\n<\/table>","protected":false},"featured_media":80007,"comment_status":"open","ping_status":"closed","template":"","meta":{"_seopress_robots_primary_cat":"","_seopress_titles_title":"","_seopress_titles_desc":"","_seopress_robots_index":""},"product_brand":[],"product_cat":[1345,1365,1526],"product_tag":[],"class_list":{"0":"post-79925","1":"product","2":"type-product","3":"status-publish","4":"has-post-thumbnail","6":"product_cat-herrenmode","7":"product_cat-sportbekleidung","8":"product_cat-jogginghosen-sportbekleidung","9":"product_shipping_class-standard-versand","11":"first","12":"instock","13":"taxable","14":"shipping-taxable","15":"purchasable","16":"product-type-simple"},"_links":{"self":[{"href":"https:\/\/www.soanam.de\/es\/wp-json\/wp\/v2\/product\/79925","targetHints":{"allow":["GET"]}}],"collection":[{"href":"https:\/\/www.soanam.de\/es\/wp-json\/wp\/v2\/product"}],"about":[{"href":"https:\/\/www.soanam.de\/es\/wp-json\/wp\/v2\/types\/product"}],"replies":[{"embeddable":true,"href":"https:\/\/www.soanam.de\/es\/wp-json\/wp\/v2\/comments?post=79925"}],"wp:featuredmedia":[{"embeddable":true,"href":"https:\/\/www.soanam.de\/es\/wp-json\/wp\/v2\/media\/80007"}],"wp:attachment":[{"href":"https:\/\/www.soanam.de\/es\/wp-json\/wp\/v2\/media?parent=79925"}],"wp:term":[{"taxonomy":"product_brand","embeddable":true,"href":"https:\/\/www.soanam.de\/es\/wp-json\/wp\/v2\/product_brand?post=79925"},{"taxonomy":"product_cat","embeddable":true,"href":"https:\/\/www.soanam.de\/es\/wp-json\/wp\/v2\/product_cat?post=79925"},{"taxonomy":"product_tag","embeddable":true,"href":"https:\/\/www.soanam.de\/es\/wp-json\/wp\/v2\/product_tag?post=79925"}],"curies":[{"name":"wp","href":"https:\/\/api.w.org\/{rel}","templated":true}]}}