{"id":79886,"date":"2023-12-13T23:21:08","date_gmt":"2023-12-13T22:21:08","guid":{"rendered":"https:\/\/www.soanam.de\/?post_type=product&#038;p=79886"},"modified":"2023-12-13T23:55:48","modified_gmt":"2023-12-13T22:55:48","slug":"reebok-sporthose-lightweight-pants-in-schwarz-groesse-3xl","status":"publish","type":"product","link":"https:\/\/www.soanam.de\/es\/produkt\/reebok-sporthose-lightweight-pants-in-schwarz-groesse-3xl\/","title":{"rendered":"Reebok Sporthose Lightweight Pants, in Schwarz, Gr\u00f6\u00dfe 3XL"},"content":{"rendered":"<p>L\u00e4ssige Sporthose von Reebok<br \/>\nIn weiter Passform<br \/>\nElastisches B\u00fcndchen mit Kordelzug<br \/>\nBolsillos con aberturas laterales<br \/>\nMit seitlichen Logodruck<br \/>\nMit Zugb\u00e4ndern an den Beinenden<\/p>\n<p>Die weite Passform der Sporthose von Reebok erzeugt einen sehr l\u00e4ssigen Look.<br \/>\nDie Zugb\u00e4nder an den Beinenden erm\u00f6glichen dir, die Hose weit offen oder gerafft tragen.<br \/>\nFarbliche Eins\u00e4tze sowie das gro\u00dfe seitliche Markenlogo vervollst\u00e4ndigen die ansprechende Optik.<br \/>\nDas strapazierf\u00e4hige Gewebe leitet den Schwei\u00df ab.<\/p>\n<p>Material: 100% Polyamid<br \/>\nInstrucciones de cuidado: Lavar a m\u00e1quina<\/p>\n<p>Color: negro, blanco<br \/>\nMuster: Farbeins\u00e4tze<br \/>\nGr\u00f6\u00dfe: 3X\/22-24W ( 52\/54 )<\/p>\n<p>Bundweite: 109cm<br \/>\nH\u00fcftumfang: 154cm<br \/>\nLongitud del pelda\u00f1o: 77 cm<br \/>\nGesamtl\u00e4nge: 119cm<\/p>\n<p>&nbsp;<\/p>\n<p>Este nuevo art\u00edculo es una devoluci\u00f3n de un cliente sin etiqueta.<\/p>","protected":false},"excerpt":{"rendered":"<p>Material: 100% Polyamid<br \/>\nInstrucciones de cuidado: Lavar a m\u00e1quina<\/p>\n<p>Color: negro, blanco<br \/>\nMuster: Farbeins\u00e4tze<br \/>\nGr\u00f6\u00dfe: 3X\/22-24W ( 52\/54 )<\/p>","protected":false},"featured_media":80003,"comment_status":"open","ping_status":"closed","template":"","meta":{"_seopress_robots_primary_cat":"","_seopress_titles_title":"","_seopress_titles_desc":"","_seopress_robots_index":""},"product_brand":[],"product_cat":[1348,1402,1584],"product_tag":[],"class_list":{"0":"post-79886","1":"product","2":"type-product","3":"status-publish","4":"has-post-thumbnail","6":"product_cat-damen-mode","7":"product_cat-sportbekleidung-damen-mode","8":"product_cat-jogginghosen-sportbekleidung-damen-mode","9":"product_shipping_class-standard-versand","11":"first","12":"instock","13":"sale","14":"taxable","15":"shipping-taxable","16":"purchasable","17":"product-type-simple"},"_links":{"self":[{"href":"https:\/\/www.soanam.de\/es\/wp-json\/wp\/v2\/product\/79886","targetHints":{"allow":["GET"]}}],"collection":[{"href":"https:\/\/www.soanam.de\/es\/wp-json\/wp\/v2\/product"}],"about":[{"href":"https:\/\/www.soanam.de\/es\/wp-json\/wp\/v2\/types\/product"}],"replies":[{"embeddable":true,"href":"https:\/\/www.soanam.de\/es\/wp-json\/wp\/v2\/comments?post=79886"}],"wp:featuredmedia":[{"embeddable":true,"href":"https:\/\/www.soanam.de\/es\/wp-json\/wp\/v2\/media\/80003"}],"wp:attachment":[{"href":"https:\/\/www.soanam.de\/es\/wp-json\/wp\/v2\/media?parent=79886"}],"wp:term":[{"taxonomy":"product_brand","embeddable":true,"href":"https:\/\/www.soanam.de\/es\/wp-json\/wp\/v2\/product_brand?post=79886"},{"taxonomy":"product_cat","embeddable":true,"href":"https:\/\/www.soanam.de\/es\/wp-json\/wp\/v2\/product_cat?post=79886"},{"taxonomy":"product_tag","embeddable":true,"href":"https:\/\/www.soanam.de\/es\/wp-json\/wp\/v2\/product_tag?post=79886"}],"curies":[{"name":"wp","href":"https:\/\/api.w.org\/{rel}","templated":true}]}}