{"id":79863,"date":"2023-12-13T23:20:42","date_gmt":"2023-12-13T22:20:42","guid":{"rendered":"https:\/\/www.soanam.de\/?post_type=product&#038;p=79863"},"modified":"2023-12-13T23:55:25","modified_gmt":"2023-12-13T22:55:25","slug":"pantalon-sudadera-clasico-de-bench-en-negro-talla-44-46","status":"publish","type":"product","link":"https:\/\/www.soanam.de\/es\/produkt\/bench-klassische-sweathose-in-schwarz-groesse-44-46\/","title":{"rendered":"Banco. Pantal\u00f3n de ch\u00e1ndal cl\u00e1sico, en negro, talla 44\/46"},"content":{"rendered":"<p>Pantalones de ch\u00e1ndal b\u00e1sicos en un ancho c\u00f3modo de Bench.<br \/>\nPantal\u00f3n relajante con cintura con cord\u00f3n para ajustar la anchura<br \/>\nBolsillos laterales y peque\u00f1o logotipo estampado en la pernera izquierda<br \/>\nCon pu\u00f1os en los extremos de las piernas<br \/>\nRopa de casa confeccionada con sudaderas blandas<\/p>\n<p>La cintura el\u00e1stica con cord\u00f3n de los pantalones largos de ch\u00e1ndal con pu\u00f1os en los extremos de las perneras puede ajustarse individualmente.<br \/>\nLos detallados bolsillos con aberturas y ribetes de canal\u00e9 y la peque\u00f1a inscripci\u00f3n Bench justo debajo aportan un look deportivo.<br \/>\nEl tejido de sudadera suave y ligeramente resistente hace que estos pantalones de ch\u00e1ndal cl\u00e1sicos de Bench sean sencillamente indispensables.<\/p>\n<p>Material: algod\u00f3n 60% , poli\u00e9ster 40%<br \/>\nInstrucciones de cuidado: Lavar a m\u00e1quina<\/p>\n<p>Color: negro<br \/>\nPatr\u00f3n: sin<br \/>\nTalla: 44\/46<\/p>\n<p>Cintura: 65 cm<br \/>\nCircunferencia de la cadera: 103 cm<br \/>\nLongitud del pelda\u00f1o: 80 cm<br \/>\nLongitud total: 106 cm<\/p>\n<p>&nbsp;<\/p>\n<p>Este nuevo art\u00edculo es una devoluci\u00f3n de un cliente sin etiqueta.<\/p>","protected":false},"excerpt":{"rendered":"<table class=\"dv_characteristicsTable\">\n<tbody>\n<tr>\n<td class=\"left\">Talla<\/td>\n<td>44\/46 (S)<\/td>\n<\/tr>\n<tr>\n<td class=\"left\">Gr\u00f6\u00dfentyp<\/td>\n<td>Normalgr\u00f6\u00dfen<\/td>\n<\/tr>\n<tr>\n<td class=\"left\">Composici\u00f3n del material<\/td>\n<td>Obermaterial: 60% Baumwolle\u00a0, 40% Polyester<\/td>\n<\/tr>\n<tr>\n<td class=\"left\">Materialart<\/td>\n<td>Sweatware<\/td>\n<\/tr>\n<tr>\n<td class=\"left\">Instrucciones de cuidado<\/td>\n<td>Lavado a m\u00e1quina<\/td>\n<\/tr>\n<tr>\n<td class=\"left\">Color<\/td>\n<td>schwarz<\/td>\n<\/tr>\n<tr>\n<td class=\"left\">Bundabschluss<\/td>\n<td>angesetztes B\u00fcndchen<\/td>\n<\/tr>\n<tr>\n<td class=\"left\">Bundabschlussdetails<\/td>\n<td>mit Gummizug, mit Bindeband<\/td>\n<\/tr>\n<tr>\n<td class=\"left\">Beinabschluss<\/td>\n<td>Pu\u00f1os de canal\u00e9<\/td>\n<\/tr>\n<tr>\n<td class=\"left\">Beinform<\/td>\n<td>gerade, unten schmal<\/td>\n<\/tr>\n<tr>\n<td class=\"left\">Schnittform L\u00e4nge<\/td>\n<td>lang<\/td>\n<\/tr>\n<tr>\n<td class=\"left\">Applikationen<\/td>\n<td>Druck<\/td>\n<\/tr>\n<tr>\n<td class=\"left\">Bolsas<\/td>\n<td>Seitennahttaschen<\/td>\n<\/tr>\n<tr>\n<td class=\"left\">Besondere Merkmale<\/td>\n<td>mit B\u00fcndchen unten am Saum<\/td>\n<\/tr>\n<\/tbody>\n<\/table>","protected":false},"featured_media":79985,"comment_status":"open","ping_status":"closed","template":"","meta":{"_seopress_robots_primary_cat":"","_seopress_titles_title":"","_seopress_titles_desc":"","_seopress_robots_index":""},"product_brand":[],"product_cat":[1345,1365,1526],"product_tag":[],"class_list":{"0":"post-79863","1":"product","2":"type-product","3":"status-publish","4":"has-post-thumbnail","6":"product_cat-herrenmode","7":"product_cat-sportbekleidung","8":"product_cat-jogginghosen-sportbekleidung","9":"product_shipping_class-standard-versand","11":"first","12":"instock","13":"sale","14":"taxable","15":"shipping-taxable","16":"purchasable","17":"product-type-simple"},"_links":{"self":[{"href":"https:\/\/www.soanam.de\/es\/wp-json\/wp\/v2\/product\/79863","targetHints":{"allow":["GET"]}}],"collection":[{"href":"https:\/\/www.soanam.de\/es\/wp-json\/wp\/v2\/product"}],"about":[{"href":"https:\/\/www.soanam.de\/es\/wp-json\/wp\/v2\/types\/product"}],"replies":[{"embeddable":true,"href":"https:\/\/www.soanam.de\/es\/wp-json\/wp\/v2\/comments?post=79863"}],"wp:featuredmedia":[{"embeddable":true,"href":"https:\/\/www.soanam.de\/es\/wp-json\/wp\/v2\/media\/79985"}],"wp:attachment":[{"href":"https:\/\/www.soanam.de\/es\/wp-json\/wp\/v2\/media?parent=79863"}],"wp:term":[{"taxonomy":"product_brand","embeddable":true,"href":"https:\/\/www.soanam.de\/es\/wp-json\/wp\/v2\/product_brand?post=79863"},{"taxonomy":"product_cat","embeddable":true,"href":"https:\/\/www.soanam.de\/es\/wp-json\/wp\/v2\/product_cat?post=79863"},{"taxonomy":"product_tag","embeddable":true,"href":"https:\/\/www.soanam.de\/es\/wp-json\/wp\/v2\/product_tag?post=79863"}],"curies":[{"name":"wp","href":"https:\/\/api.w.org\/{rel}","templated":true}]}}