{"id":79861,"date":"2023-12-13T23:20:42","date_gmt":"2023-12-13T22:20:42","guid":{"rendered":"https:\/\/www.soanam.de\/?post_type=product&#038;p=79861"},"modified":"2023-12-13T23:55:16","modified_gmt":"2023-12-13T22:55:16","slug":"pantalon-capri-bench-relax-en-color-caqui-talla-36-38","status":"publish","type":"product","link":"https:\/\/www.soanam.de\/es\/produkt\/bench-relax-caprihose-in-khaki-groesse-36-38\/","title":{"rendered":"Banco. Pantal\u00f3n capri relax, en color caqui, talla 36\/38"},"content":{"rendered":"<p>Relaxcapri con pu\u00f1os de canal\u00e9 de Bench<br \/>\nC\u00f3modos pu\u00f1os anchos<br \/>\nLogotipo grande impreso en la pernera<br \/>\nPr\u00e1cticos bolsillos con aberturas<br \/>\nDe suave algod\u00f3n<\/p>\n<p>El Relaxcapri de Bench, confeccionado en suave algod\u00f3n con cintura el\u00e1stica y pu\u00f1os de canal\u00e9 en contraste, no solo impresiona por su corte cropped 7\/8, sino tambi\u00e9n por el llamativo estampado del logotipo en la pernera derecha, que confiere a este pantal\u00f3n de jogging un toque moderno de los a\u00f1os 80.<\/p>\n<p>Material: algod\u00f3n 60%, poli\u00e9ster 40%<br \/>\nInstrucciones de cuidado: Lavar a m\u00e1quina<\/p>\n<p>Color: caqui<br \/>\nPatr\u00f3n: sin<br \/>\nTalla: 36\/38<\/p>\n<p>Cintura: 67 cm<br \/>\nPer\u00edmetro de la cadera: 96 cm<br \/>\nLongitud del pelda\u00f1o: 54 cm<br \/>\nLongitud total: 79 cm<\/p>","protected":false},"excerpt":{"rendered":"<table class=\"dv_characteristicsTable\">\n<tbody>\n<tr>\n<td class=\"left\">Talla<\/td>\n<td>32\/34<\/td>\n<\/tr>\n<tr>\n<td class=\"left\">Gr\u00f6\u00dfentyp<\/td>\n<td>Normalgr\u00f6\u00dfen<\/td>\n<\/tr>\n<tr>\n<td class=\"left\">Composici\u00f3n del material<\/td>\n<td>Obermaterial: 60% Baumwolle\u00a0, 40% Polyester<\/td>\n<\/tr>\n<tr>\n<td class=\"left\">Materialart<\/td>\n<td>Interlock<\/td>\n<\/tr>\n<tr>\n<td class=\"left\">Instrucciones de cuidado<\/td>\n<td>Lavado a m\u00e1quina<\/td>\n<\/tr>\n<tr>\n<td class=\"left\">Optik<\/td>\n<td>unifarben mit Farbeinsatz<\/td>\n<\/tr>\n<tr>\n<td class=\"left\">Stil<\/td>\n<td>Basic<\/td>\n<\/tr>\n<tr>\n<td class=\"left\">Color<\/td>\n<td>khaki<\/td>\n<\/tr>\n<tr>\n<td class=\"left\">Leibh\u00f6he<\/td>\n<td>normal<\/td>\n<\/tr>\n<tr>\n<td class=\"left\">Bundabschluss<\/td>\n<td>B\u00fcndchen<\/td>\n<\/tr>\n<tr>\n<td class=\"left\">Beinabschluss<\/td>\n<td>B\u00fcndchen<\/td>\n<\/tr>\n<tr>\n<td class=\"left\">Beinform<\/td>\n<td>gerade<\/td>\n<\/tr>\n<tr>\n<td class=\"left\">Ajuste<\/td>\n<td>Basic<\/td>\n<\/tr>\n<tr>\n<td class=\"left\">Schnittform L\u00e4nge<\/td>\n<td>ca. Mitte Wade<\/td>\n<\/tr>\n<tr>\n<td class=\"left\">Applikationen<\/td>\n<td>Logodruck, Logoschriftzug<\/td>\n<\/tr>\n<tr>\n<td class=\"left\">Bolsas<\/td>\n<td>Bolsillos<\/td>\n<\/tr>\n<tr>\n<td class=\"left\">Besondere Merkmale<\/td>\n<td>mit breiten weichen Ribb\u00fcndchen<\/td>\n<\/tr>\n<\/tbody>\n<\/table>","protected":false},"featured_media":79979,"comment_status":"open","ping_status":"closed","template":"","meta":{"_seopress_robots_primary_cat":"","_seopress_titles_title":"","_seopress_titles_desc":"","_seopress_robots_index":""},"product_brand":[],"product_cat":[1348,1402,1586],"product_tag":[],"class_list":{"0":"post-79861","1":"product","2":"type-product","3":"status-publish","4":"has-post-thumbnail","6":"product_cat-damen-mode","7":"product_cat-sportbekleidung-damen-mode","8":"product_cat-caprihosen","9":"product_shipping_class-standard-versand","11":"first","12":"instock","13":"taxable","14":"shipping-taxable","15":"purchasable","16":"product-type-simple"},"_links":{"self":[{"href":"https:\/\/www.soanam.de\/es\/wp-json\/wp\/v2\/product\/79861","targetHints":{"allow":["GET"]}}],"collection":[{"href":"https:\/\/www.soanam.de\/es\/wp-json\/wp\/v2\/product"}],"about":[{"href":"https:\/\/www.soanam.de\/es\/wp-json\/wp\/v2\/types\/product"}],"replies":[{"embeddable":true,"href":"https:\/\/www.soanam.de\/es\/wp-json\/wp\/v2\/comments?post=79861"}],"wp:featuredmedia":[{"embeddable":true,"href":"https:\/\/www.soanam.de\/es\/wp-json\/wp\/v2\/media\/79979"}],"wp:attachment":[{"href":"https:\/\/www.soanam.de\/es\/wp-json\/wp\/v2\/media?parent=79861"}],"wp:term":[{"taxonomy":"product_brand","embeddable":true,"href":"https:\/\/www.soanam.de\/es\/wp-json\/wp\/v2\/product_brand?post=79861"},{"taxonomy":"product_cat","embeddable":true,"href":"https:\/\/www.soanam.de\/es\/wp-json\/wp\/v2\/product_cat?post=79861"},{"taxonomy":"product_tag","embeddable":true,"href":"https:\/\/www.soanam.de\/es\/wp-json\/wp\/v2\/product_tag?post=79861"}],"curies":[{"name":"wp","href":"https:\/\/api.w.org\/{rel}","templated":true}]}}