{"id":79767,"date":"2023-12-13T23:18:22","date_gmt":"2023-12-13T22:18:22","guid":{"rendered":"https:\/\/www.soanam.de\/?post_type=product&#038;p=79767"},"modified":"2023-12-13T23:21:36","modified_gmt":"2023-12-13T22:21:36","slug":"reloj-de-pared-nomon-pico","status":"publish","type":"product","link":"https:\/\/www.soanam.de\/es\/produkt\/nomon-pico-wall-clock\/","title":{"rendered":"RELOJ DE PARED NOMON PICO"},"content":{"rendered":"<h3>Dise\u00f1o excepcional: el reloj de pared Pico de Nomon<\/h3>\n<div>El reloj de pared Pico impresiona por su dise\u00f1o minimalista e inusual, porque destaca literalmente entre la multitud. Las manecillas del reloj de dise\u00f1o sobresalen de la esfera. Gracias a su discreto aspecto, este reloj se integra f\u00e1cilmente en cualquier habitaci\u00f3n.<\/div>\n<h3>Dise\u00f1o de Jos\u00e9 Mar\u00eda Reina<\/h3>\n<div>El dise\u00f1ador es Jos\u00e9 Mar\u00eda Reina, sus dise\u00f1os son innovadores y trascendentales, tanto en la forma como en la elecci\u00f3n de los materiales. Su talento pone en primer plano el valor est\u00e9tico del reloj, dotando a un objeto por lo dem\u00e1s cotidiano de una belleza extraordinaria a trav\u00e9s de formas y materiales especiales.<\/div>\n<h3>Nomon - Au\u00dferordentliches spanisches Handwerk trifft auf pr\u00e4zise deutsche Uhrentechnik<\/h3>\n<div><b>Nomon\u00a0<\/b>es uno de los principales fabricantes de relojes de interior. El fabricante espa\u00f1ol crea relojes extraordinarios, hechos a mano en una f\u00e1brica local de Barcelona.<\/div>\n<h3>Material y formato<\/h3>\n<div>El reloj de pared est\u00e1 hecho de madera, poliestireno y fibra de vidrio. Tiene un di\u00e1metro de 40 cm y una profundidad de 4,5 cm. En su interior, Nomon conf\u00eda en la tecnolog\u00eda alemana de eficacia probada y utiliza un movimiento de cuarzo procedente de Alemania. Nomon s\u00f3lo utiliza madera procedente de explotaciones forestales sostenibles y cuenta con los certificados ECO-RAEE, PEFC y RoHS.<\/div>","protected":false},"excerpt":{"rendered":"<p>\u00dcberragendes Design: Die Pico Wanduhr von Nomon Die\u00a0Pico Wanduhr\u00a0\u00fcberzeugt durch ihr\u00a0minimalistisches und zudem au\u00dfergew\u00f6hnliches Design\u00a0\u2013 denn sie f\u00e4llt im wahrsten Sinne des Wortes aus dem Rahmen. Die Zeiger ragen bei der Designer Uhr \u00fcber das Zifferblatt hinaus. Durch das dezente Auftreten kann diese Uhr sich problemlos in jeden Raum einf\u00fcgen. Design by Jos\u00e9 Mar\u00eda Reina [&hellip;]<\/p>\n","protected":false},"featured_media":79895,"comment_status":"open","ping_status":"closed","template":"","meta":{"_seopress_robots_primary_cat":"","_seopress_titles_title":"","_seopress_titles_desc":"","_seopress_robots_index":""},"product_brand":[],"product_cat":[1400,1420],"product_tag":[],"class_list":{"0":"post-79767","1":"product","2":"type-product","3":"status-publish","4":"has-post-thumbnail","6":"product_cat-wohnzubehoer","7":"product_cat-wohndekoration","8":"product_shipping_class-standard-versand","10":"first","11":"instock","12":"taxable","13":"shipping-taxable","14":"purchasable","15":"product-type-simple"},"_links":{"self":[{"href":"https:\/\/www.soanam.de\/es\/wp-json\/wp\/v2\/product\/79767","targetHints":{"allow":["GET"]}}],"collection":[{"href":"https:\/\/www.soanam.de\/es\/wp-json\/wp\/v2\/product"}],"about":[{"href":"https:\/\/www.soanam.de\/es\/wp-json\/wp\/v2\/types\/product"}],"replies":[{"embeddable":true,"href":"https:\/\/www.soanam.de\/es\/wp-json\/wp\/v2\/comments?post=79767"}],"wp:featuredmedia":[{"embeddable":true,"href":"https:\/\/www.soanam.de\/es\/wp-json\/wp\/v2\/media\/79895"}],"wp:attachment":[{"href":"https:\/\/www.soanam.de\/es\/wp-json\/wp\/v2\/media?parent=79767"}],"wp:term":[{"taxonomy":"product_brand","embeddable":true,"href":"https:\/\/www.soanam.de\/es\/wp-json\/wp\/v2\/product_brand?post=79767"},{"taxonomy":"product_cat","embeddable":true,"href":"https:\/\/www.soanam.de\/es\/wp-json\/wp\/v2\/product_cat?post=79767"},{"taxonomy":"product_tag","embeddable":true,"href":"https:\/\/www.soanam.de\/es\/wp-json\/wp\/v2\/product_tag?post=79767"}],"curies":[{"name":"wp","href":"https:\/\/api.w.org\/{rel}","templated":true}]}}