{"id":79751,"date":"2023-12-13T23:17:57","date_gmt":"2023-12-13T22:17:57","guid":{"rendered":"https:\/\/www.soanam.de\/?post_type=product&#038;p=79751"},"modified":"2023-12-13T23:21:17","modified_gmt":"2023-12-13T22:21:17","slug":"seesucht-manufaktur-tabla-de-cortar-corazon-de-huevo-de-campo","status":"publish","type":"product","link":"https:\/\/www.soanam.de\/es\/produkt\/seesucht-manufaktur-landeier-herz-schneidebrett\/","title":{"rendered":"Seesucht Manufaktur landeier coraz\u00f3n tabla de cortar"},"content":{"rendered":"<h3>Descripci\u00f3n de la<\/h3>\n<p>Una tabla para cada uso: para cortes afilados y sabores frescos. Esta buena pieza aguanta mucho. Y si no tiene nada que ver con la preparaci\u00f3n y la cocina, puede utilizarla para cortar pan, como salvamanteles o simplemente colocarla decorativamente en su cocina para mostrar su amor por las piezas de bella factura. Simplemente una pieza de madera para todas las ocasiones.<\/p>\n<p>Est\u00e1 hecho a mano en nuestra peque\u00f1a f\u00e1brica del lago de Constanza: cortado a partir de tablones de madera maciza, cepillado, lijado fino y acabado a mano con aceite natural puro. Cada tabla es \u00fanica y se puede ver y sentir la perfecci\u00f3n de su elaboraci\u00f3n. As\u00ed, tendr\u00e1 en sus manos un producto que no s\u00f3lo parece natural, sino que realmente lo es.<\/p>","protected":false},"excerpt":{"rendered":"<h3>Artikelmerkmale<\/h3>\n<p>Estado del art\u00edculo: Nuevo con etiqueta: Art\u00edculo nuevo, sin usar y sin estrenar, en su embalaje original.<\/p>\n<p>Ma\u00dfe: 27 x 16 x 1,1 cm<\/p>\n<p>Da es sich um ein Naturprodukt handelt, ist jedes Produkt in Form und Muster einzigartig! Die Ma\u00dfe, Musterung und Form k\u00f6nnen variieren.<\/p>\n<p><strong>Bitte von Hand sp\u00fclen!<\/strong><\/p>\n<p>Holzart: Eiche oder Nuss<\/p>\n<p>Stabiles, festes und hochwertiges Massivholz.<\/p>\n<p>Behandlung der Oberfl\u00e4che mit nat\u00fcrlichenm und speichelechtem \u00d6l.<\/p>","protected":false},"featured_media":79890,"comment_status":"open","ping_status":"closed","template":"","meta":{"_seopress_robots_primary_cat":"","_seopress_titles_title":"","_seopress_titles_desc":"","_seopress_robots_index":""},"product_brand":[],"product_cat":[1400,1401],"product_tag":[],"class_list":{"0":"post-79751","1":"product","2":"type-product","3":"status-publish","4":"has-post-thumbnail","6":"product_cat-wohnzubehoer","7":"product_cat-haushaltswaren","8":"product_shipping_class-standard-versand","10":"first","11":"instock","12":"sale","13":"taxable","14":"shipping-taxable","15":"purchasable","16":"product-type-simple"},"_links":{"self":[{"href":"https:\/\/www.soanam.de\/es\/wp-json\/wp\/v2\/product\/79751","targetHints":{"allow":["GET"]}}],"collection":[{"href":"https:\/\/www.soanam.de\/es\/wp-json\/wp\/v2\/product"}],"about":[{"href":"https:\/\/www.soanam.de\/es\/wp-json\/wp\/v2\/types\/product"}],"replies":[{"embeddable":true,"href":"https:\/\/www.soanam.de\/es\/wp-json\/wp\/v2\/comments?post=79751"}],"wp:featuredmedia":[{"embeddable":true,"href":"https:\/\/www.soanam.de\/es\/wp-json\/wp\/v2\/media\/79890"}],"wp:attachment":[{"href":"https:\/\/www.soanam.de\/es\/wp-json\/wp\/v2\/media?parent=79751"}],"wp:term":[{"taxonomy":"product_brand","embeddable":true,"href":"https:\/\/www.soanam.de\/es\/wp-json\/wp\/v2\/product_brand?post=79751"},{"taxonomy":"product_cat","embeddable":true,"href":"https:\/\/www.soanam.de\/es\/wp-json\/wp\/v2\/product_cat?post=79751"},{"taxonomy":"product_tag","embeddable":true,"href":"https:\/\/www.soanam.de\/es\/wp-json\/wp\/v2\/product_tag?post=79751"}],"curies":[{"name":"wp","href":"https:\/\/api.w.org\/{rel}","templated":true}]}}