{"id":79734,"date":"2023-12-13T23:17:34","date_gmt":"2023-12-13T22:17:34","guid":{"rendered":"https:\/\/www.soanam.de\/?post_type=product&#038;p=79734"},"modified":"2023-12-13T23:20:55","modified_gmt":"2023-12-13T22:20:55","slug":"jogging-h-i-s-en-verde-menta-negro-talla-54","status":"publish","type":"product","link":"https:\/\/www.soanam.de\/es\/produkt\/h-i-s-jogginganzug-in-mintgruen-schwarz-groesse-54\/","title":{"rendered":"Ch\u00e1ndal H.I.S, en verde menta-negro, talla 54"},"content":{"rendered":"<p>Ch\u00e1ndal de H.I.S.<br \/>\nParte superior e inferior con bolsillos con aberturas laterales<br \/>\nCon logotipo impreso en goma<br \/>\nCuello alto con cord\u00f3n de ajuste y cord\u00f3n de color en contraste<\/p>\n<p>El estilo del ch\u00e1ndal H.I.S es sencillo, el corte es c\u00f3modo y los detalles de color en contraste a\u00f1aden acentos din\u00e1micos, como el gran logotipo engomado estampado.<br \/>\nLa parte superior tambi\u00e9n cuenta con un cuello alto y lazos de cord\u00f3n en color de contraste.<br \/>\nHay bolsillos con aberturas laterales tanto en la parte superior como en la inferior.<br \/>\nEl suave material del ch\u00e1ndal promete un alto nivel de comodidad.<\/p>\n<p>Material: poli\u00e9ster 65%, algod\u00f3n 35%<br \/>\nInstrucciones de cuidado: Lavar a m\u00e1quina<\/p>\n<p>Color: verde menta-negro<br \/>\nPatr\u00f3n: sin<br \/>\nTama\u00f1o: 54<\/p>\n<p>Dimensiones de la parte superior<br \/>\nAnchura de los hombros: 52 cm<br \/>\nPecho: 146 cm<br \/>\nLongitud de la manga: 64 cm<br \/>\nLongitud total: 78 cm<\/p>\n<p>Dimensiones del pantal\u00f3n<br \/>\nCintura: 118 cm<br \/>\nPer\u00edmetro de la cadera: 140 cm<br \/>\nLongitud del pelda\u00f1o: 77 cm<br \/>\nLongitud total: 109 cm<\/p>","protected":false},"excerpt":{"rendered":"<table class=\"dv_characteristicsTable\">\n<caption>GR\u00d6SSENTEX<\/caption>\n<tbody>\n<tr>\n<td class=\"left\">Talla<\/td>\n<td>54<\/td>\n<\/tr>\n<tr>\n<td class=\"left\">Gr\u00f6\u00dfentyp<\/td>\n<td>Normalgr\u00f6\u00dfen<\/td>\n<\/tr>\n<\/tbody>\n<\/table>\n<table class=\"dv_characteristicsTable\">\n<caption>MATERIAL<\/caption>\n<tbody>\n<tr>\n<td class=\"left\">Composici\u00f3n del material<\/td>\n<td>Obermaterial: 65% Polyester, 35% Baumwolle<\/td>\n<\/tr>\n<tr>\n<td class=\"left\">Instrucciones de cuidado<\/td>\n<td>Lavado a m\u00e1quina<\/td>\n<\/tr>\n<\/tbody>\n<\/table>\n<table class=\"dv_characteristicsTable\">\n<caption>OPTIK\/STIL<\/caption>\n<tbody>\n<tr>\n<td class=\"left\">Optik<\/td>\n<td>unifarben<\/td>\n<\/tr>\n<tr>\n<td class=\"left\">Stil<\/td>\n<td>sportlich<\/td>\n<\/tr>\n<\/tbody>\n<\/table>\n<table class=\"dv_characteristicsTable\">\n<caption>COLOR<\/caption>\n<tbody>\n<tr>\n<td class=\"left\">Color<\/td>\n<td>gr\u00fcn<\/td>\n<\/tr>\n<\/tbody>\n<\/table>","protected":false},"featured_media":79870,"comment_status":"open","ping_status":"closed","template":"","meta":{"_seopress_robots_primary_cat":"","_seopress_titles_title":"","_seopress_titles_desc":"","_seopress_robots_index":""},"product_brand":[],"product_cat":[1348,1402,1587],"product_tag":[],"class_list":{"0":"post-79734","1":"product","2":"type-product","3":"status-publish","4":"has-post-thumbnail","6":"product_cat-damen-mode","7":"product_cat-sportbekleidung-damen-mode","8":"product_cat-jogginganzuege","9":"product_shipping_class-standard-versand","11":"first","12":"instock","13":"taxable","14":"shipping-taxable","15":"purchasable","16":"product-type-simple"},"_links":{"self":[{"href":"https:\/\/www.soanam.de\/es\/wp-json\/wp\/v2\/product\/79734","targetHints":{"allow":["GET"]}}],"collection":[{"href":"https:\/\/www.soanam.de\/es\/wp-json\/wp\/v2\/product"}],"about":[{"href":"https:\/\/www.soanam.de\/es\/wp-json\/wp\/v2\/types\/product"}],"replies":[{"embeddable":true,"href":"https:\/\/www.soanam.de\/es\/wp-json\/wp\/v2\/comments?post=79734"}],"wp:featuredmedia":[{"embeddable":true,"href":"https:\/\/www.soanam.de\/es\/wp-json\/wp\/v2\/media\/79870"}],"wp:attachment":[{"href":"https:\/\/www.soanam.de\/es\/wp-json\/wp\/v2\/media?parent=79734"}],"wp:term":[{"taxonomy":"product_brand","embeddable":true,"href":"https:\/\/www.soanam.de\/es\/wp-json\/wp\/v2\/product_brand?post=79734"},{"taxonomy":"product_cat","embeddable":true,"href":"https:\/\/www.soanam.de\/es\/wp-json\/wp\/v2\/product_cat?post=79734"},{"taxonomy":"product_tag","embeddable":true,"href":"https:\/\/www.soanam.de\/es\/wp-json\/wp\/v2\/product_tag?post=79734"}],"curies":[{"name":"wp","href":"https:\/\/api.w.org\/{rel}","templated":true}]}}