{"id":79732,"date":"2023-12-13T23:17:33","date_gmt":"2023-12-13T22:17:33","guid":{"rendered":"https:\/\/www.soanam.de\/?post_type=product&#038;p=79732"},"modified":"2023-12-13T23:20:46","modified_gmt":"2023-12-13T22:20:46","slug":"puma-joggingjacke-im-slim-fit-in-altrosa-groesse-l","status":"publish","type":"product","link":"https:\/\/www.soanam.de\/es\/produkt\/puma-joggingjacke-im-slim-fit-in-altrosa-groesse-l\/","title":{"rendered":"Chaqueta de jogging PUMA slim fit, en rosa oscuro, talla L"},"content":{"rendered":"<p>Sweatjacke von Puma<br \/>\nCon capucha<br \/>\nMit seitlichen Taschen<br \/>\nCon logotipo bordado<\/p>\n<p>Die Markenstickerei auf der Jacke ist dezent und hebt doch das Besondere hervor.<br \/>\nSie hat K\u00e4ngurutaschen f\u00fcr eine praktische Aufbewahrung, B\u00fcndchen an \u00c4rmel und Saum und eine slim fit Passform.<br \/>\nEin Klassiker der Marke Puma.<\/p>\n<p>Material: 68% Baumwolle, 32% Polyester<br \/>\nInstrucciones de cuidado: Lavar a m\u00e1quina<\/p>\n<p>Color: rosa oscuro<br \/>\nPatr\u00f3n: sin<br \/>\nTalla: L<\/p>\n<p>Anchura de los hombros: 54 cm<br \/>\nAnchura del pecho: 110 cm<br \/>\nLongitud de la manga: 53 cm<br \/>\nLongitud total: 64 cm<\/p>","protected":false},"excerpt":{"rendered":"<ul class=\"attributes_list\">\n<li class=\"attribute_item\"><span class=\"label\">Material: <\/span><span class=\"content\">68% Baumwolle, 32% Polyester<\/span>\n<div class=\"clear\"><\/div>\n<\/li>\n<li class=\"attribute_item second\"><span class=\"label\">Schnitt: Slim<\/span><span class=\"content\">\u00a0Fit<\/span>\n<div class=\"clear\"><\/div>\n<\/li>\n<li class=\"attribute_item second\"><span class=\"label\">Verschluss: <\/span><span class=\"content\">Cierre de cremallera<\/span>\n<div class=\"clear\"><\/div>\n<\/li>\n<li class=\"attribute_item\"><span class=\"label\">Waschbarkeit<\/span>\n<div class=\"wash_icon\">\n<div class=\"element\">\n<div><span class=\"title\">Lavado a m\u00e1quina a 30\u00b0 C<\/span><\/div>\n<\/div>\n<\/div>\n<div class=\"clear\"><\/div>\n<\/li>\n<li class=\"attribute_item second\"><span class=\"label\">Trocknen<\/span>\n<div class=\"wash_icon\">\n<div class=\"element\">\n<div><span class=\"title\">Bei niedriger Temperatur<\/span><\/div>\n<\/div>\n<\/div>\n<div class=\"clear\"><\/div>\n<\/li>\n<li class=\"attribute_item\"><span class=\"label\">B\u00fcgeln<\/span>\n<div class=\"wash_icon\">\n<div class=\"element\">\n<div><span class=\"title\">B\u00fcgeln bei 80 - 105\u00b0 C (Stufe 1)<\/span><\/div>\n<\/div>\n<\/div>\n<div class=\"clear\"><\/div>\n<\/li>\n<li class=\"attribute_item\"><span class=\"label\">\u00c4rmell\u00e4nge: <\/span><span class=\"content\">langarm<\/span>\n<div class=\"clear\"><\/div>\n<\/li>\n<li class=\"attribute_item second\"><span class=\"label\">Jahreszeit: <\/span><span class=\"content\">Ganzjahresartikel<\/span>\n<div class=\"clear\"><\/div>\n<\/li>\n<li class=\"attribute_item\"><span class=\"label\">Ausschnitt: <\/span><span class=\"content\">Cap\u00f3<\/span>\n<div class=\"clear\"><\/div>\n<\/li>\n<li class=\"attribute_item second\"><span class=\"label\">Sportarten: <\/span><span class=\"content\">Fitness<\/span><\/li>\n<\/ul>","protected":false},"featured_media":79866,"comment_status":"open","ping_status":"closed","template":"","meta":{"_seopress_robots_primary_cat":"","_seopress_titles_title":"","_seopress_titles_desc":"","_seopress_robots_index":""},"product_brand":[],"product_cat":[1730],"product_tag":[],"class_list":{"0":"post-79732","1":"product","2":"type-product","3":"status-publish","4":"has-post-thumbnail","6":"product_cat-sonstiges-2","7":"product_shipping_class-standard-versand","9":"first","10":"instock","11":"taxable","12":"shipping-taxable","13":"purchasable","14":"product-type-simple"},"_links":{"self":[{"href":"https:\/\/www.soanam.de\/es\/wp-json\/wp\/v2\/product\/79732","targetHints":{"allow":["GET"]}}],"collection":[{"href":"https:\/\/www.soanam.de\/es\/wp-json\/wp\/v2\/product"}],"about":[{"href":"https:\/\/www.soanam.de\/es\/wp-json\/wp\/v2\/types\/product"}],"replies":[{"embeddable":true,"href":"https:\/\/www.soanam.de\/es\/wp-json\/wp\/v2\/comments?post=79732"}],"wp:featuredmedia":[{"embeddable":true,"href":"https:\/\/www.soanam.de\/es\/wp-json\/wp\/v2\/media\/79866"}],"wp:attachment":[{"href":"https:\/\/www.soanam.de\/es\/wp-json\/wp\/v2\/media?parent=79732"}],"wp:term":[{"taxonomy":"product_brand","embeddable":true,"href":"https:\/\/www.soanam.de\/es\/wp-json\/wp\/v2\/product_brand?post=79732"},{"taxonomy":"product_cat","embeddable":true,"href":"https:\/\/www.soanam.de\/es\/wp-json\/wp\/v2\/product_cat?post=79732"},{"taxonomy":"product_tag","embeddable":true,"href":"https:\/\/www.soanam.de\/es\/wp-json\/wp\/v2\/product_tag?post=79732"}],"curies":[{"name":"wp","href":"https:\/\/api.w.org\/{rel}","templated":true}]}}