{"id":79708,"date":"2023-12-13T23:17:08","date_gmt":"2023-12-13T22:17:08","guid":{"rendered":"https:\/\/www.soanam.de\/?post_type=product&#038;p=79708"},"modified":"2023-12-13T23:20:08","modified_gmt":"2023-12-13T22:20:08","slug":"ocean-sportswear-jogging-suit-athleisure-joggingsuit-en-gris-negro-talla-46","status":"publish","type":"product","link":"https:\/\/www.soanam.de\/es\/produkt\/ocean-sportswear-jogginganzug-athleisure-joggingsuit-in-grau-schwarz-groesse-46\/","title":{"rendered":"Ch\u00e1ndal Ocean Sportswear Athleisure Joggingsuit, en gris \/ negro, talla 46"},"content":{"rendered":"<p>Conjunto largo de sudadera y leggings de Ocean Sportswear<br \/>\nSudadera de suave tejido sudadera, c\u00e1lido cepillado interior<br \/>\nSudadera con capucha, bolsillo canguro y longitud extra<br \/>\nCapucha forrada con cord\u00f3n ancho<br \/>\nC\u00f3modos leggings con logotipo estampado en calidad de jersey sencillo<\/p>\n<p>Este c\u00f3modo d\u00fao, compuesto por una sudadera con capucha extralarga y unos leggings en tejido de punto sencillo, es todo un reclamo.<br \/>\nEsta sudadera informal confeccionada en suave tejido de sudor cepillado cuenta con una capucha forrada y un bolsillo canguro.<br \/>\nLos leggings se acent\u00faan visualmente con las letras brillantes de la etiqueta en el lateral de la pernera.<\/p>\n<p>Material: Parte superior: algod\u00f3n 60%, poli\u00e9ster 40%. Parte inferior: 95% algod\u00f3n, 5% elastano.<br \/>\nInstrucciones de cuidado: Lavar a m\u00e1quina<\/p>\n<p>Color: gris melange\/negro<br \/>\nPatr\u00f3n: sin<br \/>\nTalla: 46<\/p>\n<p>Dimensiones de la parte superior<br \/>\nAnchura de los hombros: 45 cm<br \/>\nAnchura del pecho: 120 cm<br \/>\nLongitud de la manga: 66 cm<br \/>\nLongitud total: 85 cm<\/p>\n<p>Dimensiones del pantal\u00f3n<br \/>\nCintura: 84 cm<br \/>\nPer\u00edmetro de la cadera: 102 cm<br \/>\nLongitud del pelda\u00f1o: 69 cm<br \/>\nLongitud total: 98 cm<\/p>","protected":false},"excerpt":{"rendered":"<table class=\"dv_characteristicsTable\">\n<tbody>\n<tr>\n<td class=\"left\">Talla<\/td>\n<td>46<\/td>\n<\/tr>\n<tr>\n<td class=\"left\">Gr\u00f6\u00dfentyp<\/td>\n<td>Normalgr\u00f6\u00dfen<\/td>\n<\/tr>\n<\/tbody>\n<\/table>\n<table class=\"dv_characteristicsTable\">\n<caption>MATERIAL<\/caption>\n<tbody>\n<tr>\n<td class=\"left\">Composici\u00f3n del material<\/td>\n<td>Obermaterial: 60% Baumwolle, 40% Polyester. Unterteil: 95% Baumwolle, 5% Elasthan<\/td>\n<\/tr>\n<tr>\n<td class=\"left\">Instrucciones de cuidado<\/td>\n<td>Lavado a m\u00e1quina<\/td>\n<\/tr>\n<\/tbody>\n<\/table>\n<table class=\"dv_characteristicsTable\">\n<caption>OPTIK\/STIL<\/caption>\n<tbody>\n<tr>\n<td class=\"left\">Stil<\/td>\n<td>sportlich<\/td>\n<\/tr>\n<\/tbody>\n<\/table>\n<table class=\"dv_characteristicsTable\">\n<caption>COLOR<\/caption>\n<tbody>\n<tr>\n<td class=\"left\">Color<\/td>\n<td>grey<\/td>\n<\/tr>\n<tr>\n<td class=\"left\">Herstellerfarbbezeichnung<\/td>\n<td>gris melange\/negro<\/td>\n<\/tr>\n<\/tbody>\n<\/table>\n<table class=\"dv_characteristicsTable\">\n<caption>PASSFORM\/SCHNITT OBERTEIL<\/caption>\n<tbody>\n<tr>\n<td class=\"left\">Kragendetails Oberteil<\/td>\n<td>mit Kordelzug<\/td>\n<\/tr>\n<tr>\n<td class=\"left\">\u00c4rmel Oberteil<\/td>\n<td>Manga larga<\/td>\n<\/tr>\n<tr>\n<td class=\"left\">\u00c4rmelabschluss Oberteil<\/td>\n<td>Pu\u00f1os de canal\u00e9<\/td>\n<\/tr>\n<tr>\n<td class=\"left\">Rumpfabschluss Oberteil<\/td>\n<td>Pu\u00f1os de canal\u00e9<\/td>\n<\/tr>\n<tr>\n<td class=\"left\">Schnittform L\u00e4nge Oberteil<\/td>\n<td>Po-bedeckend<\/td>\n<\/tr>\n<\/tbody>\n<\/table>\n<table class=\"dv_characteristicsTable\">\n<caption>PASSFORM\/SCHNITT UNTERTEIL<\/caption>\n<tbody>\n<tr>\n<td class=\"left\">Leibh\u00f6he Unterteil<\/td>\n<td>komfortabel<\/td>\n<\/tr>\n<tr>\n<td class=\"left\">Bundabschluss Unterteil<\/td>\n<td>elastischer Bund<\/td>\n<\/tr>\n<tr>\n<td class=\"left\">Bundabschlussdetails Unterteil<\/td>\n<td>mit Gummizug<\/td>\n<\/tr>\n<tr>\n<td class=\"left\">Schnittform L\u00e4nge Unterteil<\/td>\n<td>lang<\/td>\n<\/tr>\n<\/tbody>\n<\/table>\n<table class=\"dv_characteristicsTable\">\n<caption>DETAILS OBERTEIL<\/caption>\n<tbody>\n<tr>\n<td class=\"left\">Applikationen Oberteil<\/td>\n<td>Logodruck<\/td>\n<\/tr>\n<tr>\n<td class=\"left\">Taschen Oberteil<\/td>\n<td>Bolsillo canguro<\/td>\n<\/tr>\n<tr>\n<td class=\"left\">Cap\u00f3<\/td>\n<td>mit Kapuze<\/td>\n<\/tr>\n<tr>\n<td class=\"left\">Kapuzenf\u00fctterung<\/td>\n<td>Jersey<\/td>\n<\/tr>\n<tr>\n<td class=\"left\">Anzahl Taschen<\/td>\n<td>1 St.<\/td>\n<\/tr>\n<\/tbody>\n<\/table>\n<table class=\"dv_characteristicsTable\">\n<caption>DETAILS UNTERTEIL<\/caption>\n<tbody>\n<tr>\n<td class=\"left\">Applikationen Unterteil<\/td>\n<td>Logodruck<\/td>\n<\/tr>\n<\/tbody>\n<\/table>","protected":false},"featured_media":79834,"comment_status":"open","ping_status":"closed","template":"","meta":{"_seopress_robots_primary_cat":"","_seopress_titles_title":"","_seopress_titles_desc":"","_seopress_robots_index":""},"product_brand":[],"product_cat":[1348,1402,1587],"product_tag":[],"class_list":{"0":"post-79708","1":"product","2":"type-product","3":"status-publish","4":"has-post-thumbnail","6":"product_cat-damen-mode","7":"product_cat-sportbekleidung-damen-mode","8":"product_cat-jogginganzuege","9":"product_shipping_class-standard-versand","11":"first","12":"instock","13":"taxable","14":"shipping-taxable","15":"purchasable","16":"product-type-simple"},"_links":{"self":[{"href":"https:\/\/www.soanam.de\/es\/wp-json\/wp\/v2\/product\/79708","targetHints":{"allow":["GET"]}}],"collection":[{"href":"https:\/\/www.soanam.de\/es\/wp-json\/wp\/v2\/product"}],"about":[{"href":"https:\/\/www.soanam.de\/es\/wp-json\/wp\/v2\/types\/product"}],"replies":[{"embeddable":true,"href":"https:\/\/www.soanam.de\/es\/wp-json\/wp\/v2\/comments?post=79708"}],"wp:featuredmedia":[{"embeddable":true,"href":"https:\/\/www.soanam.de\/es\/wp-json\/wp\/v2\/media\/79834"}],"wp:attachment":[{"href":"https:\/\/www.soanam.de\/es\/wp-json\/wp\/v2\/media?parent=79708"}],"wp:term":[{"taxonomy":"product_brand","embeddable":true,"href":"https:\/\/www.soanam.de\/es\/wp-json\/wp\/v2\/product_brand?post=79708"},{"taxonomy":"product_cat","embeddable":true,"href":"https:\/\/www.soanam.de\/es\/wp-json\/wp\/v2\/product_cat?post=79708"},{"taxonomy":"product_tag","embeddable":true,"href":"https:\/\/www.soanam.de\/es\/wp-json\/wp\/v2\/product_tag?post=79708"}],"curies":[{"name":"wp","href":"https:\/\/api.w.org\/{rel}","templated":true}]}}