{"id":79690,"date":"2023-12-13T23:16:45","date_gmt":"2023-12-13T22:16:45","guid":{"rendered":"https:\/\/www.soanam.de\/?post_type=product&#038;p=79690"},"modified":"2023-12-13T23:19:53","modified_gmt":"2023-12-13T22:19:53","slug":"jogging-reebok-con-logo-reebok-lineal-en-blanco-negro-talla-s","status":"publish","type":"product","link":"https:\/\/www.soanam.de\/es\/produkt\/reebok-jogginganzug-mit-linearem-reebok-logo-in-schwarz-weiss-groesse-s\/","title":{"rendered":"Ch\u00e1ndal Reebok con logo Reebok lineal , en negro \/ blanco, talla S"},"content":{"rendered":"<p>Ch\u00e1ndal de 2 piezas de Reebok<br \/>\nCon logotipo lineal de Reebok<br \/>\nPantalones slim fit<br \/>\nTop relajado<br \/>\nCon suave forro polar<\/p>\n<p>Entrena con estilo y comodidad con este ch\u00e1ndal para mujer.<br \/>\nEl top tiene un corte relajado para que te sientas c\u00f3moda y puedas moverte con libertad.<br \/>\nEl pantal\u00f3n slim-fit est\u00e1 acanalado en los pu\u00f1os para evitar que resbale.<\/p>\n<p>Material: 70 % algod\u00f3n y 30 % poli\u00e9ster<br \/>\nInstrucciones de cuidado: Lavar a m\u00e1quina<\/p>\n<p>Color: negro, blanco<br \/>\nMotivo: logotipo lineal<br \/>\nTalla: M<\/p>\n<p>Dimensiones de la parte superior<br \/>\nAnchura de los hombros: 53 cm<br \/>\nAnchura del pecho: 106 cm<br \/>\nLongitud de la manga: 54 cm<br \/>\nLongitud total: 58 cm<\/p>\n<p>Dimensiones del pantal\u00f3n<br \/>\nCintura: 66 cm<br \/>\nPer\u00edmetro de la cadera: 104 cm<br \/>\nLongitud del pelda\u00f1o: 67 cm<br \/>\nLongitud total: 97 cm<\/p>\n<p>&nbsp;<\/p>","protected":false},"excerpt":{"rendered":"<table class=\"woocommerce-product-attributes shop_attributes\">\n<tbody>\n<tr class=\"woocommerce-product-attributes-item woocommerce-product-attributes-item--attribute_pa_soort\">\n<th class=\"woocommerce-product-attributes-item__label\">Zweck<\/th>\n<td class=\"woocommerce-product-attributes-item__value\">SPORTKLEIDUNG<\/td>\n<\/tr>\n<tr class=\"woocommerce-product-attributes-item woocommerce-product-attributes-item--attribute_pa_merk\">\n<th class=\"woocommerce-product-attributes-item__label\">Marca<\/th>\n<td class=\"woocommerce-product-attributes-item__value\">Reebok<\/td>\n<\/tr>\n<tr class=\"woocommerce-product-attributes-item woocommerce-product-attributes-item--attribute_pa_maat\">\n<th class=\"woocommerce-product-attributes-item__label\">Talla<\/th>\n<td class=\"woocommerce-product-attributes-item__value\">S<\/td>\n<\/tr>\n<tr class=\"woocommerce-product-attributes-item woocommerce-product-attributes-item--attribute_pa_kleur\">\n<th class=\"woocommerce-product-attributes-item__label\">Color<\/th>\n<td class=\"woocommerce-product-attributes-item__value\">Negro, blanco<\/td>\n<\/tr>\n<tr class=\"woocommerce-product-attributes-item woocommerce-product-attributes-item--attribute_pa_geslacht\">\n<th class=\"woocommerce-product-attributes-item__label\">Sex<\/th>\n<td class=\"woocommerce-product-attributes-item__value\">Damen<\/td>\n<\/tr>\n<tr class=\"woocommerce-product-attributes-item woocommerce-product-attributes-item--attribute_pa_ean\">\n<th class=\"woocommerce-product-attributes-item__label\">EAN<\/th>\n<td class=\"woocommerce-product-attributes-item__value\">4060522544976<\/td>\n<\/tr>\n<tr class=\"woocommerce-product-attributes-item woocommerce-product-attributes-item--attribute_pa_webshop\">\n<th class=\"woocommerce-product-attributes-item__label\">Anzahl Teile<\/th>\n<td class=\"woocommerce-product-attributes-item__value\">2<\/td>\n<\/tr>\n<tr class=\"woocommerce-product-attributes-item woocommerce-product-attributes-item--attribute_pa_specifieke-kleur\">\n<th class=\"woocommerce-product-attributes-item__label\">spezifische Farbe<\/th>\n<td class=\"woocommerce-product-attributes-item__value\">SCHWARZ<\/td>\n<\/tr>\n<tr class=\"woocommerce-product-attributes-item woocommerce-product-attributes-item--attribute_pa_extra-informatie\">\n<th class=\"woocommerce-product-attributes-item__label\">Zusatzinformation<\/th>\n<td class=\"woocommerce-product-attributes-item__value\">Elastischer Bund, Fleece aus 70 % Baumwolle und 30 % Polyester, Rippb\u00fcndchen an Sweatshirt und Hose, entspanntes Oberteil;\u00a0Slim-Fit-Hose, Rundhalsausschnitt<\/td>\n<\/tr>\n<\/tbody>\n<\/table>","protected":false},"featured_media":79812,"comment_status":"open","ping_status":"closed","template":"","meta":{"_seopress_robots_primary_cat":"","_seopress_titles_title":"","_seopress_titles_desc":"","_seopress_robots_index":""},"product_brand":[],"product_cat":[1348,1402,1587],"product_tag":[],"class_list":{"0":"post-79690","1":"product","2":"type-product","3":"status-publish","4":"has-post-thumbnail","6":"product_cat-damen-mode","7":"product_cat-sportbekleidung-damen-mode","8":"product_cat-jogginganzuege","9":"product_shipping_class-standard-versand","11":"first","12":"instock","13":"taxable","14":"shipping-taxable","15":"purchasable","16":"product-type-simple"},"_links":{"self":[{"href":"https:\/\/www.soanam.de\/es\/wp-json\/wp\/v2\/product\/79690","targetHints":{"allow":["GET"]}}],"collection":[{"href":"https:\/\/www.soanam.de\/es\/wp-json\/wp\/v2\/product"}],"about":[{"href":"https:\/\/www.soanam.de\/es\/wp-json\/wp\/v2\/types\/product"}],"replies":[{"embeddable":true,"href":"https:\/\/www.soanam.de\/es\/wp-json\/wp\/v2\/comments?post=79690"}],"wp:featuredmedia":[{"embeddable":true,"href":"https:\/\/www.soanam.de\/es\/wp-json\/wp\/v2\/media\/79812"}],"wp:attachment":[{"href":"https:\/\/www.soanam.de\/es\/wp-json\/wp\/v2\/media?parent=79690"}],"wp:term":[{"taxonomy":"product_brand","embeddable":true,"href":"https:\/\/www.soanam.de\/es\/wp-json\/wp\/v2\/product_brand?post=79690"},{"taxonomy":"product_cat","embeddable":true,"href":"https:\/\/www.soanam.de\/es\/wp-json\/wp\/v2\/product_cat?post=79690"},{"taxonomy":"product_tag","embeddable":true,"href":"https:\/\/www.soanam.de\/es\/wp-json\/wp\/v2\/product_tag?post=79690"}],"curies":[{"name":"wp","href":"https:\/\/api.w.org\/{rel}","templated":true}]}}