{"id":79669,"date":"2023-12-13T23:16:20","date_gmt":"2023-12-13T22:16:20","guid":{"rendered":"https:\/\/www.soanam.de\/?post_type=product&#038;p=79669"},"modified":"2023-12-13T23:19:06","modified_gmt":"2023-12-13T22:19:06","slug":"chaqueta-de-entrenamiento-nike-bicolor-en-blanco-y-negro-talla-m","status":"publish","type":"product","link":"https:\/\/www.soanam.de\/es\/produkt\/nike-trainingsjacke-zweifarbig-in-schwarz-und-weiss-groesse-m\/","title":{"rendered":"Chaqueta de ch\u00e1ndal NIKE, bicolor, en blanco y negro, talla M"},"content":{"rendered":"<p>Chaqueta de ch\u00e1ndal de Nike<br \/>\nDise\u00f1o de la vieja escuela<br \/>\nEn el bloque de color<br \/>\nPu\u00f1os y dobladillo acanalados<\/p>\n<p>El tejido ligeramente brillante, las inserciones en contraste y el logotipo bordado en la parte delantera caracterizan el aspecto de esta chaqueta deportiva.<br \/>\nCuello alto, cremallera entera, corte regular, pu\u00f1os y dobladillo de canal\u00e9 y bolsillos laterales completan el t\u00edpico dise\u00f1o de la vieja escuela de la chaqueta de entrenamiento Nike.<\/p>\n<p>Material: poli\u00e9ster 100%<br \/>\nInstrucciones de cuidado: Lavar a m\u00e1quina<\/p>\n<p>Color: negro, blanco<br \/>\nMotivo: Bloque de color<br \/>\nTalla: M<\/p>\n<p>Anchura de los hombros: 54 cm<br \/>\nAnchura del pecho: 104 cm<br \/>\nLongitud de la manga: 57 cm<br \/>\nLongitud total: 61 cm<\/p>","protected":false},"excerpt":{"rendered":"<p>Material: poli\u00e9ster 100%<br \/>\nInstrucciones de cuidado: Lavar a m\u00e1quina<\/p>\n<p>Color: negro, blanco<br \/>\nMotivo: Bloque de color<br \/>\nTalla: M<\/p>","protected":false},"featured_media":79791,"comment_status":"open","ping_status":"closed","template":"","meta":{"_seopress_robots_primary_cat":"","_seopress_titles_title":"","_seopress_titles_desc":"","_seopress_robots_index":""},"product_brand":[],"product_cat":[1348,1402,1585],"product_tag":[],"class_list":{"0":"post-79669","1":"product","2":"type-product","3":"status-publish","4":"has-post-thumbnail","6":"product_cat-damen-mode","7":"product_cat-sportbekleidung-damen-mode","8":"product_cat-jacken-sportbekleidung-damen-mode","9":"product_shipping_class-standard-versand","11":"first","12":"instock","13":"sale","14":"taxable","15":"shipping-taxable","16":"purchasable","17":"product-type-simple"},"_links":{"self":[{"href":"https:\/\/www.soanam.de\/es\/wp-json\/wp\/v2\/product\/79669","targetHints":{"allow":["GET"]}}],"collection":[{"href":"https:\/\/www.soanam.de\/es\/wp-json\/wp\/v2\/product"}],"about":[{"href":"https:\/\/www.soanam.de\/es\/wp-json\/wp\/v2\/types\/product"}],"replies":[{"embeddable":true,"href":"https:\/\/www.soanam.de\/es\/wp-json\/wp\/v2\/comments?post=79669"}],"wp:featuredmedia":[{"embeddable":true,"href":"https:\/\/www.soanam.de\/es\/wp-json\/wp\/v2\/media\/79791"}],"wp:attachment":[{"href":"https:\/\/www.soanam.de\/es\/wp-json\/wp\/v2\/media?parent=79669"}],"wp:term":[{"taxonomy":"product_brand","embeddable":true,"href":"https:\/\/www.soanam.de\/es\/wp-json\/wp\/v2\/product_brand?post=79669"},{"taxonomy":"product_cat","embeddable":true,"href":"https:\/\/www.soanam.de\/es\/wp-json\/wp\/v2\/product_cat?post=79669"},{"taxonomy":"product_tag","embeddable":true,"href":"https:\/\/www.soanam.de\/es\/wp-json\/wp\/v2\/product_tag?post=79669"}],"curies":[{"name":"wp","href":"https:\/\/api.w.org\/{rel}","templated":true}]}}