{"id":79654,"date":"2023-12-13T23:15:55","date_gmt":"2023-12-13T22:15:55","guid":{"rendered":"https:\/\/www.soanam.de\/?post_type=product&#038;p=79654"},"modified":"2023-12-13T23:18:54","modified_gmt":"2023-12-13T22:18:54","slug":"cmp-calido-acolchado-senoras-pantalones-de-esqui-con-cinturon-clima-protect-en-negro-talla-44","status":"publish","type":"product","link":"https:\/\/www.soanam.de\/es\/produkt\/cmp-warm-wattierte-damen-skihose-mit-guertel-clima-protect-in-schwarz-groesse-44\/","title":{"rendered":"Pantalones de esqu\u00ed para mujer CMP Warm acolchados con cintur\u00f3n, Clima Protect, en negro, talla 44"},"content":{"rendered":"<h3>Descripci\u00f3n de la<\/h3>\n<p>Cortaviento e impermeable gracias a Clima Protect<br \/>\nCosturas soldadas<br \/>\nColumna de agua 8.000 mm<br \/>\nTranspirable<br \/>\nCintur\u00f3n en la cintura parcialmente el\u00e1stico<\/p>\n<p>Pantalones de esqu\u00ed CMP c\u00e1lidamente acolchados con cintur\u00f3n y cintura parcialmente el\u00e1stica; 2 bolsillos con cremallera; pu\u00f1os de las piernas con polaina y protecci\u00f3n contra la nieve; cremallera oculta y refuerzo interior para proteger contra los bordes de esqu\u00ed; costuras selladas; acabado ClimaProtect repelente al viento y al agua; columna de agua 8.000 mm, transpirabilidad 5.000 g\/m2\/24 MVP; 85% poli\u00e9ster, 15% elastano, forro 100% poli\u00e9ster.<\/p>\n<p><strong>detalles<\/strong><\/p>\n<p>Talla: 44<br \/>\nTipo de talla: Tallas normales<br \/>\nComposici\u00f3n del material<br \/>\nMaterial exterior: poli\u00e9ster 85%, elastano 15%<br \/>\nForro: Poli\u00e9ster 100%;<br \/>\nPropiedades del material: el\u00e1stico<br \/>\nInstrucciones de cuidado: Lavado suave<br \/>\nEstilo: deportivo<br \/>\nColor: negro<br \/>\nLongitud de corte: largo<br \/>\nCierre: cremallera<br \/>\nDeporte: esqu\u00ed alpino, snowboard<\/p>","protected":false},"excerpt":{"rendered":"<h3>Artikelmerkmale<\/h3>\n<p>Estado del art\u00edculo: Nuevo con etiqueta: Art\u00edculo nuevo, sin usar y sin estrenar, en su embalaje original.<\/p>\n<table border=\"0\" frame=\"VOID\" rules=\"NONE\" cellspacing=\"0\">\n<colgroup>\n<col width=\"154\" \/>\n<col width=\"418\" \/><\/colgroup>\n<tbody>\n<tr>\n<td align=\"LEFT\" width=\"154\" height=\"17\">Abteilung:<\/td>\n<td align=\"LEFT\" width=\"418\">Damen<\/td>\n<\/tr>\n<tr>\n<td align=\"LEFT\" height=\"17\">Aktivit\u00e4t:<\/td>\n<td align=\"LEFT\">Eislaufen, Rodeln, Schneeschuhwandern, Skifahren, Snowboarding<\/td>\n<\/tr>\n<tr>\n<td align=\"LEFT\" height=\"17\">Angebotspaket:<\/td>\n<td align=\"LEFT\">Nein<\/td>\n<\/tr>\n<tr>\n<td align=\"LEFT\" height=\"17\">Anlass:<\/td>\n<td align=\"LEFT\">Freizeit, Sport<\/td>\n<\/tr>\n<tr>\n<td align=\"LEFT\" height=\"17\">Ausgew\u00e4hlte Suchfilter:<\/td>\n<td align=\"LEFT\">Skihose Herren<\/td>\n<\/tr>\n<tr>\n<td align=\"LEFT\" height=\"17\">Caracter\u00edsticas especiales:<\/td>\n<td align=\"LEFT\">Mit G\u00fcrtel<\/td>\n<\/tr>\n<tr>\n<td align=\"LEFT\" height=\"17\">EAN:<\/td>\n<td align=\"LEFT\">8057258278240<\/td>\n<\/tr>\n<tr>\n<td align=\"LEFT\" height=\"17\">Color:<\/td>\n<td align=\"LEFT\">Negro<\/td>\n<\/tr>\n<tr>\n<td align=\"LEFT\" height=\"17\">Gewebeart:<\/td>\n<td align=\"LEFT\">Kunstfaser<\/td>\n<\/tr>\n<tr>\n<td align=\"LEFT\" height=\"17\">Gr\u00f6\u00dfe:<\/td>\n<td align=\"LEFT\">44 - 46<\/td>\n<\/tr>\n<tr>\n<td align=\"LEFT\" height=\"17\">Gr\u00f6\u00dfenkategorie:<\/td>\n<td align=\"LEFT\">Normalgr\u00f6\u00dfe<\/td>\n<\/tr>\n<tr>\n<td align=\"LEFT\" height=\"17\">Marke:<\/td>\n<td align=\"LEFT\">CMP<\/td>\n<\/tr>\n<tr>\n<td align=\"LEFT\" height=\"17\">Material:<\/td>\n<td align=\"LEFT\">Poli\u00e9ster 85%, elastano 15%<\/td>\n<\/tr>\n<tr>\n<td align=\"LEFT\" height=\"17\">Modifizierter Artikel:<\/td>\n<td align=\"LEFT\">Nein<\/td>\n<\/tr>\n<tr>\n<td align=\"LEFT\" height=\"17\">Produktart:<\/td>\n<td align=\"LEFT\">Pantalones<\/td>\n<\/tr>\n<tr>\n<td align=\"LEFT\" height=\"17\">Schrittl\u00e4nge:<\/td>\n<td align=\"LEFT\">Ohne Angaben<\/td>\n<\/tr>\n<tr>\n<td align=\"LEFT\" height=\"17\">Stil:<\/td>\n<td align=\"LEFT\">Schneehose<\/td>\n<\/tr>\n<tr>\n<td align=\"LEFT\" height=\"17\">Taillenumfang:<\/td>\n<td align=\"LEFT\">Ohne Angaben<\/td>\n<\/tr>\n<tr>\n<td align=\"LEFT\" height=\"17\">Thema:<\/td>\n<td align=\"LEFT\">Wintersport<\/td>\n<\/tr>\n<tr>\n<td align=\"LEFT\" height=\"17\">Verschluss:<\/td>\n<td align=\"LEFT\">Cierre de cremallera<\/td>\n<\/tr>\n<tr>\n<td align=\"LEFT\" height=\"17\">Vintage:<\/td>\n<td align=\"LEFT\">Nein<\/td>\n<\/tr>\n<\/tbody>\n<\/table>","protected":false},"featured_media":79776,"comment_status":"open","ping_status":"closed","template":"","meta":{"_seopress_robots_primary_cat":"","_seopress_titles_title":"","_seopress_titles_desc":"","_seopress_robots_index":""},"product_brand":[],"product_cat":[1348,1349,1455],"product_tag":[],"class_list":{"0":"post-79654","1":"product","2":"type-product","3":"status-publish","4":"has-post-thumbnail","6":"product_cat-damen-mode","7":"product_cat-hosen-damen-mode","8":"product_cat-regen-skihosen","9":"product_shipping_class-standard-versand","11":"first","12":"instock","13":"sale","14":"taxable","15":"shipping-taxable","16":"purchasable","17":"product-type-simple"},"_links":{"self":[{"href":"https:\/\/www.soanam.de\/es\/wp-json\/wp\/v2\/product\/79654","targetHints":{"allow":["GET"]}}],"collection":[{"href":"https:\/\/www.soanam.de\/es\/wp-json\/wp\/v2\/product"}],"about":[{"href":"https:\/\/www.soanam.de\/es\/wp-json\/wp\/v2\/types\/product"}],"replies":[{"embeddable":true,"href":"https:\/\/www.soanam.de\/es\/wp-json\/wp\/v2\/comments?post=79654"}],"wp:featuredmedia":[{"embeddable":true,"href":"https:\/\/www.soanam.de\/es\/wp-json\/wp\/v2\/media\/79776"}],"wp:attachment":[{"href":"https:\/\/www.soanam.de\/es\/wp-json\/wp\/v2\/media?parent=79654"}],"wp:term":[{"taxonomy":"product_brand","embeddable":true,"href":"https:\/\/www.soanam.de\/es\/wp-json\/wp\/v2\/product_brand?post=79654"},{"taxonomy":"product_cat","embeddable":true,"href":"https:\/\/www.soanam.de\/es\/wp-json\/wp\/v2\/product_cat?post=79654"},{"taxonomy":"product_tag","embeddable":true,"href":"https:\/\/www.soanam.de\/es\/wp-json\/wp\/v2\/product_tag?post=79654"}],"curies":[{"name":"wp","href":"https:\/\/api.w.org\/{rel}","templated":true}]}}