{"id":79652,"date":"2023-12-13T23:15:55","date_gmt":"2023-12-13T22:15:55","guid":{"rendered":"https:\/\/www.soanam.de\/?post_type=product&#038;p=79652"},"modified":"2023-12-13T23:18:28","modified_gmt":"2023-12-13T22:18:28","slug":"nike-run-ecofill-running-top-para-hombre-chaqueta-de-running-en-amarillo-gr-m","status":"publish","type":"product","link":"https:\/\/www.soanam.de\/es\/produkt\/nike-run-ecofill-running-top-fuer-herren-laufjacke-in-gelb-gr-m\/","title":{"rendered":"Chaqueta de running Nike Run Ecofill para hombre, en amarillo, talla M"},"content":{"rendered":"<h3>Descripci\u00f3n de la<\/h3>\n<p>REPELENTE AL AGUA Y C\u00c1LIDA La chaqueta Nike Run Division ofrece un dise\u00f1o de primera calidad y repelente al agua para tus carreras con tiempo h\u00famedo. Gracias a su dise\u00f1o ligero, se guarda f\u00e1cilmente cuando no la necesitas. Un sistema de abrigo Esta temporada, la Run Division va a por todas con dise\u00f1os n\u00edtidos y pr\u00e1cticos para cualquier momento del d\u00eda. Con un dise\u00f1o reflectante en la cremallera y en el centro izquierdo del pecho, es perfecta para las carreras en climas fr\u00edos. Combina la camiseta con otros modelos de Run Division para aprovechar al m\u00e1ximo el sistema de abrigo coordinado. Mantente abrigado El ligero material de nailon repele el agua y te mantiene seco. El suave forro de punto se siente suave contra la piel, mientras que un relleno reciclado asegura que te mantengas c\u00f3modo y caliente incluso en el fr\u00edo. Espacio para guardar tu equipo Un bolsillo en la parte trasera ofrece espacio para tus objetos esenciales. La parte superior se puede guardar en el bolsillo.<\/p>\n<p><strong>INFORMACI\u00d3N ADICIONAL<\/strong><\/p>\n<p>Actividad: Running, Fitness<br \/>\nColor: amarillo<br \/>\nSexo: Masculino<br \/>\nModelo: Run<br \/>\nMaterial exterior: hidr\u00f3fugo<br \/>\nMarca: Nike<br \/>\nAcolchado de divisi\u00f3n de 26 grados en la parte delantera<br \/>\nNo apto para su uso como equipo de protecci\u00f3n individual<br \/>\nCuerpo: 100 % nylon; inserto: 99 % nylon\/1 % elastano; forro\/acolchado: 100 % poli\u00e9ster<br \/>\nLavado a m\u00e1quina<\/p>","protected":false},"excerpt":{"rendered":"<h3>Artikelmerkmale<\/h3>\n<p>Estado del art\u00edculo: Nuevo con etiqueta: Art\u00edculo nuevo, sin usar y sin estrenar, en su embalaje original.<\/p>\n<table border=\"0\" frame=\"VOID\" rules=\"NONE\" cellspacing=\"0\">\n<colgroup>\n<col width=\"141\" \/>\n<col width=\"182\" \/><\/colgroup>\n<tbody>\n<tr>\n<td align=\"LEFT\" width=\"141\" height=\"17\">Abteilung:<\/td>\n<td align=\"LEFT\" width=\"182\">Herren<\/td>\n<\/tr>\n<tr>\n<td align=\"LEFT\" height=\"17\">Aktivit\u00e4t:<\/td>\n<td align=\"LEFT\">Laufen &amp; Joggen<\/td>\n<\/tr>\n<tr>\n<td align=\"LEFT\" height=\"17\">Anlass:<\/td>\n<td align=\"LEFT\">Sport<\/td>\n<\/tr>\n<tr>\n<td align=\"LEFT\" height=\"17\">\u00c4rmell\u00e4nge:<\/td>\n<td align=\"LEFT\">Manga larga<\/td>\n<\/tr>\n<tr>\n<td align=\"LEFT\" height=\"17\">Ausschnitt:<\/td>\n<td align=\"LEFT\">Runder Ausschnitt<\/td>\n<\/tr>\n<tr>\n<td align=\"LEFT\" height=\"17\">Caracter\u00edsticas especiales:<\/td>\n<td align=\"LEFT\">wasserabweisend, w\u00e4rmend<\/td>\n<\/tr>\n<tr>\n<td align=\"LEFT\" height=\"17\">Charakter Familie:<\/td>\n<td align=\"LEFT\">Ohne<\/td>\n<\/tr>\n<tr>\n<td align=\"LEFT\" height=\"17\">Charakter:<\/td>\n<td align=\"LEFT\">ohne<\/td>\n<\/tr>\n<tr>\n<td align=\"LEFT\" height=\"17\">EAN:<\/td>\n<td align=\"LEFT\">194498412626<\/td>\n<\/tr>\n<tr>\n<td align=\"LEFT\" height=\"17\">Color:<\/td>\n<td align=\"LEFT\">Amarillo<\/td>\n<\/tr>\n<tr>\n<td align=\"LEFT\" height=\"17\">Gr\u00f6\u00dfe:<\/td>\n<td align=\"LEFT\">M<\/td>\n<\/tr>\n<tr>\n<td align=\"LEFT\" height=\"17\">Gr\u00f6\u00dfenkategorie:<\/td>\n<td align=\"LEFT\">Normalgr\u00f6\u00dfe<\/td>\n<\/tr>\n<tr>\n<td align=\"LEFT\" height=\"17\">Kompressionsstufe:<\/td>\n<td align=\"LEFT\">nicht zutreffend<\/td>\n<\/tr>\n<tr>\n<td align=\"LEFT\" height=\"17\">Marke:<\/td>\n<td align=\"LEFT\">Nike<\/td>\n<\/tr>\n<tr>\n<td align=\"LEFT\" height=\"17\">Material:<\/td>\n<td align=\"LEFT\">Nylon<\/td>\n<\/tr>\n<tr>\n<td align=\"LEFT\" height=\"17\">Patr\u00f3n:<\/td>\n<td align=\"LEFT\">Ohne Muster<\/td>\n<\/tr>\n<tr>\n<td align=\"LEFT\" height=\"17\">En forma:<\/td>\n<td align=\"LEFT\">Regular<\/td>\n<\/tr>\n<tr>\n<td align=\"LEFT\" height=\"17\">Produktart:<\/td>\n<td align=\"LEFT\">Laufshirt<\/td>\n<\/tr>\n<tr>\n<td align=\"LEFT\" height=\"17\">Stil:<\/td>\n<td align=\"LEFT\">Pullover<\/td>\n<\/tr>\n<tr>\n<td align=\"LEFT\" height=\"17\">Vintage:<\/td>\n<td align=\"LEFT\">Nein<\/td>\n<\/tr>\n<\/tbody>\n<\/table>","protected":false},"featured_media":79769,"comment_status":"open","ping_status":"closed","template":"","meta":{"_seopress_robots_primary_cat":"","_seopress_titles_title":"","_seopress_titles_desc":"","_seopress_robots_index":""},"product_brand":[],"product_cat":[1345,1365,1545,1546],"product_tag":[],"class_list":{"0":"post-79652","1":"product","2":"type-product","3":"status-publish","4":"has-post-thumbnail","6":"product_cat-herrenmode","7":"product_cat-sportbekleidung","8":"product_cat-shirts-sportbekleidung","9":"product_cat-langarm-shirts-sportbekleidung","10":"product_shipping_class-standard-versand","12":"first","13":"instock","14":"sale","15":"taxable","16":"shipping-taxable","17":"purchasable","18":"product-type-simple"},"_links":{"self":[{"href":"https:\/\/www.soanam.de\/es\/wp-json\/wp\/v2\/product\/79652","targetHints":{"allow":["GET"]}}],"collection":[{"href":"https:\/\/www.soanam.de\/es\/wp-json\/wp\/v2\/product"}],"about":[{"href":"https:\/\/www.soanam.de\/es\/wp-json\/wp\/v2\/types\/product"}],"replies":[{"embeddable":true,"href":"https:\/\/www.soanam.de\/es\/wp-json\/wp\/v2\/comments?post=79652"}],"wp:featuredmedia":[{"embeddable":true,"href":"https:\/\/www.soanam.de\/es\/wp-json\/wp\/v2\/media\/79769"}],"wp:attachment":[{"href":"https:\/\/www.soanam.de\/es\/wp-json\/wp\/v2\/media?parent=79652"}],"wp:term":[{"taxonomy":"product_brand","embeddable":true,"href":"https:\/\/www.soanam.de\/es\/wp-json\/wp\/v2\/product_brand?post=79652"},{"taxonomy":"product_cat","embeddable":true,"href":"https:\/\/www.soanam.de\/es\/wp-json\/wp\/v2\/product_cat?post=79652"},{"taxonomy":"product_tag","embeddable":true,"href":"https:\/\/www.soanam.de\/es\/wp-json\/wp\/v2\/product_tag?post=79652"}],"curies":[{"name":"wp","href":"https:\/\/api.w.org\/{rel}","templated":true}]}}