{"id":79651,"date":"2023-12-13T23:15:54","date_gmt":"2023-12-13T22:15:54","guid":{"rendered":"https:\/\/www.soanam.de\/?post_type=product&#038;p=79651"},"modified":"2023-12-13T23:18:18","modified_gmt":"2023-12-13T22:18:18","slug":"shorts-de-bano-chiemsee-con-logo-estampado-en-azul-marino-talla-s","status":"publish","type":"product","link":"https:\/\/www.soanam.de\/es\/produkt\/chiemsee-badeshorts-mit-logoprint-in-navy-groesse-s\/","title":{"rendered":"Shorts de ba\u00f1o Chiemsee con logo estampado, en azul marino, talla S"},"content":{"rendered":"<p>Shorts de ba\u00f1o Chiemsee de rayas diplom\u00e1ticas para hombre<br \/>\nLogotipo Chiemsee<br \/>\nBolsillo interior (compartimento para monedas o llaves)<br \/>\nCon cintura el\u00e1stica y cinta para atar<\/p>\n<p>El ba\u00f1ador corto de hombre Chiemsee con cintura el\u00e1stica tiene un slip interior de malla, un cord\u00f3n interior y un bolsillo interior (bolsillo para monedas o llaves).<br \/>\nEl ba\u00f1ador a rayas presenta un gran logotipo de Chiemsee estampado.<\/p>\n<p>Material: poli\u00e9ster 100%<br \/>\nInstrucciones de cuidado: Lavar a m\u00e1quina<\/p>\n<p>Color: azul marino<br \/>\nMotivo: Raya diplom\u00e1tica<br \/>\nTalla: S<\/p>\n<p>Cintura: 77 cm<br \/>\nLongitud total: 43 cm<\/p>","protected":false},"excerpt":{"rendered":"<p>Material: poli\u00e9ster 100%<br \/>\nInstrucciones de cuidado: Lavar a m\u00e1quina<\/p>\n<p>Color: azul marino<br \/>\nMuster: Nadelstreifen, Logo<br \/>\nTalla: S<\/p>\n<p>Cintura: 77 cm<br \/>\nLongitud total: 43 cm<\/p>","protected":false},"featured_media":79764,"comment_status":"open","ping_status":"closed","template":"","meta":{"_seopress_robots_primary_cat":"","_seopress_titles_title":"","_seopress_titles_desc":"","_seopress_robots_index":""},"product_brand":[],"product_cat":[1345,1581,1582],"product_tag":[],"class_list":{"0":"post-79651","1":"product","2":"type-product","3":"status-publish","4":"has-post-thumbnail","6":"product_cat-herrenmode","7":"product_cat-bademode-herrenmode","8":"product_cat-badeshorts","9":"product_shipping_class-standard-versand","11":"first","12":"instock","13":"sale","14":"taxable","15":"shipping-taxable","16":"purchasable","17":"product-type-simple"},"_links":{"self":[{"href":"https:\/\/www.soanam.de\/es\/wp-json\/wp\/v2\/product\/79651","targetHints":{"allow":["GET"]}}],"collection":[{"href":"https:\/\/www.soanam.de\/es\/wp-json\/wp\/v2\/product"}],"about":[{"href":"https:\/\/www.soanam.de\/es\/wp-json\/wp\/v2\/types\/product"}],"replies":[{"embeddable":true,"href":"https:\/\/www.soanam.de\/es\/wp-json\/wp\/v2\/comments?post=79651"}],"wp:featuredmedia":[{"embeddable":true,"href":"https:\/\/www.soanam.de\/es\/wp-json\/wp\/v2\/media\/79764"}],"wp:attachment":[{"href":"https:\/\/www.soanam.de\/es\/wp-json\/wp\/v2\/media?parent=79651"}],"wp:term":[{"taxonomy":"product_brand","embeddable":true,"href":"https:\/\/www.soanam.de\/es\/wp-json\/wp\/v2\/product_brand?post=79651"},{"taxonomy":"product_cat","embeddable":true,"href":"https:\/\/www.soanam.de\/es\/wp-json\/wp\/v2\/product_cat?post=79651"},{"taxonomy":"product_tag","embeddable":true,"href":"https:\/\/www.soanam.de\/es\/wp-json\/wp\/v2\/product_tag?post=79651"}],"curies":[{"name":"wp","href":"https:\/\/api.w.org\/{rel}","templated":true}]}}