{"id":79649,"date":"2023-12-13T23:15:54","date_gmt":"2023-12-13T22:15:54","guid":{"rendered":"https:\/\/www.soanam.de\/?post_type=product&#038;p=79649"},"modified":"2023-12-13T23:17:54","modified_gmt":"2023-12-13T22:17:54","slug":"dune-london-dawsson-tagesrucksack-in-schwarz-40-x-36-x-12-cm","status":"publish","type":"product","link":"https:\/\/www.soanam.de\/es\/produkt\/dune-london-dawsson-tagesrucksack-in-schwarz-40-x-36-x-12-cm\/","title":{"rendered":"Dune London DAWSSON, mochila de d\u00eda, en negro, 40 x 36 x 12 cm"},"content":{"rendered":"<h3>Descripci\u00f3n de la<\/h3>\n<p>Kombinieren Sie sch\u00f6nes Design mit moderner Funktionalit\u00e4t. Mit vielen Features und praktischem Laptopfach auf der R\u00fcckseite. Tragen Sie es bequem mit den Doppelgurten oder entscheiden Sie sich f\u00fcr den oberen Griff.<\/p>\n<p><strong>detalles<\/strong><br \/>\nL\u00e4ngenverstellbare Schultergurte,<br \/>\nje ein Steckfach seitlich,<br \/>\nein Rei\u00dfverschlussfach vorne,<br \/>\nein Steck- und Rei\u00dfverschlussfach innen<br \/>\nF\u00e4cher: Laptopfach, Handyfach<br \/>\nVerschluss: Magnetverschluss<br \/>\nMotivo: Colores lisos<br \/>\nDetails: Zwei-Wege-Rei\u00dfverschluss<\/p>\n<p><strong>Ajuste<\/strong><br \/>\nH\u00f6he: 40 cm bei Gr\u00f6\u00dfe One Size<br \/>\nL\u00e4nge: 36 cm bei Gr\u00f6\u00dfe One Size<br \/>\nWeite: 12 cm bei Gr\u00f6\u00dfe One Size<br \/>\nTragehenkel: 7 cm bei Gr\u00f6\u00dfe One Size<\/p>\n<p><strong>Material:<\/strong><br \/>\nSynthetisch<br \/>\nObermaterial: Polyurethan<br \/>\nFutter: Polyester<br \/>\nMaterialkonstruktion: Kunstleder<\/p>","protected":false},"excerpt":{"rendered":"<h3>Artikelmerkmale<\/h3>\n<p>Estado del art\u00edculo: Nuevo con etiqueta: Art\u00edculo nuevo, sin usar y sin estrenar, en su embalaje original.<\/p>\n<table border=\"0\" frame=\"VOID\" rules=\"NONE\" cellspacing=\"0\">\n<colgroup>\n<col width=\"123\" \/>\n<col width=\"205\" \/><\/colgroup>\n<tbody>\n<tr>\n<td align=\"LEFT\" width=\"123\" height=\"17\">Design:<\/td>\n<td align=\"LEFT\" width=\"205\">Logotipo<\/td>\n<\/tr>\n<tr>\n<td align=\"LEFT\" height=\"17\">EAN:<\/td>\n<td align=\"LEFT\">5059549190517<\/td>\n<\/tr>\n<tr>\n<td align=\"LEFT\" height=\"17\">Propiedades:<\/td>\n<td align=\"LEFT\">F\u00fcr Laptop<\/td>\n<\/tr>\n<tr>\n<td align=\"LEFT\" height=\"17\">Color:<\/td>\n<td align=\"LEFT\">Negro<\/td>\n<\/tr>\n<tr>\n<td align=\"LEFT\" height=\"17\">Geschlecht:<\/td>\n<td align=\"LEFT\">Unisex<\/td>\n<\/tr>\n<tr>\n<td align=\"LEFT\" height=\"17\">Herstellernummer:<\/td>\n<td align=\"LEFT\">195097000310385000<\/td>\n<\/tr>\n<tr>\n<td align=\"LEFT\" height=\"17\">Marke:<\/td>\n<td align=\"LEFT\">Dune London<\/td>\n<\/tr>\n<tr>\n<td align=\"LEFT\" height=\"17\">Produktart:<\/td>\n<td align=\"LEFT\">Arbeitsrucksack\/Schulrucksack<\/td>\n<\/tr>\n<\/tbody>\n<\/table>","protected":false},"featured_media":79745,"comment_status":"open","ping_status":"closed","template":"","meta":{"_seopress_robots_primary_cat":"","_seopress_titles_title":"","_seopress_titles_desc":"","_seopress_robots_index":""},"product_brand":[],"product_cat":[1345,1348,1357,1358,1387,1409,1410,1579],"product_tag":[],"class_list":{"0":"post-79649","1":"product","2":"type-product","3":"status-publish","4":"has-post-thumbnail","6":"product_cat-herrenmode","7":"product_cat-damen-mode","8":"product_cat-accessoires","9":"product_cat-taschen","10":"product_cat-accessoires-herrenmode","11":"product_cat-taschen-accessoires-herrenmode","12":"product_cat-rucksaecke-taschen-accessoires-herrenmode","13":"product_cat-tragetaschen","14":"product_shipping_class-standard-versand","16":"first","17":"instock","18":"sale","19":"taxable","20":"shipping-taxable","21":"purchasable","22":"product-type-simple"},"_links":{"self":[{"href":"https:\/\/www.soanam.de\/es\/wp-json\/wp\/v2\/product\/79649","targetHints":{"allow":["GET"]}}],"collection":[{"href":"https:\/\/www.soanam.de\/es\/wp-json\/wp\/v2\/product"}],"about":[{"href":"https:\/\/www.soanam.de\/es\/wp-json\/wp\/v2\/types\/product"}],"replies":[{"embeddable":true,"href":"https:\/\/www.soanam.de\/es\/wp-json\/wp\/v2\/comments?post=79649"}],"wp:featuredmedia":[{"embeddable":true,"href":"https:\/\/www.soanam.de\/es\/wp-json\/wp\/v2\/media\/79745"}],"wp:attachment":[{"href":"https:\/\/www.soanam.de\/es\/wp-json\/wp\/v2\/media?parent=79649"}],"wp:term":[{"taxonomy":"product_brand","embeddable":true,"href":"https:\/\/www.soanam.de\/es\/wp-json\/wp\/v2\/product_brand?post=79649"},{"taxonomy":"product_cat","embeddable":true,"href":"https:\/\/www.soanam.de\/es\/wp-json\/wp\/v2\/product_cat?post=79649"},{"taxonomy":"product_tag","embeddable":true,"href":"https:\/\/www.soanam.de\/es\/wp-json\/wp\/v2\/product_tag?post=79649"}],"curies":[{"name":"wp","href":"https:\/\/api.w.org\/{rel}","templated":true}]}}