{"id":79633,"date":"2023-12-13T23:15:32","date_gmt":"2023-12-13T22:15:32","guid":{"rendered":"https:\/\/www.soanam.de\/?post_type=product&#038;p=79633"},"modified":"2023-12-13T23:17:40","modified_gmt":"2023-12-13T22:17:40","slug":"beachtime-2-piezas-conjunto-de-leggings-y-longtop-en-negro-marron-talla-36-38","status":"publish","type":"product","link":"https:\/\/www.soanam.de\/es\/produkt\/beachtime-2-tlg-set-aus-leggings-und-longtop-in-schwarz-braun-groesse-36-38\/","title":{"rendered":"Beachtime Conjunto de 2 piezas de leggings y top largo, en negro, marr\u00f3n, talla 36\/38"},"content":{"rendered":"<p>Set de verano de 2 piezas de Beachtime<br \/>\nTop largo de corte asim\u00e9trico<br \/>\nCon abertura lateral<br \/>\nLeggings con detalle recortado al final<br \/>\nEn c\u00f3moda calidad de jersey<\/p>\n<p>El conjunto de verano compuesto por un top y unos leggings de Beachtime te acompa\u00f1ar\u00e1 all\u00e1 donde quieras ir.<br \/>\nEl top extralargo de corte asim\u00e9trico con estampado integral y aberturas a los lados es todo un reclamo.<br \/>\nLos sencillos leggings complementan a la perfecci\u00f3n el vaporoso top y los m\u00ednimos recortes en los extremos de las perneras a\u00f1aden un toque extra.<\/p>\n<p>Material: Parte superior: 92% algod\u00f3n , 8% elastano. Parte superior: 100% viscosa.<br \/>\nInstrucciones de cuidado: Lavar a m\u00e1quina<\/p>\n<p>Color: Top: marr\u00f3n, estampado. Pantal\u00f3n: negro<br \/>\nMotivo: Animal print<br \/>\nTalla: 36\/38<\/p>\n<p>Pantalones<br \/>\nAnchura del pecho: 84 cm Longitud de la entrepierna: 51 cm<br \/>\nLongitud total: 98 cm Longitud total: 70 cm<\/p>\n<p>Este nuevo art\u00edculo es una devoluci\u00f3n de un cliente sin etiqueta.<\/p>","protected":false},"excerpt":{"rendered":"<table class=\"dv_characteristicsTable\">\n<tbody>\n<tr>\n<td class=\"left\">Talla<\/td>\n<td>36\/38<\/td>\n<\/tr>\n<tr>\n<td class=\"left\">Gr\u00f6\u00dfentyp<\/td>\n<td>Normalgr\u00f6\u00dfen<\/td>\n<\/tr>\n<tr>\n<td class=\"left\">Composici\u00f3n del material<\/td>\n<td>Obermaterial: 92% Baumwolle\u00a0, 8% Elasthan. Oberteil: 100% Viskose<\/td>\n<\/tr>\n<tr>\n<td class=\"left\">Materialart<\/td>\n<td>Jersey<\/td>\n<\/tr>\n<tr>\n<td class=\"left\">Materialeigenschaften<\/td>\n<td>Stretch<\/td>\n<\/tr>\n<tr>\n<td class=\"left\">Instrucciones de cuidado<\/td>\n<td>Lavado a m\u00e1quina<\/td>\n<\/tr>\n<tr>\n<td class=\"left\">Stil<\/td>\n<td>casual<\/td>\n<\/tr>\n<tr>\n<td class=\"left\">Color<\/td>\n<td>braun, bedruckt<\/td>\n<\/tr>\n<tr>\n<td class=\"left\">Farbe Packst\u00fcck 2<\/td>\n<td>schwarz<\/td>\n<\/tr>\n<tr>\n<td class=\"left\">Ausschnitt<\/td>\n<td>Rundhals<\/td>\n<\/tr>\n<tr>\n<td class=\"left\">\u00c4rmel<\/td>\n<td>ohne \u00c4rmel<\/td>\n<\/tr>\n<tr>\n<td class=\"left\">Ajuste<\/td>\n<td>figurumspielend<\/td>\n<\/tr>\n<tr>\n<td class=\"left\">Schnittdetails<\/td>\n<td>asymmetrisch<\/td>\n<\/tr>\n<tr>\n<td class=\"left\">Schnittform L\u00e4nge<\/td>\n<td>knielang<\/td>\n<\/tr>\n<tr>\n<td class=\"left\">Besondere Merkmale<\/td>\n<td>in Animalprint<\/td>\n<\/tr>\n<\/tbody>\n<\/table>","protected":false},"featured_media":79736,"comment_status":"open","ping_status":"closed","template":"","meta":{"_seopress_robots_primary_cat":"","_seopress_titles_title":"","_seopress_titles_desc":"","_seopress_robots_index":""},"product_brand":[],"product_cat":[1348,1578],"product_tag":[],"class_list":{"0":"post-79633","1":"product","2":"type-product","3":"status-publish","4":"has-post-thumbnail","6":"product_cat-damen-mode","7":"product_cat-sets-damen-mode","8":"product_shipping_class-standard-versand","10":"first","11":"instock","12":"sale","13":"taxable","14":"shipping-taxable","15":"purchasable","16":"product-type-simple"},"_links":{"self":[{"href":"https:\/\/www.soanam.de\/es\/wp-json\/wp\/v2\/product\/79633","targetHints":{"allow":["GET"]}}],"collection":[{"href":"https:\/\/www.soanam.de\/es\/wp-json\/wp\/v2\/product"}],"about":[{"href":"https:\/\/www.soanam.de\/es\/wp-json\/wp\/v2\/types\/product"}],"replies":[{"embeddable":true,"href":"https:\/\/www.soanam.de\/es\/wp-json\/wp\/v2\/comments?post=79633"}],"wp:featuredmedia":[{"embeddable":true,"href":"https:\/\/www.soanam.de\/es\/wp-json\/wp\/v2\/media\/79736"}],"wp:attachment":[{"href":"https:\/\/www.soanam.de\/es\/wp-json\/wp\/v2\/media?parent=79633"}],"wp:term":[{"taxonomy":"product_brand","embeddable":true,"href":"https:\/\/www.soanam.de\/es\/wp-json\/wp\/v2\/product_brand?post=79633"},{"taxonomy":"product_cat","embeddable":true,"href":"https:\/\/www.soanam.de\/es\/wp-json\/wp\/v2\/product_cat?post=79633"},{"taxonomy":"product_tag","embeddable":true,"href":"https:\/\/www.soanam.de\/es\/wp-json\/wp\/v2\/product_tag?post=79633"}],"curies":[{"name":"wp","href":"https:\/\/api.w.org\/{rel}","templated":true}]}}