{"id":79544,"date":"2023-12-13T22:41:52","date_gmt":"2023-12-13T21:41:52","guid":{"rendered":"https:\/\/www.soanam.de\/?post_type=product&#038;p=79544"},"modified":"2023-12-13T23:15:28","modified_gmt":"2023-12-13T22:15:28","slug":"nike-air-zoom-pegasus-37-mujeres-zapatillas-de-deporte-zapatos-para-correr-en-blanco-amarillo-tamano-365","status":"publish","type":"product","link":"https:\/\/www.soanam.de\/es\/produkt\/nike-air-zoom-pegasus-37-damen-sneaker-laufschuhe-in-weiss-gelb-groesse-365\/","title":{"rendered":"Nike AIR ZOOM PEGASUS 37, zapatillas de deporte para mujer, en blanco\/amarillo, talla 36.5"},"content":{"rendered":"<h3>Descripci\u00f3n de la<\/h3>\n<p><strong>DESCRIPCI\u00d3N DEL PRODUCTO<\/strong><\/p>\n<p>Nike nos presenta estas zapatillas de running que cumplen todas nuestras expectativas.<br \/>\nLas Nike Air Zoom Pegasus 37 incorporan un elemento de amortiguaci\u00f3n completamente nuevo en el antepi\u00e9 y una espuma que permite una capacidad de respuesta \u00f3ptima. El resultado es una zapatilla de entrenamiento duradera y ligera para todos los d\u00edas.<\/p>\n<p><strong>UTILICE<\/strong><\/p>\n<p>Distancia de la carrera: &lt; 10 km<br \/>\nTipo de escal\u00f3n: Universal<br \/>\nPeso: 240 g<\/p>\n<p><strong>MATERIAL<\/strong><\/p>\n<p>Material exterior : Sint\u00e9tico y textil<br \/>\nMaterial interior : Textil<br \/>\nPlantilla : Textil<br \/>\nSuela : Caucho<\/p>","protected":false},"excerpt":{"rendered":"<h3>Artikelmerkmale<\/h3>\n<p>Estado del art\u00edculo: Nuevo con etiqueta: Art\u00edculo nuevo, sin usar y sin estrenar, en su embalaje original.<\/p>\n<table border=\"0\" frame=\"VOID\" rules=\"NONE\" cellspacing=\"0\">\n<colgroup>\n<col width=\"137\" \/>\n<col width=\"100\" \/><\/colgroup>\n<tbody>\n<tr>\n<td align=\"LEFT\" width=\"137\" height=\"17\">Abteilung:<\/td>\n<td align=\"LEFT\" width=\"100\">Damen<\/td>\n<\/tr>\n<tr>\n<td align=\"LEFT\" height=\"17\">Charakter:<\/td>\n<td align=\"LEFT\">Ohne<\/td>\n<\/tr>\n<tr>\n<td align=\"LEFT\" height=\"17\">EAN:<\/td>\n<td align=\"LEFT\">194500802773<\/td>\n<\/tr>\n<tr>\n<td align=\"LEFT\" height=\"17\">EU-Schuhgr\u00f6\u00dfe:<\/td>\n<td align=\"LEFT\">EUR 36,5<\/td>\n<\/tr>\n<tr>\n<td align=\"LEFT\" height=\"17\">Color:<\/td>\n<td align=\"LEFT\">Wei\u00df\/Gelb<\/td>\n<\/tr>\n<tr>\n<td align=\"LEFT\" height=\"17\">Individualisiert:<\/td>\n<td align=\"LEFT\">Nein<\/td>\n<\/tr>\n<tr>\n<td align=\"LEFT\" height=\"17\">Innensohlenmaterial:<\/td>\n<td align=\"LEFT\">Textil<\/td>\n<\/tr>\n<tr>\n<td align=\"LEFT\" height=\"17\">Marke:<\/td>\n<td align=\"LEFT\">Nike<\/td>\n<\/tr>\n<tr>\n<td align=\"LEFT\" height=\"17\">Modell:<\/td>\n<td align=\"LEFT\">BQ9647105<\/td>\n<\/tr>\n<tr>\n<td align=\"LEFT\" height=\"17\">Material superior:<\/td>\n<td align=\"LEFT\">Textil<\/td>\n<\/tr>\n<tr>\n<td align=\"LEFT\" height=\"17\">Produktart:<\/td>\n<td align=\"LEFT\">Sportschuh<\/td>\n<\/tr>\n<tr>\n<td align=\"LEFT\" height=\"17\">Produktlinie:<\/td>\n<td align=\"LEFT\">Nike Air<\/td>\n<\/tr>\n<tr>\n<td align=\"LEFT\" height=\"17\">Stil:<\/td>\n<td align=\"LEFT\">Sneaker<\/td>\n<\/tr>\n<tr>\n<td align=\"LEFT\" height=\"17\">UK-Schuhgr\u00f6\u00dfe:<\/td>\n<td align=\"LEFT\">UK 3,5<\/td>\n<\/tr>\n<tr>\n<td align=\"LEFT\" height=\"17\">US-Schuhgr\u00f6\u00dfe:<\/td>\n<td align=\"LEFT\">US 6<\/td>\n<\/tr>\n<tr>\n<td align=\"LEFT\" height=\"17\">Vintage:<\/td>\n<td align=\"LEFT\">Nein<\/td>\n<\/tr>\n<\/tbody>\n<\/table>","protected":false},"featured_media":79622,"comment_status":"open","ping_status":"closed","template":"","meta":{"_seopress_robots_primary_cat":"","_seopress_titles_title":"","_seopress_titles_desc":"","_seopress_robots_index":""},"product_brand":[],"product_cat":[1348,1360,1367],"product_tag":[],"class_list":{"0":"post-79544","1":"product","2":"type-product","3":"status-publish","4":"has-post-thumbnail","6":"product_cat-damen-mode","7":"product_cat-schuhe","8":"product_cat-sneakers","9":"product_shipping_class-standard-versand","11":"first","12":"instock","13":"sale","14":"taxable","15":"shipping-taxable","16":"purchasable","17":"product-type-simple"},"_links":{"self":[{"href":"https:\/\/www.soanam.de\/es\/wp-json\/wp\/v2\/product\/79544","targetHints":{"allow":["GET"]}}],"collection":[{"href":"https:\/\/www.soanam.de\/es\/wp-json\/wp\/v2\/product"}],"about":[{"href":"https:\/\/www.soanam.de\/es\/wp-json\/wp\/v2\/types\/product"}],"replies":[{"embeddable":true,"href":"https:\/\/www.soanam.de\/es\/wp-json\/wp\/v2\/comments?post=79544"}],"wp:featuredmedia":[{"embeddable":true,"href":"https:\/\/www.soanam.de\/es\/wp-json\/wp\/v2\/media\/79622"}],"wp:attachment":[{"href":"https:\/\/www.soanam.de\/es\/wp-json\/wp\/v2\/media?parent=79544"}],"wp:term":[{"taxonomy":"product_brand","embeddable":true,"href":"https:\/\/www.soanam.de\/es\/wp-json\/wp\/v2\/product_brand?post=79544"},{"taxonomy":"product_cat","embeddable":true,"href":"https:\/\/www.soanam.de\/es\/wp-json\/wp\/v2\/product_cat?post=79544"},{"taxonomy":"product_tag","embeddable":true,"href":"https:\/\/www.soanam.de\/es\/wp-json\/wp\/v2\/product_tag?post=79544"}],"curies":[{"name":"wp","href":"https:\/\/api.w.org\/{rel}","templated":true}]}}