{"id":79543,"date":"2023-12-13T22:41:51","date_gmt":"2023-12-13T21:41:51","guid":{"rendered":"https:\/\/www.soanam.de\/?post_type=product&#038;p=79543"},"modified":"2023-12-13T23:15:20","modified_gmt":"2023-12-13T22:15:20","slug":"tommaso-alpina-subject-definition-activity-geb-edition-espanol-2021","status":"publish","type":"product","link":"https:\/\/www.soanam.de\/es\/produkt\/tommaso-alpina-subject-definition-activity-geb-ausgabe-englisch-2021\/","title":{"rendered":"Tommaso Alpina - Tema, Definici\u00f3n, Actividad - Edici\u00f3n encuadernada, Ingl\u00e9s, 2021"},"content":{"rendered":"<h3>Descripci\u00f3n de la<\/h3>\n<p>Este libro ofrece por primera vez un estudio exhaustivo de la recepci\u00f3n y reelaboraci\u00f3n de la teor\u00eda peripat\u00e9tica del alma en el Kit\u0101b al-Nafs (Libro del alma) de Avicena (m. 1037). Este estudio pretende enmarcar la ciencia del alma (o psicolog\u00eda) de Avicena centr\u00e1ndose en tres conceptos clave: sujeto, definici\u00f3n y actividad. El examen de estos conceptos revelar\u00e1 la doble consideraci\u00f3n del alma en la psicolog\u00eda de Avicena. Adem\u00e1s de la \"orientaci\u00f3n general\" hacia el alma de los seres vivos sublunares, que es el principio formal del cuerpo, la psicolog\u00eda de Avicena muestra tambi\u00e9n una \"orientaci\u00f3n espec\u00edfica\" hacia el alma en s\u00ed misma, es decir, el alma racional humana que, considerada aisladamente del cuerpo, es una sustancia autosubsistente, id\u00e9ntica al intelecto te\u00f3rico y capaz de sobrevivir a la separaci\u00f3n del cuerpo. Estas dos investigaciones demuestran la coexistencia en la psicolog\u00eda de Avicena de una ciencia m\u00e1s espec\u00edfica y menos f\u00edsica (psychologia specialis) dentro de otra m\u00e1s general y globalmente f\u00edsica (psychologia generalis). La serie est\u00e1 dedicada al estudio de textos cient\u00edficos y filos\u00f3ficos del mundo cl\u00e1sico e isl\u00e1mico transmitidos en lengua \u00e1rabe. A trav\u00e9s de ediciones cr\u00edticas de textos y monograf\u00edas, permite acceder a la investigaci\u00f3n cient\u00edfica antigua tal y como se desarroll\u00f3 en una tradici\u00f3n continua desde la Antig\u00fcedad hasta la \u00e9poca moderna. Todas las ediciones van acompa\u00f1adas de traducciones y notas filol\u00f3gicas y explicativas.<\/p>\n<p>La serie est\u00e1 dedicada a textos fundamentales de ciencia y filosof\u00eda de la Antig\u00fcedad y del mundo isl\u00e1mico que se han transmitido en \u00e1rabe. Al ofrecer ediciones cr\u00edticas de textos y estudios monogr\u00e1ficos, se pone al alcance de los investigadores esas \u00e1reas tem\u00e1ticas en las que la ciencia se present\u00f3 y desarroll\u00f3 continuamente entre la Antig\u00fcedad y la Modernidad. Las ediciones de textos van acompa\u00f1adas de traducciones y se hacen accesibles mediante notas explicativas y anotaciones filol\u00f3gicas.<\/p>\n<p><strong>detalles<\/strong><\/p>\n<p>EAN (ISBN-13): 9783110706550<br \/>\nISBN (ISBN-10): 3110706555<br \/>\nEdici\u00f3n de tapa dura<br \/>\nA\u00f1o de publicaci\u00f3n: 2021<br \/>\nEditor: De Gruyter<br \/>\nIdioma: ingl\u00e9s<br \/>\nDisertaci\u00f3n<br \/>\n2021 - tapa dura - 266 p\u00e1ginas<\/p>","protected":false},"excerpt":{"rendered":"<h3>Artikelmerkmale<\/h3>\n<p>Estado del art\u00edculo: Nuevo con etiqueta: Art\u00edculo nuevo, sin usar y sin estrenar, en su embalaje original.<\/p>\n<table border=\"0\" frame=\"VOID\" rules=\"NONE\" cellspacing=\"0\">\n<colgroup>\n<col width=\"188\" \/>\n<col width=\"306\" \/><\/colgroup>\n<tbody>\n<tr>\n<td align=\"LEFT\" width=\"188\" height=\"17\">Anzahl der Seiten:<\/td>\n<td align=\"LEFT\" width=\"306\">290 Seiten<\/td>\n<\/tr>\n<tr>\n<td align=\"LEFT\" height=\"17\">Autor:<\/td>\n<td align=\"LEFT\">Tommaso Alpina<\/td>\n<\/tr>\n<tr>\n<td align=\"LEFT\" height=\"17\">Caracter\u00edsticas especiales:<\/td>\n<td align=\"LEFT\">eingeschwei\u00dft<\/td>\n<\/tr>\n<tr>\n<td align=\"LEFT\" height=\"17\">Buchreihe:<\/td>\n<td align=\"LEFT\">Scientia Graeco-Arabica<\/td>\n<\/tr>\n<tr>\n<td align=\"LEFT\" height=\"17\">Buchtitel:<\/td>\n<td align=\"LEFT\">Subject, Definition, Activity<\/td>\n<\/tr>\n<tr>\n<td align=\"LEFT\" height=\"17\">Erscheinungsjahr:<\/td>\n<td align=\"LEFT\">2021<\/td>\n<\/tr>\n<tr>\n<td align=\"LEFT\" height=\"17\">Format:<\/td>\n<td align=\"LEFT\">Edici\u00f3n de tapa dura<\/td>\n<\/tr>\n<tr>\n<td align=\"LEFT\" height=\"17\">Genre:<\/td>\n<td align=\"LEFT\">Philosophie<\/td>\n<\/tr>\n<tr>\n<td align=\"LEFT\" height=\"17\">Herstellungsland und -region:<\/td>\n<td align=\"LEFT\">Unbekannt<\/td>\n<\/tr>\n<tr>\n<td align=\"LEFT\" height=\"17\">ISBN:<\/td>\n<td align=\"LEFT\">9783110706550<\/td>\n<\/tr>\n<tr>\n<td align=\"LEFT\" height=\"17\">Literarische Gattung:<\/td>\n<td align=\"LEFT\">Sachbuch<\/td>\n<\/tr>\n<tr>\n<td align=\"LEFT\" height=\"17\">Produktart:<\/td>\n<td align=\"LEFT\">Forschungsergebnisse<\/td>\n<\/tr>\n<tr>\n<td align=\"LEFT\" height=\"17\">Sprache:<\/td>\n<td align=\"LEFT\">Englisch<\/td>\n<\/tr>\n<tr>\n<td align=\"LEFT\" height=\"17\">Thematik:<\/td>\n<td align=\"LEFT\">Philosophie der Antike und der islamischen Welt<\/td>\n<\/tr>\n<tr>\n<td align=\"LEFT\" height=\"17\">Verlag:<\/td>\n<td align=\"LEFT\">De Gruyter, Gruyter, Walter de Gmbh<\/td>\n<\/tr>\n<tr>\n<td align=\"LEFT\" height=\"17\">Zielgruppe:<\/td>\n<td align=\"LEFT\">Jugendliche, Erwachsene<\/td>\n<\/tr>\n<\/tbody>\n<\/table>","protected":false},"featured_media":79620,"comment_status":"open","ping_status":"closed","template":"","meta":{"_seopress_robots_primary_cat":"","_seopress_titles_title":"","_seopress_titles_desc":"","_seopress_robots_index":""},"product_brand":[],"product_cat":[1428,1434,1439],"product_tag":[],"class_list":{"0":"post-79543","1":"product","2":"type-product","3":"status-publish","4":"has-post-thumbnail","6":"product_cat-buecher","7":"product_cat-erwachsene","8":"product_cat-lehrbuecher-erwachsene","9":"product_shipping_class-standard-versand","11":"first","12":"instock","13":"sale","14":"taxable","15":"shipping-taxable","16":"purchasable","17":"product-type-simple"},"_links":{"self":[{"href":"https:\/\/www.soanam.de\/es\/wp-json\/wp\/v2\/product\/79543","targetHints":{"allow":["GET"]}}],"collection":[{"href":"https:\/\/www.soanam.de\/es\/wp-json\/wp\/v2\/product"}],"about":[{"href":"https:\/\/www.soanam.de\/es\/wp-json\/wp\/v2\/types\/product"}],"replies":[{"embeddable":true,"href":"https:\/\/www.soanam.de\/es\/wp-json\/wp\/v2\/comments?post=79543"}],"wp:featuredmedia":[{"embeddable":true,"href":"https:\/\/www.soanam.de\/es\/wp-json\/wp\/v2\/media\/79620"}],"wp:attachment":[{"href":"https:\/\/www.soanam.de\/es\/wp-json\/wp\/v2\/media?parent=79543"}],"wp:term":[{"taxonomy":"product_brand","embeddable":true,"href":"https:\/\/www.soanam.de\/es\/wp-json\/wp\/v2\/product_brand?post=79543"},{"taxonomy":"product_cat","embeddable":true,"href":"https:\/\/www.soanam.de\/es\/wp-json\/wp\/v2\/product_cat?post=79543"},{"taxonomy":"product_tag","embeddable":true,"href":"https:\/\/www.soanam.de\/es\/wp-json\/wp\/v2\/product_tag?post=79543"}],"curies":[{"name":"wp","href":"https:\/\/api.w.org\/{rel}","templated":true}]}}