{"id":79484,"date":"2023-12-13T22:40:35","date_gmt":"2023-12-13T21:40:35","guid":{"rendered":"https:\/\/www.soanam.de\/?post_type=product&#038;p=79484"},"modified":"2023-12-13T23:14:13","modified_gmt":"2023-12-13T22:14:13","slug":"golden-home-juego-nordico-de-6-piezas-para-cama-de-matrimonio-en-rosa","status":"publish","type":"product","link":"https:\/\/www.soanam.de\/es\/produkt\/golden-home-6-teiliges-decken-set-fuer-ein-doppelbett-in-rosa\/","title":{"rendered":"GOLDEN HOME - Juego de manta de 6 piezas para cama de matrimonio en rosa"},"content":{"rendered":"<h3>Descripci\u00f3n de la<\/h3>\n<p>Los juegos de mantas, que abrigan en las noches fr\u00edas y son indispensables en cualquier hogar, siguen figurando entre los productos especiales de la familia Golden Home por su dise\u00f1o \u00fanico y su uso duradero.<\/p>\n<p>Al igual que nuestros conjuntos de piqu\u00e9, los conjuntos de edred\u00f3n Golden Home en encaje franc\u00e9s, confeccionados haciendo hincapi\u00e9 en los colores pastel, tienen un rico dise\u00f1o que se menciona a menudo en el sector textil del hogar, con guipur franc\u00e9s y adornos de perlas en los faldones. El edred\u00f3n tambi\u00e9n viene con ropa de cama y fundas de almohada de sat\u00e9n de algod\u00f3n.<\/p>\n<p>Compuestos por mantas, s\u00e1banas, dos fundas de almohada lisas y dos bordadas, los juegos de manta con doble cord\u00f3n de Golden Home le har\u00e1n sentir c\u00e1lido no s\u00f3lo cuando duerma, sino tambi\u00e9n cuando entre en su dormitorio, gracias a su aspecto elegante y a las decorativas colchas de los juegos de dote.<\/p>\n<p><strong>Juego de manta doble Berra<\/strong><\/p>\n<p>Color: rosa empolvado<br \/>\nDecke: 240x240 cm (1 St\u00fcck)<br \/>\nBettlaken: 235x235 cm (1 St\u00fcck)<br \/>\nFlacher Kissenbezug: 50x70 cm (2 St\u00fcck)<br \/>\nBestickter Kissenbezug: 50x70 cm (2 St\u00fcck)<\/p>\n<p><strong>Material<\/strong><\/p>\n<p>65% Algod\u00f3n<br \/>\n35% Poli\u00e9ster<\/p>\n<p>En las faldas de manta se utiliza guipur franc\u00e9s y perlas.<br \/>\nEn las s\u00e1banas y fundas de almohada se utiliza tejido de sat\u00e9n de algod\u00f3n.<\/p>\n<p>Nuestras recomendaciones de lavado y uso:<br \/>\nLas instrucciones de uso y lavado del producto que ha adquirido se encuentran en la etiqueta de costura del producto y en el envase.<\/p>","protected":false},"excerpt":{"rendered":"<h3>Artikelmerkmale<\/h3>\n<p>Estado del art\u00edculo: Nuevo con etiqueta: Art\u00edculo nuevo, sin usar y sin estrenar, en su embalaje original.<\/p>\n<table border=\"0\" frame=\"VOID\" rules=\"NONE\" cellspacing=\"0\">\n<colgroup>\n<col width=\"123\" \/>\n<col width=\"207\" \/><\/colgroup>\n<tbody>\n<tr>\n<td align=\"LEFT\" width=\"123\" height=\"17\">Anzahl der Teile:<\/td>\n<td align=\"LEFT\" width=\"207\">6-teilig<\/td>\n<\/tr>\n<tr>\n<td align=\"LEFT\" height=\"17\">Caracter\u00edsticas especiales:<\/td>\n<td align=\"LEFT\">Bestickt<\/td>\n<\/tr>\n<tr>\n<td align=\"LEFT\" height=\"17\">Breite:<\/td>\n<td align=\"LEFT\">240 cm<\/td>\n<\/tr>\n<tr>\n<td align=\"LEFT\" height=\"17\">Color:<\/td>\n<td align=\"LEFT\">Rosa empolvado<\/td>\n<\/tr>\n<tr>\n<td align=\"LEFT\" height=\"17\">F\u00fcllmaterial:<\/td>\n<td align=\"LEFT\">Poli\u00e9ster<\/td>\n<\/tr>\n<tr>\n<td align=\"LEFT\" height=\"17\">Futtermaterial:<\/td>\n<td align=\"LEFT\">Baumwollsatin<\/td>\n<\/tr>\n<tr>\n<td align=\"LEFT\" height=\"17\">Gr\u00f6\u00dfe:<\/td>\n<td align=\"LEFT\">Cama doble<\/td>\n<\/tr>\n<tr>\n<td align=\"LEFT\" height=\"17\">Herstellernummer:<\/td>\n<td align=\"LEFT\">nicht zutreffend<\/td>\n<\/tr>\n<tr>\n<td align=\"LEFT\" height=\"17\">L\u00e4nge:<\/td>\n<td align=\"LEFT\">240 cm<\/td>\n<\/tr>\n<tr>\n<td align=\"LEFT\" height=\"17\">Marke:<\/td>\n<td align=\"LEFT\">Casa de Oro<\/td>\n<\/tr>\n<tr>\n<td align=\"LEFT\" height=\"17\">Material:<\/td>\n<td align=\"LEFT\">65% algod\u00f3n, 35% poli\u00e9ster<\/td>\n<\/tr>\n<tr>\n<td align=\"LEFT\" height=\"17\">Patr\u00f3n:<\/td>\n<td align=\"LEFT\">Unicolor<\/td>\n<\/tr>\n<tr>\n<td align=\"LEFT\" height=\"17\">Pflegeanleitung:<\/td>\n<td align=\"LEFT\">Lavado a m\u00e1quina<\/td>\n<\/tr>\n<tr>\n<td align=\"LEFT\" height=\"17\">Produktart:<\/td>\n<td align=\"LEFT\">Tagesdecken Set<\/td>\n<\/tr>\n<tr>\n<td align=\"LEFT\" height=\"17\">Stil:<\/td>\n<td align=\"LEFT\">Romantik<\/td>\n<\/tr>\n<tr>\n<td align=\"LEFT\" height=\"17\">Thema:<\/td>\n<td align=\"LEFT\">Luxus<\/td>\n<\/tr>\n<tr>\n<td align=\"LEFT\" height=\"17\">Zimmer:<\/td>\n<td align=\"LEFT\">Schlafzimmer<\/td>\n<\/tr>\n<\/tbody>\n<\/table>","protected":false},"featured_media":79564,"comment_status":"open","ping_status":"closed","template":"","meta":{"_seopress_robots_primary_cat":"","_seopress_titles_title":"","_seopress_titles_desc":"","_seopress_robots_index":""},"product_brand":[],"product_cat":[1400,1420],"product_tag":[],"class_list":{"0":"post-79484","1":"product","2":"type-product","3":"status-publish","4":"has-post-thumbnail","6":"product_cat-wohnzubehoer","7":"product_cat-wohndekoration","8":"product_shipping_class-standard-versand","10":"first","11":"instock","12":"sale","13":"taxable","14":"shipping-taxable","15":"purchasable","16":"product-type-simple"},"_links":{"self":[{"href":"https:\/\/www.soanam.de\/es\/wp-json\/wp\/v2\/product\/79484","targetHints":{"allow":["GET"]}}],"collection":[{"href":"https:\/\/www.soanam.de\/es\/wp-json\/wp\/v2\/product"}],"about":[{"href":"https:\/\/www.soanam.de\/es\/wp-json\/wp\/v2\/types\/product"}],"replies":[{"embeddable":true,"href":"https:\/\/www.soanam.de\/es\/wp-json\/wp\/v2\/comments?post=79484"}],"wp:featuredmedia":[{"embeddable":true,"href":"https:\/\/www.soanam.de\/es\/wp-json\/wp\/v2\/media\/79564"}],"wp:attachment":[{"href":"https:\/\/www.soanam.de\/es\/wp-json\/wp\/v2\/media?parent=79484"}],"wp:term":[{"taxonomy":"product_brand","embeddable":true,"href":"https:\/\/www.soanam.de\/es\/wp-json\/wp\/v2\/product_brand?post=79484"},{"taxonomy":"product_cat","embeddable":true,"href":"https:\/\/www.soanam.de\/es\/wp-json\/wp\/v2\/product_cat?post=79484"},{"taxonomy":"product_tag","embeddable":true,"href":"https:\/\/www.soanam.de\/es\/wp-json\/wp\/v2\/product_tag?post=79484"}],"curies":[{"name":"wp","href":"https:\/\/api.w.org\/{rel}","templated":true}]}}