{"id":79407,"date":"2023-12-13T22:38:54","date_gmt":"2023-12-13T21:38:54","guid":{"rendered":"https:\/\/www.soanam.de\/?post_type=product&#038;p=79407"},"modified":"2025-10-17T08:20:17","modified_gmt":"2025-10-17T06:20:17","slug":"medosan-sujetador-con-aros-confort-dia-noche-en-pack-de-2-en-blanco-talla-90b-c-d","status":"publish","type":"product","link":"https:\/\/www.soanam.de\/es\/produkt\/medosan-buegelloser-bh-comfort-day-night-bra-im-2er-pack-in-weiss-groesse-90b-c-d\/","title":{"rendered":"Medosan sujetador con aros Comfort Day &amp; Night Bra en pack de 2, en color blanco, talla 90B\/C\/D"},"content":{"rendered":"<p>Sujetador sin aros Comfort Day &amp; Night Bra de Medosan<br \/>\nF\u00e1cil de poner gracias al cierre frontal<br \/>\nOhne st\u00f6rende N\u00e4hte - auch als Schlaf-BH geeignet<br \/>\nTirantes anchos y bajo el\u00e1stico ancho para un ajuste c\u00f3modo<br \/>\nSe adapta a la Copa B\/C\/D<br \/>\nMaterial transpirable y que absorbe la humedad<\/p>\n<p>El sujetador Comfort Day &amp; Night de Medosan es c\u00f3modo de llevar, sin aros ni costuras irritantes.<br \/>\nDispone de un cierre frontal para facilitar su colocaci\u00f3n.<br \/>\nLos tirantes extra anchos y el bajo el\u00e1stico m\u00e1s ancho garantizan un alto nivel de comodidad.<br \/>\nEl material el\u00e1stico, con un dise\u00f1o ondulado en forma de rombo, es transpirable y absorbe la humedad.<br \/>\nDer Bh im Doppelpack ist superbequem - auch als Schlaf-BH geeignet.<br \/>\nSe adapta a la Copa B\/C\/D.<\/p>\n<p>Material: algod\u00f3n 57%, poli\u00e9ster 38%, elastano 5%<br \/>\nInstrucciones de cuidado: Lavar a m\u00e1quina<\/p>\n<p>Color: blanco<br \/>\nMotivo: Rombo<br \/>\nTalla: 90B\/C\/D<\/p>\n<p>Circunferencia bajo el pecho: 90<br \/>\nTalla de copa: Copa B\/C\/D<\/p>","protected":false},"excerpt":{"rendered":"<table class=\"dv_characteristicsTable\">\n<caption>MASSANGABE<\/caption>\n<tbody>\n<tr>\n<td class=\"left\">Unterbrustumfang<\/td>\n<td>90<\/td>\n<\/tr>\n<\/tbody>\n<\/table>\n<table class=\"dv_characteristicsTable\">\n<caption>MATERIAL<\/caption>\n<tbody>\n<tr>\n<td class=\"left\">Composici\u00f3n del material<\/td>\n<td>Obermaterial: 57% Baumwolle, 38% Polyester, 5% Elasthan<\/td>\n<\/tr>\n<tr>\n<td class=\"left\">Instrucciones de cuidado<\/td>\n<td>Lavado a m\u00e1quina<\/td>\n<\/tr>\n<\/tbody>\n<\/table>\n<table class=\"dv_characteristicsTable\">\n<caption>OPTIK\/STIL<\/caption>\n<tbody>\n<tr>\n<td class=\"left\">Stil<\/td>\n<td>Basic<\/td>\n<\/tr>\n<\/tbody>\n<\/table>\n<table class=\"dv_characteristicsTable\">\n<caption>PASSFORM\/SCHNITT<\/caption>\n<tbody>\n<tr>\n<td class=\"left\">Empfohlen f\u00fcr Cupgr\u00f6\u00dfe<\/td>\n<td>B-D<\/td>\n<\/tr>\n<\/tbody>\n<\/table>\n<table class=\"dv_characteristicsTable\">\n<caption>K\u00d6RBCHEN \/ CUP<\/caption>\n<tbody>\n<tr>\n<td class=\"left\">Cupdetails<\/td>\n<td>nahtlos vorgeformt<\/td>\n<\/tr>\n<tr>\n<td class=\"left\">B\u00fcgel<\/td>\n<td>ohne B\u00fcgel<\/td>\n<\/tr>\n<\/tbody>\n<\/table>\n<table class=\"dv_characteristicsTable\">\n<caption>BH-TR\u00c4GER<\/caption>\n<tbody>\n<tr>\n<td class=\"left\">Tr\u00e4ger<\/td>\n<td>breite Tr\u00e4ger<\/td>\n<\/tr>\n<tr>\n<td class=\"left\">Tr\u00e4gerdetails<\/td>\n<td>nicht verstellbar<\/td>\n<\/tr>\n<\/tbody>\n<\/table>\n<table class=\"dv_characteristicsTable\">\n<caption>VERSCHLUSS<\/caption>\n<tbody>\n<tr>\n<td class=\"left\">Verschluss<\/td>\n<td>Haken &amp; \u00d6sen<\/td>\n<\/tr>\n<tr>\n<td class=\"left\">Verschlussdetails<\/td>\n<td>vorn<\/td>\n<\/tr>\n<\/tbody>\n<\/table>","protected":false},"featured_media":79519,"comment_status":"open","ping_status":"closed","template":"","meta":{"_seopress_robots_primary_cat":"","_seopress_titles_title":"","_seopress_titles_desc":"","_seopress_robots_index":""},"product_brand":[],"product_cat":[1348,1444,1516],"product_tag":[],"class_list":{"0":"post-79407","1":"product","2":"type-product","3":"status-publish","4":"has-post-thumbnail","6":"product_cat-damen-mode","7":"product_cat-unterwaesche","8":"product_cat-bhs","9":"product_shipping_class-standard-versand","11":"first","12":"outofstock","13":"sale","14":"taxable","15":"shipping-taxable","16":"purchasable","17":"product-type-simple"},"_links":{"self":[{"href":"https:\/\/www.soanam.de\/es\/wp-json\/wp\/v2\/product\/79407","targetHints":{"allow":["GET"]}}],"collection":[{"href":"https:\/\/www.soanam.de\/es\/wp-json\/wp\/v2\/product"}],"about":[{"href":"https:\/\/www.soanam.de\/es\/wp-json\/wp\/v2\/types\/product"}],"replies":[{"embeddable":true,"href":"https:\/\/www.soanam.de\/es\/wp-json\/wp\/v2\/comments?post=79407"}],"wp:featuredmedia":[{"embeddable":true,"href":"https:\/\/www.soanam.de\/es\/wp-json\/wp\/v2\/media\/79519"}],"wp:attachment":[{"href":"https:\/\/www.soanam.de\/es\/wp-json\/wp\/v2\/media?parent=79407"}],"wp:term":[{"taxonomy":"product_brand","embeddable":true,"href":"https:\/\/www.soanam.de\/es\/wp-json\/wp\/v2\/product_brand?post=79407"},{"taxonomy":"product_cat","embeddable":true,"href":"https:\/\/www.soanam.de\/es\/wp-json\/wp\/v2\/product_cat?post=79407"},{"taxonomy":"product_tag","embeddable":true,"href":"https:\/\/www.soanam.de\/es\/wp-json\/wp\/v2\/product_tag?post=79407"}],"curies":[{"name":"wp","href":"https:\/\/api.w.org\/{rel}","templated":true}]}}