{"id":79364,"date":"2023-12-13T22:38:09","date_gmt":"2023-12-13T21:38:09","guid":{"rendered":"https:\/\/www.soanam.de\/?post_type=product&#038;p=79364"},"modified":"2023-12-13T22:40:30","modified_gmt":"2023-12-13T21:40:30","slug":"sujetador-nuance-con-aros-y-bordado-en-topo-y-negro-talla-85e","status":"publish","type":"product","link":"https:\/\/www.soanam.de\/es\/produkt\/nuance-buegel-bh-mit-stickerei-in-taupe-und-schwarz-groesse-85e\/","title":{"rendered":"Sujetador de aros Nuance con bordado, en color topo y negro, talla 85E"},"content":{"rendered":"<p>Sujetador con aros de Nuance con corte optimizado<br \/>\nInserciones decorativas de encaje bordado en la parte superior de la copa<br \/>\nBonitos motivos bordados en los tirantes<br \/>\nCopas de doble capa para un buen moldeado<br \/>\nCon un sutil estampado de lunares<br \/>\nTirantes el\u00e1sticos ajustables y cierre trasero<\/p>\n<p>El encaje bordado en la parte superior de la copa y en los tirantes de la parte delantera crea un bonito aspecto. Las copas forradas y el soporte en los laterales crean un bonito busto y proporcionan sujeci\u00f3n.<br \/>\nLas bandas el\u00e1sticas m\u00e1s anchas a lo largo de los bordes, que no se cortan gracias a las costuras altamente el\u00e1sticas, garantizan un alto nivel de comodidad, mientras que el cierre trasero ofrece 3 opciones de ajuste.<\/p>\n<p>Material: 80% poliamida, 10% elast\u00e1n, 10% viscosa<br \/>\nInstrucciones de cuidado: Lavar a mano<\/p>\n<p>Color: topo, negro<br \/>\nPatr\u00f3n: punteado<br \/>\nTalla: 85E<\/p>\n<p>Circunferencia bajo el pecho: 85<br \/>\nTalla de copa: Copa E<\/p>","protected":false},"excerpt":{"rendered":"<table class=\"dv_characteristicsTable\">\n<caption>MASSANGABE<\/caption>\n<tbody>\n<tr>\n<td class=\"left\">K\u00f6rbchengr\u00f6\u00dfe<\/td>\n<td>Cup E<\/td>\n<\/tr>\n<tr>\n<td class=\"left\">Unterbrustumfang<\/td>\n<td>85<\/td>\n<\/tr>\n<\/tbody>\n<\/table>\n<table class=\"dv_characteristicsTable\">\n<caption>COLOR<\/caption>\n<tbody>\n<tr>\n<td class=\"left\">Color<\/td>\n<td>taupe<br \/>\nschwarz<\/td>\n<\/tr>\n<\/tbody>\n<\/table>\n<table class=\"dv_characteristicsTable\">\n<caption>MATERIAL<\/caption>\n<tbody>\n<tr>\n<td class=\"left\">Composici\u00f3n del material<\/td>\n<td>Obermaterial: 80% Polyamid, 10% Elasthan, 10% Viskose<\/td>\n<\/tr>\n<tr>\n<td class=\"left\">Materialart<\/td>\n<td>Microtouch<br \/>\nTop<\/td>\n<\/tr>\n<tr>\n<td class=\"left\">Instrucciones de cuidado<\/td>\n<td>Lavar a mano<\/td>\n<\/tr>\n<\/tbody>\n<\/table>\n<table class=\"dv_characteristicsTable\">\n<caption>OPTIK\/STIL<\/caption>\n<tbody>\n<tr>\n<td class=\"left\">Stil<\/td>\n<td>feminin<\/td>\n<\/tr>\n<\/tbody>\n<\/table>\n<table class=\"dv_characteristicsTable\">\n<caption>K\u00d6RBCHEN \/ CUP<\/caption>\n<tbody>\n<tr>\n<td class=\"left\">Cupdetails<\/td>\n<td>gef\u00fcttert<br \/>\nAbn\u00e4her<\/td>\n<\/tr>\n<tr>\n<td class=\"left\">B\u00fcgel<\/td>\n<td>mit B\u00fcgel<\/td>\n<\/tr>\n<\/tbody>\n<\/table>\n<table class=\"dv_characteristicsTable\">\n<caption>BH-TR\u00c4GER<\/caption>\n<tbody>\n<tr>\n<td class=\"left\">Tr\u00e4ger<\/td>\n<td>mit Tr\u00e4ger<\/td>\n<\/tr>\n<tr>\n<td class=\"left\">Tr\u00e4gerdetails<\/td>\n<td>verstellbar<br \/>\nTop<\/td>\n<\/tr>\n<\/tbody>\n<\/table>\n<table class=\"dv_characteristicsTable\">\n<caption>VERSCHLUSS<\/caption>\n<tbody>\n<tr>\n<td class=\"left\">Verschluss<\/td>\n<td>Haken &amp; \u00d6sen<\/td>\n<\/tr>\n<tr>\n<td class=\"left\">Verschlussdetails<\/td>\n<td>hinten<\/td>\n<\/tr>\n<\/tbody>\n<\/table>","protected":false},"featured_media":79480,"comment_status":"open","ping_status":"closed","template":"","meta":{"_seopress_robots_primary_cat":"","_seopress_titles_title":"","_seopress_titles_desc":"","_seopress_robots_index":""},"product_brand":[],"product_cat":[1348,1444,1516],"product_tag":[],"class_list":{"0":"post-79364","1":"product","2":"type-product","3":"status-publish","4":"has-post-thumbnail","6":"product_cat-damen-mode","7":"product_cat-unterwaesche","8":"product_cat-bhs","9":"product_shipping_class-standard-versand","11":"first","12":"instock","13":"sale","14":"taxable","15":"shipping-taxable","16":"purchasable","17":"product-type-simple"},"_links":{"self":[{"href":"https:\/\/www.soanam.de\/es\/wp-json\/wp\/v2\/product\/79364","targetHints":{"allow":["GET"]}}],"collection":[{"href":"https:\/\/www.soanam.de\/es\/wp-json\/wp\/v2\/product"}],"about":[{"href":"https:\/\/www.soanam.de\/es\/wp-json\/wp\/v2\/types\/product"}],"replies":[{"embeddable":true,"href":"https:\/\/www.soanam.de\/es\/wp-json\/wp\/v2\/comments?post=79364"}],"wp:featuredmedia":[{"embeddable":true,"href":"https:\/\/www.soanam.de\/es\/wp-json\/wp\/v2\/media\/79480"}],"wp:attachment":[{"href":"https:\/\/www.soanam.de\/es\/wp-json\/wp\/v2\/media?parent=79364"}],"wp:term":[{"taxonomy":"product_brand","embeddable":true,"href":"https:\/\/www.soanam.de\/es\/wp-json\/wp\/v2\/product_brand?post=79364"},{"taxonomy":"product_cat","embeddable":true,"href":"https:\/\/www.soanam.de\/es\/wp-json\/wp\/v2\/product_cat?post=79364"},{"taxonomy":"product_tag","embeddable":true,"href":"https:\/\/www.soanam.de\/es\/wp-json\/wp\/v2\/product_tag?post=79364"}],"curies":[{"name":"wp","href":"https:\/\/api.w.org\/{rel}","templated":true}]}}