{"id":79363,"date":"2023-12-13T22:38:08","date_gmt":"2023-12-13T21:38:08","guid":{"rendered":"https:\/\/www.soanam.de\/?post_type=product&#038;p=79363"},"modified":"2023-12-13T22:40:27","modified_gmt":"2023-12-13T21:40:27","slug":"sujetador-triumph-minimiser-urban-minimizer-w-en-vainilla-talla-75f","status":"publish","type":"product","link":"https:\/\/www.soanam.de\/es\/produkt\/triumph-minimizer-bh-urban-minimizer-w-in-vanille-groesse-75f\/","title":{"rendered":"Sujetador reductor Triumph Urban Minimizer W, en vainilla, talla 75F"},"content":{"rendered":"<p>Sujetador cl\u00e1sico con aros de Triumph<br \/>\nSujetador camiseta con un look sencillo<br \/>\nReduce visualmente el busto<br \/>\nCon perchas de confort<br \/>\nTirantes el\u00e1sticos ajustables y cierre trasero<\/p>\n<p>Un b\u00e1sico indispensable para cada d\u00eda.<br \/>\nEl corte especial y el material m\u00e1s grueso hacen que los pechos parezcan m\u00e1s peque\u00f1os.<br \/>\nLas copas moldeadas sin costuras se ajustan c\u00f3modamente sin costuras irritantes.<br \/>\nEl sujetador con aros Triumph impresiona por su sencillo aspecto b\u00e1sico, su perfecta comodidad y su funci\u00f3n minimizadora.<\/p>\n<p>Material: poli\u00e9ster 49%, poliamida 33%, elastano 18%<br \/>\nInstrucciones de cuidado: Lavar a mano<\/p>\n<p>Color: vainilla<br \/>\nPatr\u00f3n: sin<br \/>\nTalla: 75F<\/p>\n<p>Circunferencia bajo el pecho: 75<br \/>\nTama\u00f1o de la taza: Taza F<\/p>","protected":false},"excerpt":{"rendered":"<table class=\"dv_characteristicsTable\">\n<caption>MASSANGABE<\/caption>\n<tbody>\n<tr>\n<td class=\"left\">K\u00f6rbchengr\u00f6\u00dfe<\/td>\n<td>Cup F<\/td>\n<\/tr>\n<tr>\n<td class=\"left\">Unterbrustumfang<\/td>\n<td>75<\/td>\n<\/tr>\n<\/tbody>\n<\/table>\n<table class=\"dv_characteristicsTable\">\n<caption>COLOR<\/caption>\n<tbody>\n<tr>\n<td class=\"left\">Color<\/td>\n<td>vainilla<\/td>\n<\/tr>\n<\/tbody>\n<\/table>\n<table class=\"dv_characteristicsTable\">\n<caption>MATERIAL<\/caption>\n<tbody>\n<tr>\n<td class=\"left\">Composici\u00f3n del material<\/td>\n<td>Obermaterial: 49% Polyester, 33% Polyamid, 18% Elasthan LYCRA\u00ae<\/td>\n<\/tr>\n<tr>\n<td class=\"left\">Materialeigenschaften<\/td>\n<td>Lycra<\/td>\n<\/tr>\n<tr>\n<td class=\"left\">Instrucciones de cuidado<\/td>\n<td>Lavar a mano<\/td>\n<\/tr>\n<\/tbody>\n<\/table>\n<table class=\"dv_characteristicsTable\">\n<caption>OPTIK\/STIL<\/caption>\n<tbody>\n<tr>\n<td class=\"left\">Stil<\/td>\n<td>klassisch<\/td>\n<\/tr>\n<\/tbody>\n<\/table>\n<table class=\"dv_characteristicsTable\">\n<caption>FUNKTIONEN<\/caption>\n<tbody>\n<tr>\n<td class=\"left\">Funciones<\/td>\n<td>verkleinert optisch die Br\u00fcste<\/td>\n<\/tr>\n<\/tbody>\n<\/table>\n<table class=\"dv_characteristicsTable\">\n<caption>K\u00d6RBCHEN \/ CUP<\/caption>\n<tbody>\n<tr>\n<td class=\"left\">Cupdetails<\/td>\n<td>nahtlos vorgeformt<\/td>\n<\/tr>\n<tr>\n<td class=\"left\">B\u00fcgel<\/td>\n<td>mit B\u00fcgel<\/td>\n<\/tr>\n<\/tbody>\n<\/table>\n<table class=\"dv_characteristicsTable\">\n<caption>BH-TR\u00c4GER<\/caption>\n<tbody>\n<tr>\n<td class=\"left\">Tr\u00e4ger<\/td>\n<td>mit Tr\u00e4ger<\/td>\n<\/tr>\n<\/tbody>\n<\/table>\n<table class=\"dv_characteristicsTable\">\n<caption>BH-R\u00dcCKENTEIL<\/caption>\n<tbody>\n<tr>\n<td class=\"left\">R\u00fcckenteil<\/td>\n<td>normaler R\u00fccken<\/td>\n<\/tr>\n<\/tbody>\n<\/table>\n<table class=\"dv_characteristicsTable\">\n<caption>VERSCHLUSS<\/caption>\n<tbody>\n<tr>\n<td class=\"left\">Verschluss<\/td>\n<td>Haken &amp; \u00d6sen<\/td>\n<\/tr>\n<\/tbody>\n<\/table>","protected":false},"featured_media":79478,"comment_status":"open","ping_status":"closed","template":"","meta":{"_seopress_robots_primary_cat":"","_seopress_titles_title":"","_seopress_titles_desc":"","_seopress_robots_index":""},"product_brand":[],"product_cat":[1348,1444,1516],"product_tag":[],"class_list":{"0":"post-79363","1":"product","2":"type-product","3":"status-publish","4":"has-post-thumbnail","6":"product_cat-damen-mode","7":"product_cat-unterwaesche","8":"product_cat-bhs","9":"product_shipping_class-standard-versand","11":"first","12":"instock","13":"taxable","14":"shipping-taxable","15":"purchasable","16":"product-type-simple"},"_links":{"self":[{"href":"https:\/\/www.soanam.de\/es\/wp-json\/wp\/v2\/product\/79363","targetHints":{"allow":["GET"]}}],"collection":[{"href":"https:\/\/www.soanam.de\/es\/wp-json\/wp\/v2\/product"}],"about":[{"href":"https:\/\/www.soanam.de\/es\/wp-json\/wp\/v2\/types\/product"}],"replies":[{"embeddable":true,"href":"https:\/\/www.soanam.de\/es\/wp-json\/wp\/v2\/comments?post=79363"}],"wp:featuredmedia":[{"embeddable":true,"href":"https:\/\/www.soanam.de\/es\/wp-json\/wp\/v2\/media\/79478"}],"wp:attachment":[{"href":"https:\/\/www.soanam.de\/es\/wp-json\/wp\/v2\/media?parent=79363"}],"wp:term":[{"taxonomy":"product_brand","embeddable":true,"href":"https:\/\/www.soanam.de\/es\/wp-json\/wp\/v2\/product_brand?post=79363"},{"taxonomy":"product_cat","embeddable":true,"href":"https:\/\/www.soanam.de\/es\/wp-json\/wp\/v2\/product_cat?post=79363"},{"taxonomy":"product_tag","embeddable":true,"href":"https:\/\/www.soanam.de\/es\/wp-json\/wp\/v2\/product_tag?post=79363"}],"curies":[{"name":"wp","href":"https:\/\/api.w.org\/{rel}","templated":true}]}}