{"id":79362,"date":"2023-12-13T22:38:08","date_gmt":"2023-12-13T21:38:08","guid":{"rendered":"https:\/\/www.soanam.de\/?post_type=product&#038;p=79362"},"modified":"2023-12-13T22:40:23","modified_gmt":"2023-12-13T21:40:23","slug":"sujetador-triumph-minimiser-airy-sensation-w01-en-blanco-talla-95e","status":"publish","type":"product","link":"https:\/\/www.soanam.de\/es\/produkt\/triumph-minimizer-bh-airy-sensation-w01-in-weiss-groesse-95e\/","title":{"rendered":"Sujetador reductor Triumph Airy Sensation W01, en color blanco, talla 95E"},"content":{"rendered":"<p>Minimizer-BH \"Airy Sensation W1\" von Triumph<br \/>\nCopas moldeadas con forro opaco<br \/>\nCon red gr\u00e1fica<br \/>\nSujeci\u00f3n \u00f3ptima gracias al puente central m\u00e1s alto y a los tirantes m\u00e1s anchos y c\u00f3modos<br \/>\nLas innovadoras patillas con suspensi\u00f3n suave se adaptan a cada movimiento<br \/>\nTirantes ajustables y cierre en la espalda<\/p>\n<p>El sujetador reductor Triumph Airy Sensation W01 ofrece el m\u00e1ximo nivel de comodidad.<br \/>\nLas copas opacas moldeadas con moderna malla gr\u00e1fica ci\u00f1en firmemente el pecho y, junto con la barra central alta, proporcionan una sujeci\u00f3n fiable y c\u00f3moda hasta en tallas grandes. El corte especial hace que el pecho parezca hasta una talla m\u00e1s peque\u00f1o, mientras que los innovadores aros flexibles con suspensi\u00f3n suave se adaptan a cada movimiento.<\/p>\n<p>Material: 77% poliamida, 23% elastano LYCRA<br \/>\nInstrucciones de cuidado: Lavar a mano<\/p>\n<p>Color: blanco<br \/>\nPatr\u00f3n: gr\u00e1fico<br \/>\nTama\u00f1o: 95E<\/p>\n<p>Circunferencia bajo el pecho: 95<br \/>\nTalla de copa: Copa E<\/p>","protected":false},"excerpt":{"rendered":"<table class=\"dv_characteristicsTable\">\n<caption>MASSANGABE<\/caption>\n<tbody>\n<tr>\n<td class=\"left\">K\u00f6rbchengr\u00f6\u00dfe<\/td>\n<td>Cup E<\/td>\n<\/tr>\n<tr>\n<td class=\"left\">Unterbrustumfang<\/td>\n<td>95<\/td>\n<\/tr>\n<\/tbody>\n<\/table>\n<table class=\"dv_characteristicsTable\">\n<caption>COLOR<\/caption>\n<tbody>\n<tr>\n<td class=\"left\">Color<\/td>\n<td>wei\u00df<\/td>\n<\/tr>\n<\/tbody>\n<\/table>\n<table class=\"dv_characteristicsTable\">\n<caption>MATERIAL<\/caption>\n<tbody>\n<tr>\n<td class=\"left\">Composici\u00f3n del material<\/td>\n<td>Obermaterial: 77% Polyamid, 23% Elasthan LYCRA\u00ae<\/td>\n<\/tr>\n<tr>\n<td class=\"left\">Materialeigenschaften<\/td>\n<td>Lycra<\/td>\n<\/tr>\n<tr>\n<td class=\"left\">Instrucciones de cuidado<\/td>\n<td>Lavar a mano<\/td>\n<\/tr>\n<\/tbody>\n<\/table>\n<table class=\"dv_characteristicsTable\">\n<caption>FUNKTIONEN<\/caption>\n<tbody>\n<tr>\n<td class=\"left\">Funciones<\/td>\n<td>verkleinert optisch die Br\u00fcste<\/td>\n<\/tr>\n<\/tbody>\n<\/table>\n<table class=\"dv_characteristicsTable\">\n<caption>K\u00d6RBCHEN \/ CUP<\/caption>\n<tbody>\n<tr>\n<td class=\"left\">B\u00fcgel<\/td>\n<td>mit B\u00fcgel<\/td>\n<\/tr>\n<\/tbody>\n<\/table>\n<table class=\"dv_characteristicsTable\">\n<caption>BH-TR\u00c4GER<\/caption>\n<tbody>\n<tr>\n<td class=\"left\">Tr\u00e4ger<\/td>\n<td>mit Tr\u00e4ger<\/td>\n<\/tr>\n<\/tbody>\n<\/table>\n<table class=\"dv_characteristicsTable\">\n<caption>BH-R\u00dcCKENTEIL<\/caption>\n<tbody>\n<tr>\n<td class=\"left\">R\u00fcckenteil<\/td>\n<td>normaler R\u00fccken<\/td>\n<\/tr>\n<\/tbody>\n<\/table>\n<table class=\"dv_characteristicsTable\">\n<caption>VERSCHLUSS<\/caption>\n<tbody>\n<tr>\n<td class=\"left\">Verschluss<\/td>\n<td>Haken &amp; \u00d6sen<\/td>\n<\/tr>\n<\/tbody>\n<\/table>","protected":false},"featured_media":79475,"comment_status":"open","ping_status":"closed","template":"","meta":{"_seopress_robots_primary_cat":"","_seopress_titles_title":"","_seopress_titles_desc":"","_seopress_robots_index":""},"product_brand":[],"product_cat":[1348,1444,1516],"product_tag":[],"class_list":{"0":"post-79362","1":"product","2":"type-product","3":"status-publish","4":"has-post-thumbnail","6":"product_cat-damen-mode","7":"product_cat-unterwaesche","8":"product_cat-bhs","9":"product_shipping_class-standard-versand","11":"first","12":"instock","13":"sale","14":"taxable","15":"shipping-taxable","16":"purchasable","17":"product-type-simple"},"_links":{"self":[{"href":"https:\/\/www.soanam.de\/es\/wp-json\/wp\/v2\/product\/79362","targetHints":{"allow":["GET"]}}],"collection":[{"href":"https:\/\/www.soanam.de\/es\/wp-json\/wp\/v2\/product"}],"about":[{"href":"https:\/\/www.soanam.de\/es\/wp-json\/wp\/v2\/types\/product"}],"replies":[{"embeddable":true,"href":"https:\/\/www.soanam.de\/es\/wp-json\/wp\/v2\/comments?post=79362"}],"wp:featuredmedia":[{"embeddable":true,"href":"https:\/\/www.soanam.de\/es\/wp-json\/wp\/v2\/media\/79475"}],"wp:attachment":[{"href":"https:\/\/www.soanam.de\/es\/wp-json\/wp\/v2\/media?parent=79362"}],"wp:term":[{"taxonomy":"product_brand","embeddable":true,"href":"https:\/\/www.soanam.de\/es\/wp-json\/wp\/v2\/product_brand?post=79362"},{"taxonomy":"product_cat","embeddable":true,"href":"https:\/\/www.soanam.de\/es\/wp-json\/wp\/v2\/product_cat?post=79362"},{"taxonomy":"product_tag","embeddable":true,"href":"https:\/\/www.soanam.de\/es\/wp-json\/wp\/v2\/product_tag?post=79362"}],"curies":[{"name":"wp","href":"https:\/\/api.w.org\/{rel}","templated":true}]}}